{"id":1936,"date":"2023-08-16T10:57:40","date_gmt":"2023-08-16T08:57:40","guid":{"rendered":"https:\/\/www.aalborgsports.fr\/?page_id=1936"},"modified":"2023-08-16T11:16:52","modified_gmt":"2023-08-16T09:16:52","slug":"location-de-ski-les-deux-alpes","status":"publish","type":"page","link":"https:\/\/www.aalborgsports.fr\/en\/location-ski-les-deux-alpes\/location-de-ski-les-deux-alpes\/","title":{"rendered":"Ski rental les deux alpes"},"content":{"rendered":"\t\t<div data-elementor-type=\"wp-page\" data-elementor-id=\"1936\" class=\"elementor elementor-1936\" data-elementor-post-type=\"page\">\n\t\t\t\t\t\t<section class=\"elementor-section elementor-top-section elementor-element elementor-element-3b56a6c5 elementor-section-height-min-height elementor-hidden-phone elementor-section-boxed elementor-section-height-default elementor-section-items-middle\" data-id=\"3b56a6c5\" data-element_type=\"section\" data-e-type=\"section\" data-settings=\"{&quot;background_background&quot;:&quot;classic&quot;,&quot;background_motion_fx_motion_fx_scrolling&quot;:&quot;yes&quot;,&quot;background_motion_fx_translateY_effect&quot;:&quot;yes&quot;,&quot;background_motion_fx_translateY_speed&quot;:{&quot;unit&quot;:&quot;px&quot;,&quot;size&quot;:5.2,&quot;sizes&quot;:[]},&quot;background_motion_fx_translateY_affectedRange&quot;:{&quot;unit&quot;:&quot;%&quot;,&quot;size&quot;:&quot;&quot;,&quot;sizes&quot;:{&quot;start&quot;:14,&quot;end&quot;:100}},&quot;background_motion_fx_devices&quot;:[&quot;desktop&quot;,&quot;tablet&quot;],&quot;background_motion_fx_range&quot;:&quot;page&quot;}\">\n\t\t\t\t\t\t<div class=\"elementor-container elementor-column-gap-default\">\n\t\t\t\t\t<div class=\"elementor-column elementor-col-100 elementor-top-column elementor-element elementor-element-32ca4c41\" data-id=\"32ca4c41\" data-element_type=\"column\" data-e-type=\"column\">\n\t\t\t<div class=\"elementor-widget-wrap\">\n\t\t\t\t\t\t\t<\/div>\n\t\t<\/div>\n\t\t\t\t\t<\/div>\n\t\t<\/section>\n\t\t\t\t<section class=\"elementor-section elementor-top-section elementor-element elementor-element-1dcb4b37 elementor-section-boxed elementor-section-height-default elementor-section-height-default\" data-id=\"1dcb4b37\" data-element_type=\"section\" data-e-type=\"section\">\n\t\t\t\t\t\t<div class=\"elementor-container elementor-column-gap-default\">\n\t\t\t\t\t<div class=\"elementor-column elementor-col-100 elementor-top-column elementor-element elementor-element-46de6a3e\" data-id=\"46de6a3e\" data-element_type=\"column\" data-e-type=\"column\">\n\t\t\t<div class=\"elementor-widget-wrap elementor-element-populated\">\n\t\t\t\t\t\t<section class=\"elementor-section elementor-inner-section elementor-element elementor-element-55e75307 elementor-reverse-mobile elementor-section-boxed elementor-section-height-default elementor-section-height-default\" data-id=\"55e75307\" data-element_type=\"section\" data-e-type=\"section\">\n\t\t\t\t\t\t<div class=\"elementor-container elementor-column-gap-default\">\n\t\t\t\t\t<div class=\"elementor-column elementor-col-50 elementor-inner-column elementor-element elementor-element-5ebcc8a7\" data-id=\"5ebcc8a7\" data-element_type=\"column\" data-e-type=\"column\">\n\t\t\t<div class=\"elementor-widget-wrap elementor-element-populated\">\n\t\t\t\t\t\t<div class=\"elementor-element elementor-element-46f469fb elementor-widget-divider--view-line elementor-widget elementor-widget-divider\" data-id=\"46f469fb\" data-element_type=\"widget\" data-e-type=\"widget\" data-widget_type=\"divider.default\">\n\t\t\t\t<div class=\"elementor-widget-container\">\n\t\t\t\t\t\t\t<div class=\"elementor-divider\">\n\t\t\t<span class=\"elementor-divider-separator\">\n\t\t\t\t\t\t<\/span>\n\t\t<\/div>\n\t\t\t\t\t\t<\/div>\n\t\t\t\t<\/div>\n\t\t\t\t<div class=\"elementor-element elementor-element-6e56be55 elementor-widget elementor-widget-heading\" data-id=\"6e56be55\" data-element_type=\"widget\" data-e-type=\"widget\" data-widget_type=\"heading.default\">\n\t\t\t\t<div class=\"elementor-widget-container\">\n\t\t\t\t\t<h1 class=\"elementor-heading-title elementor-size-default\">Aalborg sports : la r\u00e9f\u00e9rence en location de ski les deux alpes<\/h1>\t\t\t\t<\/div>\n\t\t\t\t<\/div>\n\t\t\t\t<div class=\"elementor-element elementor-element-c314444 elementor-widget elementor-widget-text-editor\" data-id=\"c314444\" data-element_type=\"widget\" data-e-type=\"widget\" data-widget_type=\"text-editor.default\">\n\t\t\t\t<div class=\"elementor-widget-container\">\n\t\t\t\t\t\t\t\t\t<h2><span style=\"font-weight: 400;\">Un partenaire de choix pour vos sports d\u2019hiver aux 2 Alpes<\/span><\/h2><p><span style=\"font-weight: 400;\">Aalborg Sports appara\u00eet comme la r\u00e9f\u00e9rence pour la <a href=\"https:\/\/www.aalborgsports.fr\/location-materiel-location-ski-les-2-alpes\/\">location de ski<\/a> aux Deux Alpes. Implant\u00e9e au c\u0153ur de ce joyau d\u2019altitude \u00e0 la renomm\u00e9e internationale, notre boutique constitue le point de rendez-vous des amateurs de glisse, des novices aux experts. Rejoignez-nous pour des aventures hivernales inoubliables et vivez pleinement votre passion \u00e0 partir de la <a href=\"https:\/\/www.aalborgsports.fr\/location-ski-les-deux-alpes\/\">station mythique<\/a>.<\/span><\/p><p><span style=\"font-weight: 400;\">\u00a0<\/span><\/p><h2><span style=\"font-weight: 400;\">Des services de proximit\u00e9<\/span><\/h2><p><span style=\"font-weight: 400;\">Notre mission d\u00e9passe la simple location d\u2019\u00e9quipement de ski. Nous vous accompagnons tout au long de vos vacances pour vous garantir une exp\u00e9rience m\u00e9morable. La boutique Aalborg Sports, id\u00e9alement situ\u00e9e sur la piste et \u00e0 proximit\u00e9 du t\u00e9l\u00e9ph\u00e9rique Jandry Express, promet gain de temps et commodit\u00e9 d\u2019acc\u00e8s aux plaisirs enneig\u00e9s. De plus, nous proposons la consigne et le stockage de votre mat\u00e9riel, car votre confort demeure notre priorit\u00e9.\u00a0<\/span><\/p><p><span style=\"font-weight: 400;\">\u00a0<\/span><\/p><h2><span style=\"font-weight: 400;\">Un large choix de location de ski Les 2 Alpes<\/span><\/h2><p><span style=\"font-weight: 400;\">Aalborg Sports met tout en \u0153uvre pour vous offrir un large \u00e9ventail de skis de qualit\u00e9, adapt\u00e9s \u00e0 tous les niveaux et \u00e0 toutes les envies. Vous vous rangez parmi les adeptes de descentes effr\u00e9n\u00e9es, de virages en poudreuse ou de balades tranquilles\u00a0? Notre \u00e9quipe exp\u00e9riment\u00e9e vous conseille sur le choix du mat\u00e9riel qui convient le mieux \u00e0 votre style de glisse et aux conditions de la station. Ski, snowboard, raquettes : quel que soit votre sport d\u2019hiver favori, nous poss\u00e9dons l\u2019expertise pour vous orienter de mani\u00e8re ad\u00e9quate. Gr\u00e2ce aux \u00e9quipements dernier cri r\u00e9f\u00e9renc\u00e9s en magasin, vous profitez sereinement de votre s\u00e9jour sur les sommets de l\u2019Is\u00e8re. Partez \u00e0 la d\u00e9couverte du superbe domaine avec un casque et des b\u00e2tons offerts pour toute <a href=\"https:\/\/www.aalborgsports.fr\/location-ski-les-deux-alpes\/location-ski\/\">location de ski<\/a> aux Deux Alpes, car la s\u00e9curit\u00e9 n\u2019a pas de prix.<\/span><\/p><div id=\"kurato_extension_modal\">\u00a0<\/div><div id=\"kurato_extension_modal\">\u00a0<\/div>\t\t\t\t\t\t\t\t<\/div>\n\t\t\t\t<\/div>\n\t\t\t\t\t<\/div>\n\t\t<\/div>\n\t\t\t\t<div class=\"elementor-column elementor-col-50 elementor-inner-column elementor-element elementor-element-5462a9b7\" data-id=\"5462a9b7\" data-element_type=\"column\" data-e-type=\"column\">\n\t\t\t<div class=\"elementor-widget-wrap elementor-element-populated\">\n\t\t\t\t\t\t<div class=\"elementor-element elementor-element-3465e428 elementor--h-position-center elementor--v-position-middle elementor-arrows-position-inside elementor-widget elementor-widget-slides\" data-id=\"3465e428\" data-element_type=\"widget\" data-e-type=\"widget\" data-settings=\"{&quot;navigation&quot;:&quot;arrows&quot;,&quot;autoplay&quot;:&quot;yes&quot;,&quot;pause_on_hover&quot;:&quot;yes&quot;,&quot;pause_on_interaction&quot;:&quot;yes&quot;,&quot;autoplay_speed&quot;:5000,&quot;infinite&quot;:&quot;yes&quot;,&quot;transition&quot;:&quot;slide&quot;,&quot;transition_speed&quot;:500}\" data-widget_type=\"slides.default\">\n\t\t\t\t<div class=\"elementor-widget-container\">\n\t\t\t\t\t\t\t\t\t<div class=\"elementor-swiper\">\n\t\t\t\t\t<div class=\"elementor-slides-wrapper elementor-main-swiper swiper\" role=\"region\" aria-roledescription=\"carousel\" aria-label=\"Diapositives\" dir=\"ltr\" data-animation=\"fadeInUp\">\n\t\t\t\t<div class=\"swiper-wrapper elementor-slides\">\n\t\t\t\t\t\t\t\t\t\t<div class=\"elementor-repeater-item-3b06448 swiper-slide\" role=\"group\" aria-roledescription=\"slide\"><div class=\"swiper-slide-bg\" role=\"img\" aria-label=\"h\u00f4tel sous la neige - aalborg les deux alpes\"><\/div><div class=\"swiper-slide-inner\" ><div class=\"swiper-slide-contents\"><\/div><\/div><\/div>\t\t\t\t<\/div>\n\t\t\t\t\t\t\t<\/div>\n\t\t\t\t<\/div>\n\t\t\t\t\t\t\t\t<\/div>\n\t\t\t\t<\/div>\n\t\t\t\t\t<\/div>\n\t\t<\/div>\n\t\t\t\t\t<\/div>\n\t\t<\/section>\n\t\t\t\t\t<\/div>\n\t\t<\/div>\n\t\t\t\t\t<\/div>\n\t\t<\/section>\n\t\t\t\t<section class=\"elementor-section elementor-top-section elementor-element elementor-element-1322372 elementor-section-boxed elementor-section-height-default elementor-section-height-default\" data-id=\"1322372\" data-element_type=\"section\" data-e-type=\"section\">\n\t\t\t\t\t\t<div class=\"elementor-container elementor-column-gap-default\">\n\t\t\t\t\t<div class=\"elementor-column elementor-col-100 elementor-top-column elementor-element elementor-element-1b27f73a\" data-id=\"1b27f73a\" data-element_type=\"column\" data-e-type=\"column\">\n\t\t\t<div class=\"elementor-widget-wrap elementor-element-populated\">\n\t\t\t\t\t\t<section class=\"elementor-section elementor-inner-section elementor-element elementor-element-6bef354f elementor-section-boxed elementor-section-height-default elementor-section-height-default\" data-id=\"6bef354f\" data-element_type=\"section\" data-e-type=\"section\">\n\t\t\t\t\t\t<div class=\"elementor-container elementor-column-gap-default\">\n\t\t\t\t\t<div class=\"elementor-column elementor-col-50 elementor-inner-column elementor-element elementor-element-2b308c1a\" data-id=\"2b308c1a\" data-element_type=\"column\" data-e-type=\"column\">\n\t\t\t<div class=\"elementor-widget-wrap elementor-element-populated\">\n\t\t\t\t\t\t<div class=\"elementor-element elementor-element-21162fe6 elementor--h-position-center elementor--v-position-middle elementor-arrows-position-inside elementor-widget elementor-widget-slides\" data-id=\"21162fe6\" data-element_type=\"widget\" data-e-type=\"widget\" data-settings=\"{&quot;navigation&quot;:&quot;arrows&quot;,&quot;autoplay&quot;:&quot;yes&quot;,&quot;pause_on_hover&quot;:&quot;yes&quot;,&quot;pause_on_interaction&quot;:&quot;yes&quot;,&quot;autoplay_speed&quot;:5000,&quot;infinite&quot;:&quot;yes&quot;,&quot;transition&quot;:&quot;slide&quot;,&quot;transition_speed&quot;:500}\" data-widget_type=\"slides.default\">\n\t\t\t\t<div class=\"elementor-widget-container\">\n\t\t\t\t\t\t\t\t\t<div class=\"elementor-swiper\">\n\t\t\t\t\t<div class=\"elementor-slides-wrapper elementor-main-swiper swiper\" role=\"region\" aria-roledescription=\"carousel\" aria-label=\"Diapositives\" dir=\"ltr\" data-animation=\"fadeInUp\">\n\t\t\t\t<div class=\"swiper-wrapper elementor-slides\">\n\t\t\t\t\t\t\t\t\t\t<div class=\"elementor-repeater-item-acc8828 swiper-slide\" role=\"group\" aria-roledescription=\"slide\"><div class=\"swiper-slide-bg\" role=\"img\" aria-label=\"Une m\u00e8re et son fils qui skient - location ski les deux alpes\"><\/div><div class=\"swiper-slide-inner\" ><div class=\"swiper-slide-contents\"><\/div><\/div><\/div>\t\t\t\t<\/div>\n\t\t\t\t\t\t\t<\/div>\n\t\t\t\t<\/div>\n\t\t\t\t\t\t\t\t<\/div>\n\t\t\t\t<\/div>\n\t\t\t\t\t<\/div>\n\t\t<\/div>\n\t\t\t\t<div class=\"elementor-column elementor-col-50 elementor-inner-column elementor-element elementor-element-3d228b9\" data-id=\"3d228b9\" data-element_type=\"column\" data-e-type=\"column\">\n\t\t\t<div class=\"elementor-widget-wrap elementor-element-populated\">\n\t\t\t\t\t\t<div class=\"elementor-element elementor-element-627d288f elementor-widget-divider--view-line elementor-widget elementor-widget-divider\" data-id=\"627d288f\" data-element_type=\"widget\" data-e-type=\"widget\" data-widget_type=\"divider.default\">\n\t\t\t\t<div class=\"elementor-widget-container\">\n\t\t\t\t\t\t\t<div class=\"elementor-divider\">\n\t\t\t<span class=\"elementor-divider-separator\">\n\t\t\t\t\t\t<\/span>\n\t\t<\/div>\n\t\t\t\t\t\t<\/div>\n\t\t\t\t<\/div>\n\t\t\t\t<div class=\"elementor-element elementor-element-4bdd80d2 elementor-widget elementor-widget-text-editor\" data-id=\"4bdd80d2\" data-element_type=\"widget\" data-e-type=\"widget\" data-widget_type=\"text-editor.default\">\n\t\t\t\t<div class=\"elementor-widget-container\">\n\t\t\t\t\t\t\t\t\t<h2><span style=\"font-weight: 400;\">Les Deux Alpes, le paradis des skieurs<\/span><\/h2><p><span style=\"font-weight: 400;\">Nich\u00e9e au c\u0153ur des Alpes fran\u00e7aises, la station <a href=\"https:\/\/www.aalborgsports.fr\/location-ski-les-deux-alpes\/\">Les Deux Alpes<\/a> est un v\u00e9ritable \u00e9crin de bonheur pour les amateurs de grands espaces, de nature et de libert\u00e9. Avec ses pentes culminant jusqu\u2019\u00e0 3600\u00a0m\u00e8tres d\u2019altitude et ses paysages \u00e0 couper le souffle, elle offre des opportunit\u00e9s de glisse uniques. Le domaine skiable et ses 410\u00a0hectares de pistes balis\u00e9es constituent un formidable terrain de jeu enneig\u00e9, m\u00eame en \u00e9t\u00e9, au niveau du glacier. Voil\u00e0 de quoi motiver plus d\u2019un sportif \u00e0 r\u00e9server son forfait sans tarder et \u00e0 d\u00e9couvrir nos packs de location de ski Les Deux Alpes.<\/span><\/p><h2><span style=\"font-weight: 400;\">Des activit\u00e9s pour tous les s\u00e9jours<\/span><\/h2><p><span style=\"font-weight: 400;\">Le massif des \u00c9crins permet de s\u2019adonner \u00e0 une multitude d\u2019activit\u00e9s et comble ses visiteurs tout au long de l\u2019ann\u00e9e. Lorsque la neige fond, la station se transforme en un v\u00e9ritable eldorado estival pour les amoureux de la montagne. Les randonn\u00e9es p\u00e9destres et VTT donnent acc\u00e8s \u00e0 de grandioses panoramas sur les sommets alentour. Les adeptes de sensations fortes peuvent s\u2019essayer \u00e0 l\u2019escalade ou au parapente, tandis que les passionn\u00e9s de nature appr\u00e9cieront les balades dans les for\u00eats alpines.<\/span><\/p><h2><span style=\"font-weight: 400;\">Une ambiance chaleureuse et conviviale<\/span><\/h2><p><span style=\"font-weight: 400;\">Outre ses pentes enneig\u00e9es, la station brille \u00e0 l\u2019international par son atmosph\u00e8re chaleureuse et conviviale. Au d\u00e9tour de ses rues anim\u00e9es, d\u00e9couvrez de nombreux commerces, restaurants, et lieux de d\u00e9tente. <a href=\"https:\/\/www.aalborgsports.fr\/notre-histoire-aalborg-sports\/\">Aalborg Sports<\/a> s\u2019inscrit parfaitement dans cette ambiance accueillante, en offrant des \u00e9quipements de qualit\u00e9 et un service personnalis\u00e9 pour la <a href=\"https:\/\/www.aalborgsports.fr\/location-ski-les-deux-alpes\/location-2-alpes\/\">location de ski aux Deux Alpes<\/a>.<\/span><\/p><div id=\"kurato_extension_modal\">\u00a0<\/div>\t\t\t\t\t\t\t\t<\/div>\n\t\t\t\t<\/div>\n\t\t\t\t\t<\/div>\n\t\t<\/div>\n\t\t\t\t\t<\/div>\n\t\t<\/section>\n\t\t\t\t\t<\/div>\n\t\t<\/div>\n\t\t\t\t\t<\/div>\n\t\t<\/section>\n\t\t\t\t<\/div>\n\t\t","protected":false},"excerpt":{"rendered":"<p>Aalborg sports : la r\u00e9f\u00e9rence en location de ski les deux alpes Un partenaire de choix pour vos sports d\u2019hiver aux 2 Alpes Aalborg Sports appara\u00eet comme la r\u00e9f\u00e9rence pour la location de ski aux Deux Alpes. Implant\u00e9e au c\u0153ur de ce joyau d\u2019altitude \u00e0 la renomm\u00e9e internationale, notre boutique constitue le point de rendez-vous [&hellip;]<\/p>\n","protected":false},"author":7,"featured_media":0,"parent":246,"menu_order":0,"comment_status":"closed","ping_status":"closed","template":"","meta":{"inline_featured_image":false,"footnotes":""},"class_list":["post-1936","page","type-page","status-publish","hentry"],"_links":{"self":[{"href":"https:\/\/www.aalborgsports.fr\/en\/wp-json\/wp\/v2\/pages\/1936","targetHints":{"allow":["GET"]}}],"collection":[{"href":"https:\/\/www.aalborgsports.fr\/en\/wp-json\/wp\/v2\/pages"}],"about":[{"href":"https:\/\/www.aalborgsports.fr\/en\/wp-json\/wp\/v2\/types\/page"}],"author":[{"embeddable":true,"href":"https:\/\/www.aalborgsports.fr\/en\/wp-json\/wp\/v2\/users\/7"}],"replies":[{"embeddable":true,"href":"https:\/\/www.aalborgsports.fr\/en\/wp-json\/wp\/v2\/comments?post=1936"}],"version-history":[{"count":4,"href":"https:\/\/www.aalborgsports.fr\/en\/wp-json\/wp\/v2\/pages\/1936\/revisions"}],"predecessor-version":[{"id":1941,"href":"https:\/\/www.aalborgsports.fr\/en\/wp-json\/wp\/v2\/pages\/1936\/revisions\/1941"}],"up":[{"embeddable":true,"href":"https:\/\/www.aalborgsports.fr\/en\/wp-json\/wp\/v2\/pages\/246"}],"wp:attachment":[{"href":"https:\/\/www.aalborgsports.fr\/en\/wp-json\/wp\/v2\/media?parent=1936"}],"curies":[{"name":"wp","href":"https:\/\/api.w.org\/{rel}","templated":true}]}}