{"id":1967,"date":"2023-10-11T14:19:12","date_gmt":"2023-10-11T12:19:12","guid":{"rendered":"https:\/\/www.aalborgsports.fr\/?page_id=1967"},"modified":"2023-10-11T14:52:55","modified_gmt":"2023-10-11T12:52:55","slug":"magasin-de-ski-les-deux-alpes","status":"publish","type":"page","link":"https:\/\/www.aalborgsports.fr\/en\/location-ski-les-deux-alpes\/magasin-de-ski-les-deux-alpes\/","title":{"rendered":"Les Deux Alpes ski shop"},"content":{"rendered":"\t\t<div data-elementor-type=\"wp-page\" data-elementor-id=\"1967\" class=\"elementor elementor-1967\" data-elementor-post-type=\"page\">\n\t\t\t\t\t\t<section class=\"elementor-section elementor-top-section elementor-element elementor-element-3b56a6c5 elementor-section-height-min-height elementor-hidden-phone elementor-section-boxed elementor-section-height-default elementor-section-items-middle\" data-id=\"3b56a6c5\" data-element_type=\"section\" data-e-type=\"section\" data-settings=\"{&quot;background_background&quot;:&quot;classic&quot;,&quot;background_motion_fx_motion_fx_scrolling&quot;:&quot;yes&quot;,&quot;background_motion_fx_translateY_effect&quot;:&quot;yes&quot;,&quot;background_motion_fx_translateY_speed&quot;:{&quot;unit&quot;:&quot;px&quot;,&quot;size&quot;:5.2,&quot;sizes&quot;:[]},&quot;background_motion_fx_translateY_affectedRange&quot;:{&quot;unit&quot;:&quot;%&quot;,&quot;size&quot;:&quot;&quot;,&quot;sizes&quot;:{&quot;start&quot;:14,&quot;end&quot;:100}},&quot;background_motion_fx_devices&quot;:[&quot;desktop&quot;,&quot;tablet&quot;],&quot;background_motion_fx_range&quot;:&quot;page&quot;}\">\n\t\t\t\t\t\t<div class=\"elementor-container elementor-column-gap-default\">\n\t\t\t\t\t<div class=\"elementor-column elementor-col-100 elementor-top-column elementor-element elementor-element-32ca4c41\" data-id=\"32ca4c41\" data-element_type=\"column\" data-e-type=\"column\">\n\t\t\t<div class=\"elementor-widget-wrap\">\n\t\t\t\t\t\t\t<\/div>\n\t\t<\/div>\n\t\t\t\t\t<\/div>\n\t\t<\/section>\n\t\t\t\t<section class=\"elementor-section elementor-top-section elementor-element elementor-element-1dcb4b37 elementor-section-boxed elementor-section-height-default elementor-section-height-default\" data-id=\"1dcb4b37\" data-element_type=\"section\" data-e-type=\"section\">\n\t\t\t\t\t\t<div class=\"elementor-container elementor-column-gap-default\">\n\t\t\t\t\t<div class=\"elementor-column elementor-col-100 elementor-top-column elementor-element elementor-element-46de6a3e\" data-id=\"46de6a3e\" data-element_type=\"column\" data-e-type=\"column\">\n\t\t\t<div class=\"elementor-widget-wrap elementor-element-populated\">\n\t\t\t\t\t\t<section class=\"elementor-section elementor-inner-section elementor-element elementor-element-55e75307 elementor-reverse-mobile elementor-section-boxed elementor-section-height-default elementor-section-height-default\" data-id=\"55e75307\" data-element_type=\"section\" data-e-type=\"section\">\n\t\t\t\t\t\t<div class=\"elementor-container elementor-column-gap-default\">\n\t\t\t\t\t<div class=\"elementor-column elementor-col-50 elementor-inner-column elementor-element elementor-element-5ebcc8a7\" data-id=\"5ebcc8a7\" data-element_type=\"column\" data-e-type=\"column\">\n\t\t\t<div class=\"elementor-widget-wrap elementor-element-populated\">\n\t\t\t\t\t\t<div class=\"elementor-element elementor-element-46f469fb elementor-widget-divider--view-line elementor-widget elementor-widget-divider\" data-id=\"46f469fb\" data-element_type=\"widget\" data-e-type=\"widget\" data-widget_type=\"divider.default\">\n\t\t\t\t<div class=\"elementor-widget-container\">\n\t\t\t\t\t\t\t<div class=\"elementor-divider\">\n\t\t\t<span class=\"elementor-divider-separator\">\n\t\t\t\t\t\t<\/span>\n\t\t<\/div>\n\t\t\t\t\t\t<\/div>\n\t\t\t\t<\/div>\n\t\t\t\t<div class=\"elementor-element elementor-element-6e56be55 elementor-widget elementor-widget-heading\" data-id=\"6e56be55\" data-element_type=\"widget\" data-e-type=\"widget\" data-widget_type=\"heading.default\">\n\t\t\t\t<div class=\"elementor-widget-container\">\n\t\t\t\t\t<h1 class=\"elementor-heading-title elementor-size-default\">Magasin de ski les deux alpes : pourquoi choisir Aalborg Sports<\/h1>\t\t\t\t<\/div>\n\t\t\t\t<\/div>\n\t\t\t\t<div class=\"elementor-element elementor-element-c314444 elementor-widget elementor-widget-text-editor\" data-id=\"c314444\" data-element_type=\"widget\" data-e-type=\"widget\" data-widget_type=\"text-editor.default\">\n\t\t\t\t<div class=\"elementor-widget-container\">\n\t\t\t\t\t\t\t\t\t<p>Aalborg Sports, votre <a href=\"https:\/\/www.aalborgsports.fr\/location-materiel-location-ski-les-2-alpes\/\">magasin de ski les deux alpes<\/a> est le fournisseur d\u2019\u00e9quipements par excellence pour vos activit\u00e9s \u00e0 la montagne. La location ski n\u2019a jamais \u00e9t\u00e9 aussi facile et s\u00fbre gr\u00e2ce \u00e0 nos services et conseils professionnels. Votre s\u00e9jour d\u00e9di\u00e9 aux sports d\u2019hiver repr\u00e9sente une v\u00e9ritable bouff\u00e9e d\u2019oxyg\u00e8ne en altitude et vous cr\u00e9ez des souvenirs inoubliables en famille ou entre amis, au c\u0153ur d\u2019une station mythique.<\/p><p><span style=\"font-weight: 400;\">\u00a0<\/span><\/p><h2><span style=\"font-weight: 400;\">Louer ses skis au pied des pistes\u00a0<\/span><\/h2><p>Notre magasin de ski les deux alpes Aalborg Sport poss\u00e8de un avantage de taille alors que vous consid\u00e9rez vos options pour la location de votre mat\u00e9riel.\u00a0<\/p><p>En effet, la boutique vous accueille sur les pistes, juste \u00e0 c\u00f4t\u00e9 des remont\u00e9es m\u00e9caniques Jandry Express et du t\u00e9l\u00e9si\u00e8ge du diable. Nous savons que la praticit\u00e9 et le confort demeurent une priorit\u00e9 pour les pratiquants de sports de montagne. C\u2019est le cas en ce qui concerne l\u2019aisance ressentie lorsque l\u2019on porte les v\u00eatements propos\u00e9s par notre magasin de ski les deux Alpes, par exemple. Mais la question de la facilit\u00e9 d\u2019acc\u00e8s \u00e0 l\u2019\u00e9quipement est \u00e9galement essentielle. Plus besoin de transporter ses skis, ses b\u00e2tons, son casque et ses chaussures sur des centaines de m\u00e8tres. Choisir Aalborg Sports, c\u2019est la garantie de consacrer son temps uniquement au plaisir de la glisse, sans souci superflu\u00a0! En fin de journ\u00e9e, satisfait par l\u2019effort, l\u2019adr\u00e9naline et les paysages incroyables de la station <a href=\"https:\/\/www.aalborgsports.fr\/location-ski-les-deux-alpes\/\">Les 2\u00a0Alpes<\/a>, passez par le shop et confiez-nous tout votre \u00e9quipement. Lors de votre prochaine session de ride, retrouvez vos chaussures chauff\u00e9es pour d\u00e9marrer du bon pied\u00a0!<\/p>\t\t\t\t\t\t\t\t<\/div>\n\t\t\t\t<\/div>\n\t\t\t\t\t<\/div>\n\t\t<\/div>\n\t\t\t\t<div class=\"elementor-column elementor-col-50 elementor-inner-column elementor-element elementor-element-5462a9b7\" data-id=\"5462a9b7\" data-element_type=\"column\" data-e-type=\"column\">\n\t\t\t<div class=\"elementor-widget-wrap elementor-element-populated\">\n\t\t\t\t\t\t<div class=\"elementor-element elementor-element-3465e428 elementor--h-position-center elementor--v-position-middle elementor-arrows-position-inside elementor-widget elementor-widget-slides\" data-id=\"3465e428\" data-element_type=\"widget\" data-e-type=\"widget\" data-settings=\"{&quot;navigation&quot;:&quot;arrows&quot;,&quot;autoplay&quot;:&quot;yes&quot;,&quot;pause_on_hover&quot;:&quot;yes&quot;,&quot;pause_on_interaction&quot;:&quot;yes&quot;,&quot;autoplay_speed&quot;:5000,&quot;infinite&quot;:&quot;yes&quot;,&quot;transition&quot;:&quot;slide&quot;,&quot;transition_speed&quot;:500}\" data-widget_type=\"slides.default\">\n\t\t\t\t<div class=\"elementor-widget-container\">\n\t\t\t\t\t\t\t\t\t<div class=\"elementor-swiper\">\n\t\t\t\t\t<div class=\"elementor-slides-wrapper elementor-main-swiper swiper\" role=\"region\" aria-roledescription=\"carousel\" aria-label=\"Diapositives\" dir=\"ltr\" data-animation=\"fadeInUp\">\n\t\t\t\t<div class=\"swiper-wrapper elementor-slides\">\n\t\t\t\t\t\t\t\t\t\t<div class=\"elementor-repeater-item-3b06448 swiper-slide\" role=\"group\" aria-roledescription=\"slide\"><div class=\"swiper-slide-bg\" role=\"img\" aria-label=\"skieur en combinaison orange - magasin de ski les deux alpes\"><\/div><div class=\"swiper-slide-inner\" ><div class=\"swiper-slide-contents\"><\/div><\/div><\/div>\t\t\t\t<\/div>\n\t\t\t\t\t\t\t<\/div>\n\t\t\t\t<\/div>\n\t\t\t\t\t\t\t\t<\/div>\n\t\t\t\t<\/div>\n\t\t\t\t\t<\/div>\n\t\t<\/div>\n\t\t\t\t\t<\/div>\n\t\t<\/section>\n\t\t\t\t\t<\/div>\n\t\t<\/div>\n\t\t\t\t\t<\/div>\n\t\t<\/section>\n\t\t\t\t<section class=\"elementor-section elementor-top-section elementor-element elementor-element-1322372 elementor-section-boxed elementor-section-height-default elementor-section-height-default\" data-id=\"1322372\" data-element_type=\"section\" data-e-type=\"section\">\n\t\t\t\t\t\t<div class=\"elementor-container elementor-column-gap-default\">\n\t\t\t\t\t<div class=\"elementor-column elementor-col-100 elementor-top-column elementor-element elementor-element-1b27f73a\" data-id=\"1b27f73a\" data-element_type=\"column\" data-e-type=\"column\">\n\t\t\t<div class=\"elementor-widget-wrap elementor-element-populated\">\n\t\t\t\t\t\t<section class=\"elementor-section elementor-inner-section elementor-element elementor-element-6bef354f elementor-section-boxed elementor-section-height-default elementor-section-height-default\" data-id=\"6bef354f\" data-element_type=\"section\" data-e-type=\"section\">\n\t\t\t\t\t\t<div class=\"elementor-container elementor-column-gap-default\">\n\t\t\t\t\t<div class=\"elementor-column elementor-col-50 elementor-inner-column elementor-element elementor-element-2b308c1a\" data-id=\"2b308c1a\" data-element_type=\"column\" data-e-type=\"column\">\n\t\t\t<div class=\"elementor-widget-wrap elementor-element-populated\">\n\t\t\t\t\t\t<div class=\"elementor-element elementor-element-21162fe6 elementor--h-position-center elementor--v-position-middle elementor-arrows-position-inside elementor-widget elementor-widget-slides\" data-id=\"21162fe6\" data-element_type=\"widget\" data-e-type=\"widget\" data-settings=\"{&quot;navigation&quot;:&quot;arrows&quot;,&quot;autoplay&quot;:&quot;yes&quot;,&quot;pause_on_hover&quot;:&quot;yes&quot;,&quot;pause_on_interaction&quot;:&quot;yes&quot;,&quot;autoplay_speed&quot;:5000,&quot;infinite&quot;:&quot;yes&quot;,&quot;transition&quot;:&quot;slide&quot;,&quot;transition_speed&quot;:500}\" data-widget_type=\"slides.default\">\n\t\t\t\t<div class=\"elementor-widget-container\">\n\t\t\t\t\t\t\t\t\t<div class=\"elementor-swiper\">\n\t\t\t\t\t<div class=\"elementor-slides-wrapper elementor-main-swiper swiper\" role=\"region\" aria-roledescription=\"carousel\" aria-label=\"Diapositives\" dir=\"ltr\" data-animation=\"fadeInUp\">\n\t\t\t\t<div class=\"swiper-wrapper elementor-slides\">\n\t\t\t\t\t\t\t\t\t\t<div class=\"elementor-repeater-item-acc8828 swiper-slide\" role=\"group\" aria-roledescription=\"slide\"><div class=\"swiper-slide-bg\" role=\"img\" aria-label=\"skieur qui saute - magasin de ski les deux alpes\"><\/div><div class=\"swiper-slide-inner\" ><div class=\"swiper-slide-contents\"><\/div><\/div><\/div>\t\t\t\t<\/div>\n\t\t\t\t\t\t\t<\/div>\n\t\t\t\t<\/div>\n\t\t\t\t\t\t\t\t<\/div>\n\t\t\t\t<\/div>\n\t\t\t\t\t<\/div>\n\t\t<\/div>\n\t\t\t\t<div class=\"elementor-column elementor-col-50 elementor-inner-column elementor-element elementor-element-3d228b9\" data-id=\"3d228b9\" data-element_type=\"column\" data-e-type=\"column\">\n\t\t\t<div class=\"elementor-widget-wrap elementor-element-populated\">\n\t\t\t\t\t\t<div class=\"elementor-element elementor-element-627d288f elementor-widget-divider--view-line elementor-widget elementor-widget-divider\" data-id=\"627d288f\" data-element_type=\"widget\" data-e-type=\"widget\" data-widget_type=\"divider.default\">\n\t\t\t\t<div class=\"elementor-widget-container\">\n\t\t\t\t\t\t\t<div class=\"elementor-divider\">\n\t\t\t<span class=\"elementor-divider-separator\">\n\t\t\t\t\t\t<\/span>\n\t\t<\/div>\n\t\t\t\t\t\t<\/div>\n\t\t\t\t<\/div>\n\t\t\t\t<div class=\"elementor-element elementor-element-4bdd80d2 elementor-widget elementor-widget-text-editor\" data-id=\"4bdd80d2\" data-element_type=\"widget\" data-e-type=\"widget\" data-widget_type=\"text-editor.default\">\n\t\t\t\t<div class=\"elementor-widget-container\">\n\t\t\t\t\t\t\t\t\t<h2><span style=\"font-weight: 400;\">Trouver l\u2019\u00e9quipement adapt\u00e9 \u00e0 sa pratique<\/span><\/h2><p>Vous d\u00e9butez et avez besoin de conseils pour vous permettre la meilleure entr\u00e9e en mati\u00e8re dans votre discipline\u00a0? Vous d\u00e9valez les pistes noires \u00e0 la vitesse de l\u2019\u00e9clair et les bosses sont votre terrain de jeu pr\u00e9f\u00e9r\u00e9\u00a0? Choisissez le magasin de ski les deux alpes Aalborg Sports, vous vivrez des moments de pur bonheur en montagne. Les adultes comme les enfants trouvent chaussure \u00e0 leur pied au sein de notre boutique. Une \u00e9quipe de professionnels qualifi\u00e9s et attentionn\u00e9s vous accueille chaleureusement et vous repartez \u00e9quip\u00e9s pour flirter avec les sommets de l\u2019un des plus grands domaines skiables d\u2019Europe. Tout d\u2019abord, nos conseillers vous questionnent sur votre niveau. Puis, en fonction de votre taille, votre poids et des sensations que vous voulez exp\u00e9rimenter, ils vous orientent vers des skis de forme et longueur diff\u00e9rentes. Ou peut-\u00eatre que vous souhaitez essayer le snowboard\u00a0? La boutique offre un large choix d\u2019\u00e9quipements, pour les randonn\u00e9es en raquettes ou en peau de phoque, le ski nordique, de fond, le snow\u2026 Voil\u00e0 l\u2019occasion de sortir des sentiers battus, sans faire de hors-piste\u00a0!<\/p><div id=\"kurato_extension_modal\">\u00a0<\/div>\t\t\t\t\t\t\t\t<\/div>\n\t\t\t\t<\/div>\n\t\t\t\t\t<\/div>\n\t\t<\/div>\n\t\t\t\t\t<\/div>\n\t\t<\/section>\n\t\t\t\t\t<\/div>\n\t\t<\/div>\n\t\t\t\t\t<\/div>\n\t\t<\/section>\n\t\t\t\t<section class=\"elementor-section elementor-top-section elementor-element elementor-element-5e953bf elementor-section-boxed elementor-section-height-default elementor-section-height-default\" data-id=\"5e953bf\" data-element_type=\"section\" data-e-type=\"section\">\n\t\t\t\t\t\t<div class=\"elementor-container elementor-column-gap-default\">\n\t\t\t\t\t<div class=\"elementor-column elementor-col-100 elementor-top-column elementor-element elementor-element-71690c6\" data-id=\"71690c6\" data-element_type=\"column\" data-e-type=\"column\">\n\t\t\t<div class=\"elementor-widget-wrap elementor-element-populated\">\n\t\t\t\t\t\t<section class=\"elementor-section elementor-inner-section elementor-element elementor-element-1df29a6 elementor-reverse-mobile elementor-section-boxed elementor-section-height-default elementor-section-height-default\" data-id=\"1df29a6\" data-element_type=\"section\" data-e-type=\"section\">\n\t\t\t\t\t\t<div class=\"elementor-container elementor-column-gap-default\">\n\t\t\t\t\t<div class=\"elementor-column elementor-col-50 elementor-inner-column elementor-element elementor-element-a348419\" data-id=\"a348419\" data-element_type=\"column\" data-e-type=\"column\">\n\t\t\t<div class=\"elementor-widget-wrap elementor-element-populated\">\n\t\t\t\t\t\t<div class=\"elementor-element elementor-element-c63234f elementor-widget-divider--view-line elementor-widget elementor-widget-divider\" data-id=\"c63234f\" data-element_type=\"widget\" data-e-type=\"widget\" data-widget_type=\"divider.default\">\n\t\t\t\t<div class=\"elementor-widget-container\">\n\t\t\t\t\t\t\t<div class=\"elementor-divider\">\n\t\t\t<span class=\"elementor-divider-separator\">\n\t\t\t\t\t\t<\/span>\n\t\t<\/div>\n\t\t\t\t\t\t<\/div>\n\t\t\t\t<\/div>\n\t\t\t\t<div class=\"elementor-element elementor-element-6e7289c elementor-widget elementor-widget-text-editor\" data-id=\"6e7289c\" data-element_type=\"widget\" data-e-type=\"widget\" data-widget_type=\"text-editor.default\">\n\t\t\t\t<div class=\"elementor-widget-container\">\n\t\t\t\t\t\t\t\t\t<h2>Choisir le meilleur magasin de ski les deux alpes<\/h2><div id=\"kurato_extension_modal\">Votre s\u00e9jour \u00e0 la montagne promet de m\u00e9morables instants de partage. Votre magasin de ski les deux alpes Aalborg Sports se consacre \u00e0 votre satisfaction toute l\u2019ann\u00e9e. Comptez sur <a href=\"https:\/\/www.aalborgsports.fr\/notre-histoire-aalborg-sports\/\">notre \u00e9quipe<\/a> pour vous proposer les meilleurs services, en \u00e9t\u00e9 comme en hiver. Trouvez votre \u00e9quipement de glisse, votre manteau ou votre bonnet, mais \u00e9galement tout v\u00eatement technique pour les activit\u00e9s de haute montagne. Au c\u0153ur de l\u2019Is\u00e8re, les 80\u00a0pistes du domaine skiable des 2\u00a0Alpes se transforment en dizaines de kilom\u00e8tres de sentiers de randonn\u00e9e lorsque la neige dispara\u00eet. Les panoramas \u00e0 couper le souffle s\u2019offrent \u00e0 tous les publics \u00e0 travers les saisons\u00a0!<\/div><div id=\"kurato_extension_modal\">\u00a0<\/div>\t\t\t\t\t\t\t\t<\/div>\n\t\t\t\t<\/div>\n\t\t\t\t\t<\/div>\n\t\t<\/div>\n\t\t\t\t<div class=\"elementor-column elementor-col-50 elementor-inner-column elementor-element elementor-element-586a18f\" data-id=\"586a18f\" data-element_type=\"column\" data-e-type=\"column\">\n\t\t\t<div class=\"elementor-widget-wrap elementor-element-populated\">\n\t\t\t\t\t\t<div class=\"elementor-element elementor-element-6460f8a elementor--h-position-center elementor--v-position-middle elementor-arrows-position-inside elementor-widget elementor-widget-slides\" data-id=\"6460f8a\" data-element_type=\"widget\" data-e-type=\"widget\" data-settings=\"{&quot;navigation&quot;:&quot;arrows&quot;,&quot;autoplay&quot;:&quot;yes&quot;,&quot;pause_on_hover&quot;:&quot;yes&quot;,&quot;pause_on_interaction&quot;:&quot;yes&quot;,&quot;autoplay_speed&quot;:5000,&quot;infinite&quot;:&quot;yes&quot;,&quot;transition&quot;:&quot;slide&quot;,&quot;transition_speed&quot;:500}\" data-widget_type=\"slides.default\">\n\t\t\t\t<div class=\"elementor-widget-container\">\n\t\t\t\t\t\t\t\t\t<div class=\"elementor-swiper\">\n\t\t\t\t\t<div class=\"elementor-slides-wrapper elementor-main-swiper swiper\" role=\"region\" aria-roledescription=\"carousel\" aria-label=\"Diapositives\" dir=\"ltr\" data-animation=\"fadeInUp\">\n\t\t\t\t<div class=\"swiper-wrapper elementor-slides\">\n\t\t\t\t\t\t\t\t\t\t<div class=\"elementor-repeater-item-3b06448 swiper-slide\" role=\"group\" aria-roledescription=\"slide\"><div class=\"swiper-slide-bg\" role=\"img\" aria-label=\"plusieurs skieurs qui descendent une piste - magasin de ski les deux alpes\"><\/div><div class=\"swiper-slide-inner\" ><div class=\"swiper-slide-contents\"><\/div><\/div><\/div>\t\t\t\t<\/div>\n\t\t\t\t\t\t\t<\/div>\n\t\t\t\t<\/div>\n\t\t\t\t\t\t\t\t<\/div>\n\t\t\t\t<\/div>\n\t\t\t\t\t<\/div>\n\t\t<\/div>\n\t\t\t\t\t<\/div>\n\t\t<\/section>\n\t\t\t\t\t<\/div>\n\t\t<\/div>\n\t\t\t\t\t<\/div>\n\t\t<\/section>\n\t\t\t\t<\/div>\n\t\t","protected":false},"excerpt":{"rendered":"<p>Magasin de ski les deux alpes : pourquoi choisir Aalborg Sports Aalborg Sports, votre magasin de ski les deux alpes est le fournisseur d\u2019\u00e9quipements par excellence pour vos activit\u00e9s \u00e0 la montagne. La location ski n\u2019a jamais \u00e9t\u00e9 aussi facile et s\u00fbre gr\u00e2ce \u00e0 nos services et conseils professionnels. Votre s\u00e9jour d\u00e9di\u00e9 aux sports d\u2019hiver [&hellip;]<\/p>\n","protected":false},"author":7,"featured_media":0,"parent":246,"menu_order":0,"comment_status":"closed","ping_status":"closed","template":"","meta":{"inline_featured_image":false,"footnotes":""},"class_list":["post-1967","page","type-page","status-publish","hentry"],"_links":{"self":[{"href":"https:\/\/www.aalborgsports.fr\/en\/wp-json\/wp\/v2\/pages\/1967","targetHints":{"allow":["GET"]}}],"collection":[{"href":"https:\/\/www.aalborgsports.fr\/en\/wp-json\/wp\/v2\/pages"}],"about":[{"href":"https:\/\/www.aalborgsports.fr\/en\/wp-json\/wp\/v2\/types\/page"}],"author":[{"embeddable":true,"href":"https:\/\/www.aalborgsports.fr\/en\/wp-json\/wp\/v2\/users\/7"}],"replies":[{"embeddable":true,"href":"https:\/\/www.aalborgsports.fr\/en\/wp-json\/wp\/v2\/comments?post=1967"}],"version-history":[{"count":10,"href":"https:\/\/www.aalborgsports.fr\/en\/wp-json\/wp\/v2\/pages\/1967\/revisions"}],"predecessor-version":[{"id":1993,"href":"https:\/\/www.aalborgsports.fr\/en\/wp-json\/wp\/v2\/pages\/1967\/revisions\/1993"}],"up":[{"embeddable":true,"href":"https:\/\/www.aalborgsports.fr\/en\/wp-json\/wp\/v2\/pages\/246"}],"wp:attachment":[{"href":"https:\/\/www.aalborgsports.fr\/en\/wp-json\/wp\/v2\/media?parent=1967"}],"curies":[{"name":"wp","href":"https:\/\/api.w.org\/{rel}","templated":true}]}}