{"id":2007,"date":"2023-11-07T09:44:02","date_gmt":"2023-11-07T08:44:02","guid":{"rendered":"https:\/\/www.aalborgsports.fr\/?page_id=2007"},"modified":"2023-11-07T09:56:14","modified_gmt":"2023-11-07T08:56:14","slug":"ski-les-2-alpes","status":"publish","type":"page","link":"https:\/\/www.aalborgsports.fr\/en\/location-ski-les-deux-alpes\/ski-les-2-alpes\/","title":{"rendered":"Ski les 2 Alpes"},"content":{"rendered":"\t\t<div data-elementor-type=\"wp-page\" data-elementor-id=\"2007\" class=\"elementor elementor-2007\" data-elementor-post-type=\"page\">\n\t\t\t\t\t\t<section class=\"elementor-section elementor-top-section elementor-element elementor-element-3b56a6c5 elementor-section-height-min-height elementor-hidden-phone elementor-section-boxed elementor-section-height-default elementor-section-items-middle\" data-id=\"3b56a6c5\" data-element_type=\"section\" data-e-type=\"section\" data-settings=\"{&quot;background_background&quot;:&quot;classic&quot;,&quot;background_motion_fx_motion_fx_scrolling&quot;:&quot;yes&quot;,&quot;background_motion_fx_translateY_effect&quot;:&quot;yes&quot;,&quot;background_motion_fx_translateY_speed&quot;:{&quot;unit&quot;:&quot;px&quot;,&quot;size&quot;:5.2,&quot;sizes&quot;:[]},&quot;background_motion_fx_translateY_affectedRange&quot;:{&quot;unit&quot;:&quot;%&quot;,&quot;size&quot;:&quot;&quot;,&quot;sizes&quot;:{&quot;start&quot;:14,&quot;end&quot;:100}},&quot;background_motion_fx_devices&quot;:[&quot;desktop&quot;,&quot;tablet&quot;],&quot;background_motion_fx_range&quot;:&quot;page&quot;}\">\n\t\t\t\t\t\t<div class=\"elementor-container elementor-column-gap-default\">\n\t\t\t\t\t<div class=\"elementor-column elementor-col-100 elementor-top-column elementor-element elementor-element-32ca4c41\" data-id=\"32ca4c41\" data-element_type=\"column\" data-e-type=\"column\">\n\t\t\t<div class=\"elementor-widget-wrap\">\n\t\t\t\t\t\t\t<\/div>\n\t\t<\/div>\n\t\t\t\t\t<\/div>\n\t\t<\/section>\n\t\t\t\t<section class=\"elementor-section elementor-top-section elementor-element elementor-element-1dcb4b37 elementor-section-boxed elementor-section-height-default elementor-section-height-default\" data-id=\"1dcb4b37\" data-element_type=\"section\" data-e-type=\"section\">\n\t\t\t\t\t\t<div class=\"elementor-container elementor-column-gap-default\">\n\t\t\t\t\t<div class=\"elementor-column elementor-col-100 elementor-top-column elementor-element elementor-element-46de6a3e\" data-id=\"46de6a3e\" data-element_type=\"column\" data-e-type=\"column\">\n\t\t\t<div class=\"elementor-widget-wrap elementor-element-populated\">\n\t\t\t\t\t\t<section class=\"elementor-section elementor-inner-section elementor-element elementor-element-55e75307 elementor-reverse-mobile elementor-section-boxed elementor-section-height-default elementor-section-height-default\" data-id=\"55e75307\" data-element_type=\"section\" data-e-type=\"section\">\n\t\t\t\t\t\t<div class=\"elementor-container elementor-column-gap-default\">\n\t\t\t\t\t<div class=\"elementor-column elementor-col-50 elementor-inner-column elementor-element elementor-element-5ebcc8a7\" data-id=\"5ebcc8a7\" data-element_type=\"column\" data-e-type=\"column\">\n\t\t\t<div class=\"elementor-widget-wrap elementor-element-populated\">\n\t\t\t\t\t\t<div class=\"elementor-element elementor-element-46f469fb elementor-widget-divider--view-line elementor-widget elementor-widget-divider\" data-id=\"46f469fb\" data-element_type=\"widget\" data-e-type=\"widget\" data-widget_type=\"divider.default\">\n\t\t\t\t<div class=\"elementor-widget-container\">\n\t\t\t\t\t\t\t<div class=\"elementor-divider\">\n\t\t\t<span class=\"elementor-divider-separator\">\n\t\t\t\t\t\t<\/span>\n\t\t<\/div>\n\t\t\t\t\t\t<\/div>\n\t\t\t\t<\/div>\n\t\t\t\t<div class=\"elementor-element elementor-element-6e56be55 elementor-widget elementor-widget-heading\" data-id=\"6e56be55\" data-element_type=\"widget\" data-e-type=\"widget\" data-widget_type=\"heading.default\">\n\t\t\t\t<div class=\"elementor-widget-container\">\n\t\t\t\t\t<h1 class=\"elementor-heading-title elementor-size-default\">La station de ski Les 2 Alpes\n<\/h1>\t\t\t\t<\/div>\n\t\t\t\t<\/div>\n\t\t\t\t<div class=\"elementor-element elementor-element-c314444 elementor-widget elementor-widget-text-editor\" data-id=\"c314444\" data-element_type=\"widget\" data-e-type=\"widget\" data-widget_type=\"text-editor.default\">\n\t\t\t\t<div class=\"elementor-widget-container\">\n\t\t\t\t\t\t\t\t\t<p>La saison hivernale est sur le point de commencer et les flocons ont d\u00e9j\u00e0 recouvert les flancs de montagne pour les transformer en un terrain de jeu grandeur nature. Pour pratiquer le ski, <a href=\"https:\/\/www.aalborgsports.fr\/location-ski-les-deux-alpes\/\">Les 2 Alpes<\/a> est une station de choix avec son superbe domaine et ses pentes adapt\u00e9es \u00e0 tous les niveaux. M\u00eame en \u00e9t\u00e9, les passionn\u00e9s de glisse s\u2019en donnent \u00e0 c\u0153ur joie sur le glacier. D\u00e9couverte d\u2019une activit\u00e9 sportive et r\u00e9cr\u00e9ative au sommet des Alpes fran\u00e7aises.<\/p><p><span style=\"font-weight: 400;\">\u00a0<\/span><\/p><h2><strong>Du bonheur \u00e0 l\u2019\u00e9tat pur \u00e0 la station de ski Les 2 Alpes\u00a0<\/strong><\/h2><p>Le d\u00e9partement de l\u2019Is\u00e8re abrite une station dont la r\u00e9putation d\u00e9passe les fronti\u00e8res de l\u2019hexagone. Perch\u00e9e sur les sommets du massif des \u00c9crins, la station de ski Les 2 Alpes offre g\u00e9n\u00e9reusement de multiples richesses naturelles aux amateurs de grands espaces. La beaut\u00e9 du plus haut domaine skiable de France est \u00e0 couper le souffle avec ses superbes panoramas. De nombreux projets d\u2019am\u00e9nagement am\u00e9liorent les installations saison apr\u00e8s saison, afin de garantir des exp\u00e9riences de glisse in\u00e9gal\u00e9es aux aficionados comme aux apprentis skieurs. Tourn\u00e9e vers l\u2019avenir, la station est une superbe aire de loisirs qui se renouvelle pour r\u00e9pondre aux exigences des vacanciers toute l\u2019ann\u00e9e. Alors, pour en profiter, optez pour la <a href=\"https:\/\/www.aalborgsports.fr\/location-ski-les-deux-alpes\/magasin-de-ski-les-deux-alpes\/\">location de ski Les 2 Alpes<\/a> avec Aalborg Sports\u00a0! C&rsquo;est l&rsquo;assurance de trouver un \u00e9quipement de qualit\u00e9 pour une pratique en toute s\u00e9curit\u00e9.<\/p>\t\t\t\t\t\t\t\t<\/div>\n\t\t\t\t<\/div>\n\t\t\t\t\t<\/div>\n\t\t<\/div>\n\t\t\t\t<div class=\"elementor-column elementor-col-50 elementor-inner-column elementor-element elementor-element-5462a9b7\" data-id=\"5462a9b7\" data-element_type=\"column\" data-e-type=\"column\">\n\t\t\t<div class=\"elementor-widget-wrap elementor-element-populated\">\n\t\t\t\t\t\t<div class=\"elementor-element elementor-element-3465e428 elementor--h-position-center elementor--v-position-middle elementor-arrows-position-inside elementor-widget elementor-widget-slides\" data-id=\"3465e428\" data-element_type=\"widget\" data-e-type=\"widget\" data-settings=\"{&quot;navigation&quot;:&quot;arrows&quot;,&quot;autoplay&quot;:&quot;yes&quot;,&quot;pause_on_hover&quot;:&quot;yes&quot;,&quot;pause_on_interaction&quot;:&quot;yes&quot;,&quot;autoplay_speed&quot;:5000,&quot;infinite&quot;:&quot;yes&quot;,&quot;transition&quot;:&quot;slide&quot;,&quot;transition_speed&quot;:500}\" data-widget_type=\"slides.default\">\n\t\t\t\t<div class=\"elementor-widget-container\">\n\t\t\t\t\t\t\t\t\t<div class=\"elementor-swiper\">\n\t\t\t\t\t<div class=\"elementor-slides-wrapper elementor-main-swiper swiper\" role=\"region\" aria-roledescription=\"carousel\" aria-label=\"Diapositives\" dir=\"ltr\" data-animation=\"fadeInUp\">\n\t\t\t\t<div class=\"swiper-wrapper elementor-slides\">\n\t\t\t\t\t\t\t\t\t\t<div class=\"elementor-repeater-item-3b06448 swiper-slide\" role=\"group\" aria-roledescription=\"slide\"><div class=\"swiper-slide-bg\" role=\"img\" aria-label=\"skieur - ski les 2 alpes\"><\/div><div class=\"swiper-slide-inner\" ><div class=\"swiper-slide-contents\"><\/div><\/div><\/div>\t\t\t\t<\/div>\n\t\t\t\t\t\t\t<\/div>\n\t\t\t\t<\/div>\n\t\t\t\t\t\t\t\t<\/div>\n\t\t\t\t<\/div>\n\t\t\t\t\t<\/div>\n\t\t<\/div>\n\t\t\t\t\t<\/div>\n\t\t<\/section>\n\t\t\t\t\t<\/div>\n\t\t<\/div>\n\t\t\t\t\t<\/div>\n\t\t<\/section>\n\t\t\t\t<section class=\"elementor-section elementor-top-section elementor-element elementor-element-1322372 elementor-section-boxed elementor-section-height-default elementor-section-height-default\" data-id=\"1322372\" data-element_type=\"section\" data-e-type=\"section\">\n\t\t\t\t\t\t<div class=\"elementor-container elementor-column-gap-default\">\n\t\t\t\t\t<div class=\"elementor-column elementor-col-100 elementor-top-column elementor-element elementor-element-1b27f73a\" data-id=\"1b27f73a\" data-element_type=\"column\" data-e-type=\"column\">\n\t\t\t<div class=\"elementor-widget-wrap elementor-element-populated\">\n\t\t\t\t\t\t<section class=\"elementor-section elementor-inner-section elementor-element elementor-element-6bef354f elementor-section-boxed elementor-section-height-default elementor-section-height-default\" data-id=\"6bef354f\" data-element_type=\"section\" data-e-type=\"section\">\n\t\t\t\t\t\t<div class=\"elementor-container elementor-column-gap-default\">\n\t\t\t\t\t<div class=\"elementor-column elementor-col-50 elementor-inner-column elementor-element elementor-element-2b308c1a\" data-id=\"2b308c1a\" data-element_type=\"column\" data-e-type=\"column\">\n\t\t\t<div class=\"elementor-widget-wrap elementor-element-populated\">\n\t\t\t\t\t\t<div class=\"elementor-element elementor-element-21162fe6 elementor--h-position-center elementor--v-position-middle elementor-arrows-position-inside elementor-widget elementor-widget-slides\" data-id=\"21162fe6\" data-element_type=\"widget\" data-e-type=\"widget\" data-settings=\"{&quot;navigation&quot;:&quot;arrows&quot;,&quot;autoplay&quot;:&quot;yes&quot;,&quot;pause_on_hover&quot;:&quot;yes&quot;,&quot;pause_on_interaction&quot;:&quot;yes&quot;,&quot;autoplay_speed&quot;:5000,&quot;infinite&quot;:&quot;yes&quot;,&quot;transition&quot;:&quot;slide&quot;,&quot;transition_speed&quot;:500}\" data-widget_type=\"slides.default\">\n\t\t\t\t<div class=\"elementor-widget-container\">\n\t\t\t\t\t\t\t\t\t<div class=\"elementor-swiper\">\n\t\t\t\t\t<div class=\"elementor-slides-wrapper elementor-main-swiper swiper\" role=\"region\" aria-roledescription=\"carousel\" aria-label=\"Diapositives\" dir=\"ltr\" data-animation=\"fadeInUp\">\n\t\t\t\t<div class=\"swiper-wrapper elementor-slides\">\n\t\t\t\t\t\t\t\t\t\t<div class=\"elementor-repeater-item-acc8828 swiper-slide\" role=\"group\" aria-roledescription=\"slide\"><div class=\"swiper-slide-bg\" role=\"img\" aria-label=\"skieur qui saute - ski les 2 alpes\"><\/div><div class=\"swiper-slide-inner\" ><div class=\"swiper-slide-contents\"><\/div><\/div><\/div>\t\t\t\t<\/div>\n\t\t\t\t\t\t\t<\/div>\n\t\t\t\t<\/div>\n\t\t\t\t\t\t\t\t<\/div>\n\t\t\t\t<\/div>\n\t\t\t\t\t<\/div>\n\t\t<\/div>\n\t\t\t\t<div class=\"elementor-column elementor-col-50 elementor-inner-column elementor-element elementor-element-3d228b9\" data-id=\"3d228b9\" data-element_type=\"column\" data-e-type=\"column\">\n\t\t\t<div class=\"elementor-widget-wrap elementor-element-populated\">\n\t\t\t\t\t\t<div class=\"elementor-element elementor-element-627d288f elementor-widget-divider--view-line elementor-widget elementor-widget-divider\" data-id=\"627d288f\" data-element_type=\"widget\" data-e-type=\"widget\" data-widget_type=\"divider.default\">\n\t\t\t\t<div class=\"elementor-widget-container\">\n\t\t\t\t\t\t\t<div class=\"elementor-divider\">\n\t\t\t<span class=\"elementor-divider-separator\">\n\t\t\t\t\t\t<\/span>\n\t\t<\/div>\n\t\t\t\t\t\t<\/div>\n\t\t\t\t<\/div>\n\t\t\t\t<div class=\"elementor-element elementor-element-4bdd80d2 elementor-widget elementor-widget-text-editor\" data-id=\"4bdd80d2\" data-element_type=\"widget\" data-e-type=\"widget\" data-widget_type=\"text-editor.default\">\n\t\t\t\t<div class=\"elementor-widget-container\">\n\t\t\t\t\t\t\t\t\t<h2><strong>92 pistes de ski pour varier les plaisirs de la glisse<\/strong><\/h2>\n<p>Avec des pistes culminant \u00e0 3600&nbsp;m\u00e8tres, la station de ski <a href=\"https:\/\/www.aalborgsports.fr\/location-ski-les-deux-alpes\/les-2-alpes-magasin-de-ski\/\">Les 2 Alpes<\/a> permet de prendre de la hauteur et de pratiquer les sports d\u2019hiver toute l\u2019ann\u00e9e. Les pentes enneig\u00e9es courent du sommet du glacier jusqu\u2019au village du Mont de Lans \u00e0 1300&nbsp;m\u00e8tres d\u2019altitude, d\u00e9voilant un d\u00e9nivel\u00e9 de 2300&nbsp;m\u00e8tres. Les 92 pistes balis\u00e9es n\u2019en finissent pas de s\u2019entrelacer \u00e0 travers l\u2019Oisans, dessinant les courbes tant appr\u00e9ci\u00e9es des skieurs, quel que soit leur niveau. En effet, le domaine skiable des Deux Alpes permet \u00e0 tous les pratiquants de trouver leur bonheur. D\u00e9butant, confirm\u00e9, interm\u00e9diaire, la glisse s\u2019offre \u00e0 tous en famille ou entre amis. Les novices s\u2019initient sur les pentes bleues, tandis que les experts r\u00e9alisent leurs plus belles prouesses et font monter l\u2019adr\u00e9naline sur les bosses noires. Vous souhaitez essayer une autre discipline&nbsp;? Ajoutez un soup\u00e7on de nouveaut\u00e9 \u00e0 votre s\u00e9jour \u00e0 la montagne et tentez un cours de snowboard, une randonn\u00e9e en raquettes, ou louez des skis de fond. Rien de tel pour d\u00e9couvrir le domaine sous un nouveau jour&nbsp;! Le gros plus de la station&nbsp;: elle permet de d\u00e9valer les pistes, virage apr\u00e8s virage, sans passer par la case remont\u00e9es m\u00e9caniques, du point culminant jusqu\u2019au village.<\/p>\t\t\t\t\t\t\t\t<\/div>\n\t\t\t\t<\/div>\n\t\t\t\t\t<\/div>\n\t\t<\/div>\n\t\t\t\t\t<\/div>\n\t\t<\/section>\n\t\t\t\t\t<\/div>\n\t\t<\/div>\n\t\t\t\t\t<\/div>\n\t\t<\/section>\n\t\t\t\t<section class=\"elementor-section elementor-top-section elementor-element elementor-element-5e953bf elementor-section-boxed elementor-section-height-default elementor-section-height-default\" data-id=\"5e953bf\" data-element_type=\"section\" data-e-type=\"section\">\n\t\t\t\t\t\t<div class=\"elementor-container elementor-column-gap-default\">\n\t\t\t\t\t<div class=\"elementor-column elementor-col-100 elementor-top-column elementor-element elementor-element-71690c6\" data-id=\"71690c6\" data-element_type=\"column\" data-e-type=\"column\">\n\t\t\t<div class=\"elementor-widget-wrap elementor-element-populated\">\n\t\t\t\t\t\t<section class=\"elementor-section elementor-inner-section elementor-element elementor-element-1df29a6 elementor-reverse-mobile elementor-section-boxed elementor-section-height-default elementor-section-height-default\" data-id=\"1df29a6\" data-element_type=\"section\" data-e-type=\"section\">\n\t\t\t\t\t\t<div class=\"elementor-container elementor-column-gap-default\">\n\t\t\t\t\t<div class=\"elementor-column elementor-col-50 elementor-inner-column elementor-element elementor-element-a348419\" data-id=\"a348419\" data-element_type=\"column\" data-e-type=\"column\">\n\t\t\t<div class=\"elementor-widget-wrap elementor-element-populated\">\n\t\t\t\t\t\t<div class=\"elementor-element elementor-element-c63234f elementor-widget-divider--view-line elementor-widget elementor-widget-divider\" data-id=\"c63234f\" data-element_type=\"widget\" data-e-type=\"widget\" data-widget_type=\"divider.default\">\n\t\t\t\t<div class=\"elementor-widget-container\">\n\t\t\t\t\t\t\t<div class=\"elementor-divider\">\n\t\t\t<span class=\"elementor-divider-separator\">\n\t\t\t\t\t\t<\/span>\n\t\t<\/div>\n\t\t\t\t\t\t<\/div>\n\t\t\t\t<\/div>\n\t\t\t\t<div class=\"elementor-element elementor-element-6e7289c elementor-widget elementor-widget-text-editor\" data-id=\"6e7289c\" data-element_type=\"widget\" data-e-type=\"widget\" data-widget_type=\"text-editor.default\">\n\t\t\t\t<div class=\"elementor-widget-container\">\n\t\t\t\t\t\t\t\t\t<h2><strong>De nombreux \u00e9v\u00e9nements pour des saisons anim\u00e9es<\/strong><\/h2><div id=\"kurato_extension_modal\"><p>Outre une connexion \u00e0 la nature et des sensations fortes, la station de ski Les 2 Alpes offre bien d\u2019autres avantages. Il s\u2019agit d\u2019une destination incontournable pour un s\u00e9jour \u00e0 la montagne. R\u00e9server quelques jours de vacances pour profiter des sports d\u2019hiver est synonyme de nombreux moments de partage entre deux descentes effr\u00e9n\u00e9es. Un bon d\u00eener dans l\u2019ambiance chaleureuse d\u2019un restaurant d\u2019altitude, une soir\u00e9e festive au c\u0153ur du village, une parenth\u00e8se d\u00e9tente au spa de <a href=\"https:\/\/www.aalborgsports.fr\/hotel-les-2-alpes-hotel-spa\/\">votre h\u00f4tel<\/a> : les plaisirs se multiplient pour combler toutes vos envies. Votre forfait de ski devient le s\u00e9same pour un s\u00e9jour inoubliable et des instants m\u00e9morables. Votre partenaire Aalborg Sports vous accompagne tout au long de l\u2019ann\u00e9e dans vos aventures au sommet des Deux Alpes.<\/p><\/div>\t\t\t\t\t\t\t\t<\/div>\n\t\t\t\t<\/div>\n\t\t\t\t\t<\/div>\n\t\t<\/div>\n\t\t\t\t<div class=\"elementor-column elementor-col-50 elementor-inner-column elementor-element elementor-element-586a18f\" data-id=\"586a18f\" data-element_type=\"column\" data-e-type=\"column\">\n\t\t\t<div class=\"elementor-widget-wrap elementor-element-populated\">\n\t\t\t\t\t\t<div class=\"elementor-element elementor-element-6460f8a elementor--h-position-center elementor--v-position-middle elementor-arrows-position-inside elementor-widget elementor-widget-slides\" data-id=\"6460f8a\" data-element_type=\"widget\" data-e-type=\"widget\" data-settings=\"{&quot;navigation&quot;:&quot;arrows&quot;,&quot;autoplay&quot;:&quot;yes&quot;,&quot;pause_on_hover&quot;:&quot;yes&quot;,&quot;pause_on_interaction&quot;:&quot;yes&quot;,&quot;autoplay_speed&quot;:5000,&quot;infinite&quot;:&quot;yes&quot;,&quot;transition&quot;:&quot;slide&quot;,&quot;transition_speed&quot;:500}\" data-widget_type=\"slides.default\">\n\t\t\t\t<div class=\"elementor-widget-container\">\n\t\t\t\t\t\t\t\t\t<div class=\"elementor-swiper\">\n\t\t\t\t\t<div class=\"elementor-slides-wrapper elementor-main-swiper swiper\" role=\"region\" aria-roledescription=\"carousel\" aria-label=\"Diapositives\" dir=\"ltr\" data-animation=\"fadeInUp\">\n\t\t\t\t<div class=\"swiper-wrapper elementor-slides\">\n\t\t\t\t\t\t\t\t\t\t<div class=\"elementor-repeater-item-3b06448 swiper-slide\" role=\"group\" aria-roledescription=\"slide\"><div class=\"swiper-slide-bg\" role=\"img\" aria-label=\"couple au sommet d&#039;une montagne - ski les 2 alpes\"><\/div><div class=\"swiper-slide-inner\" ><div class=\"swiper-slide-contents\"><\/div><\/div><\/div>\t\t\t\t<\/div>\n\t\t\t\t\t\t\t<\/div>\n\t\t\t\t<\/div>\n\t\t\t\t\t\t\t\t<\/div>\n\t\t\t\t<\/div>\n\t\t\t\t\t<\/div>\n\t\t<\/div>\n\t\t\t\t\t<\/div>\n\t\t<\/section>\n\t\t\t\t\t<\/div>\n\t\t<\/div>\n\t\t\t\t\t<\/div>\n\t\t<\/section>\n\t\t\t\t<\/div>\n\t\t","protected":false},"excerpt":{"rendered":"<p>La station de ski Les 2 Alpes La saison hivernale est sur le point de commencer et les flocons ont d\u00e9j\u00e0 recouvert les flancs de montagne pour les transformer en un terrain de jeu grandeur nature. Pour pratiquer le ski, Les 2 Alpes est une station de choix avec son superbe domaine et ses pentes [&hellip;]<\/p>\n","protected":false},"author":7,"featured_media":0,"parent":246,"menu_order":0,"comment_status":"closed","ping_status":"closed","template":"","meta":{"inline_featured_image":false,"footnotes":""},"class_list":["post-2007","page","type-page","status-publish","hentry"],"_links":{"self":[{"href":"https:\/\/www.aalborgsports.fr\/en\/wp-json\/wp\/v2\/pages\/2007","targetHints":{"allow":["GET"]}}],"collection":[{"href":"https:\/\/www.aalborgsports.fr\/en\/wp-json\/wp\/v2\/pages"}],"about":[{"href":"https:\/\/www.aalborgsports.fr\/en\/wp-json\/wp\/v2\/types\/page"}],"author":[{"embeddable":true,"href":"https:\/\/www.aalborgsports.fr\/en\/wp-json\/wp\/v2\/users\/7"}],"replies":[{"embeddable":true,"href":"https:\/\/www.aalborgsports.fr\/en\/wp-json\/wp\/v2\/comments?post=2007"}],"version-history":[{"count":4,"href":"https:\/\/www.aalborgsports.fr\/en\/wp-json\/wp\/v2\/pages\/2007\/revisions"}],"predecessor-version":[{"id":2015,"href":"https:\/\/www.aalborgsports.fr\/en\/wp-json\/wp\/v2\/pages\/2007\/revisions\/2015"}],"up":[{"embeddable":true,"href":"https:\/\/www.aalborgsports.fr\/en\/wp-json\/wp\/v2\/pages\/246"}],"wp:attachment":[{"href":"https:\/\/www.aalborgsports.fr\/en\/wp-json\/wp\/v2\/media?parent=2007"}],"curies":[{"name":"wp","href":"https:\/\/api.w.org\/{rel}","templated":true}]}}