{"id":2188,"date":"2024-01-16T11:13:59","date_gmt":"2024-01-16T10:13:59","guid":{"rendered":"https:\/\/www.aalborgsports.fr\/?page_id=2188"},"modified":"2024-01-16T11:14:01","modified_gmt":"2024-01-16T10:14:01","slug":"ski-rental-shop-les-2-alpes","status":"publish","type":"page","link":"https:\/\/www.aalborgsports.fr\/en\/location-ski-les-deux-alpes\/magasin-location-ski-les-2-alpes\/","title":{"rendered":"Ski rental shop les 2 alpes"},"content":{"rendered":"\t\t<div data-elementor-type=\"wp-page\" data-elementor-id=\"2188\" class=\"elementor elementor-2188\" data-elementor-post-type=\"page\">\n\t\t\t\t\t\t<section class=\"elementor-section elementor-top-section elementor-element elementor-element-3b56a6c5 elementor-section-height-min-height elementor-hidden-phone elementor-section-boxed elementor-section-height-default elementor-section-items-middle\" data-id=\"3b56a6c5\" data-element_type=\"section\" data-e-type=\"section\" data-settings=\"{&quot;background_background&quot;:&quot;classic&quot;,&quot;background_motion_fx_motion_fx_scrolling&quot;:&quot;yes&quot;,&quot;background_motion_fx_translateY_effect&quot;:&quot;yes&quot;,&quot;background_motion_fx_translateY_speed&quot;:{&quot;unit&quot;:&quot;px&quot;,&quot;size&quot;:5.2,&quot;sizes&quot;:[]},&quot;background_motion_fx_translateY_affectedRange&quot;:{&quot;unit&quot;:&quot;%&quot;,&quot;size&quot;:&quot;&quot;,&quot;sizes&quot;:{&quot;start&quot;:14,&quot;end&quot;:100}},&quot;background_motion_fx_devices&quot;:[&quot;desktop&quot;,&quot;tablet&quot;],&quot;background_motion_fx_range&quot;:&quot;page&quot;}\">\n\t\t\t\t\t\t<div class=\"elementor-container elementor-column-gap-default\">\n\t\t\t\t\t<div class=\"elementor-column elementor-col-100 elementor-top-column elementor-element elementor-element-32ca4c41\" data-id=\"32ca4c41\" data-element_type=\"column\" data-e-type=\"column\">\n\t\t\t<div class=\"elementor-widget-wrap\">\n\t\t\t\t\t\t\t<\/div>\n\t\t<\/div>\n\t\t\t\t\t<\/div>\n\t\t<\/section>\n\t\t\t\t<section class=\"elementor-section elementor-top-section elementor-element elementor-element-1dcb4b37 elementor-section-boxed elementor-section-height-default elementor-section-height-default\" data-id=\"1dcb4b37\" data-element_type=\"section\" data-e-type=\"section\">\n\t\t\t\t\t\t<div class=\"elementor-container elementor-column-gap-default\">\n\t\t\t\t\t<div class=\"elementor-column elementor-col-100 elementor-top-column elementor-element elementor-element-46de6a3e\" data-id=\"46de6a3e\" data-element_type=\"column\" data-e-type=\"column\">\n\t\t\t<div class=\"elementor-widget-wrap elementor-element-populated\">\n\t\t\t\t\t\t<section class=\"elementor-section elementor-inner-section elementor-element elementor-element-55e75307 elementor-reverse-mobile elementor-section-boxed elementor-section-height-default elementor-section-height-default\" data-id=\"55e75307\" data-element_type=\"section\" data-e-type=\"section\">\n\t\t\t\t\t\t<div class=\"elementor-container elementor-column-gap-default\">\n\t\t\t\t\t<div class=\"elementor-column elementor-col-50 elementor-inner-column elementor-element elementor-element-5ebcc8a7\" data-id=\"5ebcc8a7\" data-element_type=\"column\" data-e-type=\"column\">\n\t\t\t<div class=\"elementor-widget-wrap elementor-element-populated\">\n\t\t\t\t\t\t<div class=\"elementor-element elementor-element-46f469fb elementor-widget-divider--view-line elementor-widget elementor-widget-divider\" data-id=\"46f469fb\" data-element_type=\"widget\" data-e-type=\"widget\" data-widget_type=\"divider.default\">\n\t\t\t\t<div class=\"elementor-widget-container\">\n\t\t\t\t\t\t\t<div class=\"elementor-divider\">\n\t\t\t<span class=\"elementor-divider-separator\">\n\t\t\t\t\t\t<\/span>\n\t\t<\/div>\n\t\t\t\t\t\t<\/div>\n\t\t\t\t<\/div>\n\t\t\t\t<div class=\"elementor-element elementor-element-6e56be55 elementor-widget elementor-widget-heading\" data-id=\"6e56be55\" data-element_type=\"widget\" data-e-type=\"widget\" data-widget_type=\"heading.default\">\n\t\t\t\t<div class=\"elementor-widget-container\">\n\t\t\t\t\t<h1 class=\"elementor-heading-title elementor-size-default\">Aalborg Sports, magasin de location de ski Les 2 Alpes<\/h1>\t\t\t\t<\/div>\n\t\t\t\t<\/div>\n\t\t\t\t<div class=\"elementor-element elementor-element-c314444 elementor-widget elementor-widget-text-editor\" data-id=\"c314444\" data-element_type=\"widget\" data-e-type=\"widget\" data-widget_type=\"text-editor.default\">\n\t\t\t\t<div class=\"elementor-widget-container\">\n\t\t\t\t\t\t\t\t\t<p>Les yeux des adeptes de glisse se remplissent d\u2019\u00e9toiles \u00e0 l\u2019\u00e9vocation des premi\u00e8res neiges. Le ciel cotonneux flirte avec la cime des montagnes qui se recouvrent d\u2019un \u00e9pais manteau blanc, d\u00e9clarant la saison des sports d\u2019hiver ouverte. Afin d\u2019en profiter comme il se doit, la premi\u00e8re \u00e9tape est de bien s\u2019\u00e9quiper. Rendez-vous chez Aalborg Sports, le <a href=\"https:\/\/www.aalborgsports.fr\/location-ski-les-deux-alpes\/magasin-de-ski-les-deux-alpes\/\">magasin de location de ski Les 2 Alpes<\/a> de r\u00e9f\u00e9rence pour emprunter le mat\u00e9riel n\u00e9cessaire \u00e0 tous les exploits sur les pistes.<\/p><h2><strong>Louer son mat\u00e9riel au pied des pistes des 2 Alpes<\/strong><\/h2><p>Pour vous, les vacances \u00e0 la montagne riment avec libert\u00e9 et plaisir. Sans surprise, vous partez ainsi les valises et l\u2019esprit l\u00e9gers, sans vous encombrer de nombreux kilos de mat\u00e9riel. \u00c0 votre arriv\u00e9e en station, vous n\u2019avez plus qu\u2019\u00e0 vous diriger vers votre magasin de location de ski aux Deux Alpes pr\u00e9f\u00e9r\u00e9 pour vous \u00e9quiper de la t\u00eate aux pieds. Une option tr\u00e8s confortable et qui \u00e9vite bien des pr\u00e9paratifs. La boutique Aalborg Sports r\u00e9pond \u00e0 ce besoin de praticit\u00e9 gr\u00e2ce \u00e0 sa situation id\u00e9ale juste devant la piste. Les pentes enneig\u00e9es sont ainsi accessibles skis aux pieds, pour le plus grand bonheur de toute la famille.\u00a0<\/p><p><a href=\"https:\/\/www.aalborgsports.fr\/location-materiel-location-ski-les-2-alpes\/\">Louer du mat\u00e9riel de ski<\/a> adapt\u00e9 \u00e0 son niveau, quel que soit son \u00e2ge, est essentiel pour progresser et profiter des joies de la glisse. Les \u00e9quipements et accessoires conviennent \u00e9galement aux besoins des enfants et garantissent une pratique en toute s\u00e9curit\u00e9. La location de ski Les 2 Alpes chez <a href=\"https:\/\/www.aalborgsports.fr\/\">Aalborg Sports<\/a> est un gage de qualit\u00e9, gr\u00e2ce \u00e0 son mat\u00e9riel entretenu et fr\u00e9quemment renouvel\u00e9. Du glacier au village de Mont de Lans, les pistes plus ou moins abruptes du domaine des <a href=\"https:\/\/www.aalborgsports.fr\/location-ski-les-deux-alpes\/\">2 Alpes<\/a> n\u2019attendent plus que vous.<\/p><div id=\"kurato_extension_modal\">\u00a0<\/div><div id=\"kurato_extension_modal\">\u00a0<\/div>\t\t\t\t\t\t\t\t<\/div>\n\t\t\t\t<\/div>\n\t\t\t\t\t<\/div>\n\t\t<\/div>\n\t\t\t\t<div class=\"elementor-column elementor-col-50 elementor-inner-column elementor-element elementor-element-5462a9b7\" data-id=\"5462a9b7\" data-element_type=\"column\" data-e-type=\"column\">\n\t\t\t<div class=\"elementor-widget-wrap elementor-element-populated\">\n\t\t\t\t\t\t<div class=\"elementor-element elementor-element-3465e428 elementor--h-position-center elementor--v-position-middle elementor-arrows-position-inside elementor-widget elementor-widget-slides\" data-id=\"3465e428\" data-element_type=\"widget\" data-e-type=\"widget\" data-settings=\"{&quot;navigation&quot;:&quot;arrows&quot;,&quot;autoplay&quot;:&quot;yes&quot;,&quot;pause_on_hover&quot;:&quot;yes&quot;,&quot;pause_on_interaction&quot;:&quot;yes&quot;,&quot;autoplay_speed&quot;:5000,&quot;infinite&quot;:&quot;yes&quot;,&quot;transition&quot;:&quot;slide&quot;,&quot;transition_speed&quot;:500}\" data-widget_type=\"slides.default\">\n\t\t\t\t<div class=\"elementor-widget-container\">\n\t\t\t\t\t\t\t\t\t<div class=\"elementor-swiper\">\n\t\t\t\t\t<div class=\"elementor-slides-wrapper elementor-main-swiper swiper\" role=\"region\" aria-roledescription=\"carousel\" aria-label=\"Diapositive\" dir=\"ltr\" data-animation=\"fadeInUp\">\n\t\t\t\t<div class=\"swiper-wrapper elementor-slides\">\n\t\t\t\t\t\t\t\t\t\t<div class=\"elementor-repeater-item-3b06448 swiper-slide\" role=\"group\" aria-roledescription=\"slide\"><div class=\"swiper-slide-bg\" role=\"img\" aria-label=\"Winter sport equipment skis and boots on the shelf in the rental area of a ski resort.\"><\/div><div class=\"swiper-slide-inner\" ><div class=\"swiper-slide-contents\"><\/div><\/div><\/div>\t\t\t\t<\/div>\n\t\t\t\t\t\t\t<\/div>\n\t\t\t\t<\/div>\n\t\t\t\t\t\t\t\t<\/div>\n\t\t\t\t<\/div>\n\t\t\t\t\t<\/div>\n\t\t<\/div>\n\t\t\t\t\t<\/div>\n\t\t<\/section>\n\t\t\t\t\t<\/div>\n\t\t<\/div>\n\t\t\t\t\t<\/div>\n\t\t<\/section>\n\t\t\t\t<section class=\"elementor-section elementor-top-section elementor-element elementor-element-1322372 elementor-section-boxed elementor-section-height-default elementor-section-height-default\" data-id=\"1322372\" data-element_type=\"section\" data-e-type=\"section\">\n\t\t\t\t\t\t<div class=\"elementor-container elementor-column-gap-default\">\n\t\t\t\t\t<div class=\"elementor-column elementor-col-100 elementor-top-column elementor-element elementor-element-1b27f73a\" data-id=\"1b27f73a\" data-element_type=\"column\" data-e-type=\"column\">\n\t\t\t<div class=\"elementor-widget-wrap elementor-element-populated\">\n\t\t\t\t\t\t<section class=\"elementor-section elementor-inner-section elementor-element elementor-element-6bef354f elementor-section-boxed elementor-section-height-default elementor-section-height-default\" data-id=\"6bef354f\" data-element_type=\"section\" data-e-type=\"section\">\n\t\t\t\t\t\t<div class=\"elementor-container elementor-column-gap-default\">\n\t\t\t\t\t<div class=\"elementor-column elementor-col-50 elementor-inner-column elementor-element elementor-element-2b308c1a\" data-id=\"2b308c1a\" data-element_type=\"column\" data-e-type=\"column\">\n\t\t\t<div class=\"elementor-widget-wrap elementor-element-populated\">\n\t\t\t\t\t\t<div class=\"elementor-element elementor-element-21162fe6 elementor--h-position-center elementor--v-position-middle elementor-arrows-position-inside elementor-widget elementor-widget-slides\" data-id=\"21162fe6\" data-element_type=\"widget\" data-e-type=\"widget\" data-settings=\"{&quot;navigation&quot;:&quot;arrows&quot;,&quot;autoplay&quot;:&quot;yes&quot;,&quot;pause_on_hover&quot;:&quot;yes&quot;,&quot;pause_on_interaction&quot;:&quot;yes&quot;,&quot;autoplay_speed&quot;:5000,&quot;infinite&quot;:&quot;yes&quot;,&quot;transition&quot;:&quot;slide&quot;,&quot;transition_speed&quot;:500}\" data-widget_type=\"slides.default\">\n\t\t\t\t<div class=\"elementor-widget-container\">\n\t\t\t\t\t\t\t\t\t<div class=\"elementor-swiper\">\n\t\t\t\t\t<div class=\"elementor-slides-wrapper elementor-main-swiper swiper\" role=\"region\" aria-roledescription=\"carousel\" aria-label=\"Diapositive\" dir=\"ltr\" data-animation=\"fadeInUp\">\n\t\t\t\t<div class=\"swiper-wrapper elementor-slides\">\n\t\t\t\t\t\t\t\t\t\t<div class=\"elementor-repeater-item-acc8828 swiper-slide\" role=\"group\" aria-roledescription=\"slide\"><div class=\"swiper-slide-bg\" role=\"img\" aria-label=\"Woman snowboarding at ski resort\"><\/div><div class=\"swiper-slide-inner\" ><div class=\"swiper-slide-contents\"><\/div><\/div><\/div>\t\t\t\t<\/div>\n\t\t\t\t\t\t\t<\/div>\n\t\t\t\t<\/div>\n\t\t\t\t\t\t\t\t<\/div>\n\t\t\t\t<\/div>\n\t\t\t\t\t<\/div>\n\t\t<\/div>\n\t\t\t\t<div class=\"elementor-column elementor-col-50 elementor-inner-column elementor-element elementor-element-3d228b9\" data-id=\"3d228b9\" data-element_type=\"column\" data-e-type=\"column\">\n\t\t\t<div class=\"elementor-widget-wrap elementor-element-populated\">\n\t\t\t\t\t\t<div class=\"elementor-element elementor-element-627d288f elementor-widget-divider--view-line elementor-widget elementor-widget-divider\" data-id=\"627d288f\" data-element_type=\"widget\" data-e-type=\"widget\" data-widget_type=\"divider.default\">\n\t\t\t\t<div class=\"elementor-widget-container\">\n\t\t\t\t\t\t\t<div class=\"elementor-divider\">\n\t\t\t<span class=\"elementor-divider-separator\">\n\t\t\t\t\t\t<\/span>\n\t\t<\/div>\n\t\t\t\t\t\t<\/div>\n\t\t\t\t<\/div>\n\t\t\t\t<div class=\"elementor-element elementor-element-4bdd80d2 elementor-widget elementor-widget-text-editor\" data-id=\"4bdd80d2\" data-element_type=\"widget\" data-e-type=\"widget\" data-widget_type=\"text-editor.default\">\n\t\t\t\t<div class=\"elementor-widget-container\">\n\t\t\t\t\t\t\t\t\t<h2><strong>Se faire conseiller en magasin de location de ski Les 2 Alpes<\/strong><\/h2><p>La signature Aalborg Sports est l\u2019accueil chaleureux r\u00e9serv\u00e9 par l\u2019\u00e9quipe \u00e0 chacun de ses clients. Skieurs en herbe, n\u00e9ophytes et riders exp\u00e9riment\u00e9s sont les bienvenus au sein de cet \u00e9tablissement qui place la passion pour la glisse au c\u0153ur de son m\u00e9tier. Ici, on prend le temps de d\u00e9terminer quel \u00e9quipement est le plus adapt\u00e9 au pratiquant. Pour d\u00e9buter, les professionnels vous conseillent et vous orientent vers un mat\u00e9riel robuste et fiable, id\u00e9al pour apprendre les rudiments du ski de piste par exemple. Si vous souhaitez plut\u00f4t perfectionner votre style ou exceller dans la poudreuse, vous trouverez \u00e9galement chaussure \u00e0 votre pied chez <a href=\"https:\/\/www.aalborgsports.fr\/acces-contact-location-de-ski-les-2-alpes\/\">Aalborg Sports<\/a>. Les codes couleur bleu, rouge et noir rendent le rep\u00e9rage du mat\u00e9riel correspondant \u00e0 votre niveau de ma\u00eetrise plus facile. Vous \u00eates plus rapidement par\u00e9s pour partir skier\u00a0!<\/p><p>Que les adeptes de randonn\u00e9es en raquettes, les snowboardeurs et les fondeurs enthousiastes se rassurent ! Le large choix de mat\u00e9riel disponible au magasin de <a href=\"https:\/\/www.aalborgsports.fr\/location-ski-les-deux-alpes\/location-materiel-ski-les-deux-alpes\/\">location de ski des 2 Alpes<\/a> Aalborg Sports permet de s\u2019adonner \u00e0 de nombreuses disciplines sur la neige\u00a0! Une fois dot\u00e9s d\u2019un casque pour la s\u00e9curit\u00e9, de b\u00e2tons pour l\u2019\u00e9quilibre et de v\u00eatements chauds, vous \u00eates pr\u00eats pour vous lancer sur les pistes. Votre s\u00e9jour \u00e0 la montagne, en plein c\u0153ur du splendide massif des \u00c9crins, d\u00e9marre sous les meilleurs auspices. \u00c0 vous les superbes paysages sur les cimes des majestueuses Alpes fran\u00e7aises. Les 410\u00a0hectares du domaine skiable des <a href=\"https:\/\/www.aalborgsports.fr\/location-ski-les-deux-alpes\/ski-les-2-alpes\/\">2 Alpes<\/a> s\u2019offrent \u00e0 vous comme une gigantesque salle de jeu \u00e0 ciel ouvert\u00a0!<\/p><div id=\"kurato_extension_modal\">\u00a0<\/div><div id=\"kurato_extension_modal\">\u00a0<\/div>\t\t\t\t\t\t\t\t<\/div>\n\t\t\t\t<\/div>\n\t\t\t\t\t<\/div>\n\t\t<\/div>\n\t\t\t\t\t<\/div>\n\t\t<\/section>\n\t\t\t\t\t<\/div>\n\t\t<\/div>\n\t\t\t\t\t<\/div>\n\t\t<\/section>\n\t\t\t\t<\/div>\n\t\t","protected":false},"excerpt":{"rendered":"<p>Aalborg Sports, magasin de location de ski Les 2 Alpes Les yeux des adeptes de glisse se remplissent d\u2019\u00e9toiles \u00e0 l\u2019\u00e9vocation des premi\u00e8res neiges. Le ciel cotonneux flirte avec la cime des montagnes qui se recouvrent d\u2019un \u00e9pais manteau blanc, d\u00e9clarant la saison des sports d\u2019hiver ouverte. Afin d\u2019en profiter comme il se doit, la [&hellip;]<\/p>\n","protected":false},"author":7,"featured_media":0,"parent":246,"menu_order":0,"comment_status":"closed","ping_status":"closed","template":"","meta":{"inline_featured_image":false,"footnotes":""},"class_list":["post-2188","page","type-page","status-publish","hentry"],"_links":{"self":[{"href":"https:\/\/www.aalborgsports.fr\/en\/wp-json\/wp\/v2\/pages\/2188","targetHints":{"allow":["GET"]}}],"collection":[{"href":"https:\/\/www.aalborgsports.fr\/en\/wp-json\/wp\/v2\/pages"}],"about":[{"href":"https:\/\/www.aalborgsports.fr\/en\/wp-json\/wp\/v2\/types\/page"}],"author":[{"embeddable":true,"href":"https:\/\/www.aalborgsports.fr\/en\/wp-json\/wp\/v2\/users\/7"}],"replies":[{"embeddable":true,"href":"https:\/\/www.aalborgsports.fr\/en\/wp-json\/wp\/v2\/comments?post=2188"}],"version-history":[{"count":5,"href":"https:\/\/www.aalborgsports.fr\/en\/wp-json\/wp\/v2\/pages\/2188\/revisions"}],"predecessor-version":[{"id":2195,"href":"https:\/\/www.aalborgsports.fr\/en\/wp-json\/wp\/v2\/pages\/2188\/revisions\/2195"}],"up":[{"embeddable":true,"href":"https:\/\/www.aalborgsports.fr\/en\/wp-json\/wp\/v2\/pages\/246"}],"wp:attachment":[{"href":"https:\/\/www.aalborgsports.fr\/en\/wp-json\/wp\/v2\/media?parent=2188"}],"curies":[{"name":"wp","href":"https:\/\/api.w.org\/{rel}","templated":true}]}}