{"id":2471,"date":"2024-02-20T15:33:08","date_gmt":"2024-02-20T14:33:08","guid":{"rendered":"https:\/\/www.aalborgsports.fr\/?page_id=2471"},"modified":"2024-02-20T15:49:24","modified_gmt":"2024-02-20T14:49:24","slug":"ski-rental-shop-les-2-alpes-2","status":"publish","type":"page","link":"https:\/\/www.aalborgsports.fr\/en\/location-ski-les-deux-alpes\/location-ski-deux-alpes\/","title":{"rendered":"Ski rental Deux Alpes"},"content":{"rendered":"\t\t<div data-elementor-type=\"wp-page\" data-elementor-id=\"2471\" class=\"elementor elementor-2471\" data-elementor-post-type=\"page\">\n\t\t\t\t\t\t<section class=\"elementor-section elementor-top-section elementor-element elementor-element-3b56a6c5 elementor-section-height-min-height elementor-hidden-phone elementor-section-boxed elementor-section-height-default elementor-section-items-middle\" data-id=\"3b56a6c5\" data-element_type=\"section\" data-e-type=\"section\" data-settings=\"{&quot;background_background&quot;:&quot;classic&quot;,&quot;background_motion_fx_motion_fx_scrolling&quot;:&quot;yes&quot;,&quot;background_motion_fx_translateY_effect&quot;:&quot;yes&quot;,&quot;background_motion_fx_translateY_speed&quot;:{&quot;unit&quot;:&quot;px&quot;,&quot;size&quot;:5.2,&quot;sizes&quot;:[]},&quot;background_motion_fx_translateY_affectedRange&quot;:{&quot;unit&quot;:&quot;%&quot;,&quot;size&quot;:&quot;&quot;,&quot;sizes&quot;:{&quot;start&quot;:14,&quot;end&quot;:100}},&quot;background_motion_fx_devices&quot;:[&quot;desktop&quot;,&quot;tablet&quot;],&quot;background_motion_fx_range&quot;:&quot;page&quot;}\">\n\t\t\t\t\t\t<div class=\"elementor-container elementor-column-gap-default\">\n\t\t\t\t\t<div class=\"elementor-column elementor-col-100 elementor-top-column elementor-element elementor-element-32ca4c41\" data-id=\"32ca4c41\" data-element_type=\"column\" data-e-type=\"column\">\n\t\t\t<div class=\"elementor-widget-wrap\">\n\t\t\t\t\t\t\t<\/div>\n\t\t<\/div>\n\t\t\t\t\t<\/div>\n\t\t<\/section>\n\t\t\t\t<section class=\"elementor-section elementor-top-section elementor-element elementor-element-1dcb4b37 elementor-section-boxed elementor-section-height-default elementor-section-height-default\" data-id=\"1dcb4b37\" data-element_type=\"section\" data-e-type=\"section\">\n\t\t\t\t\t\t<div class=\"elementor-container elementor-column-gap-default\">\n\t\t\t\t\t<div class=\"elementor-column elementor-col-100 elementor-top-column elementor-element elementor-element-46de6a3e\" data-id=\"46de6a3e\" data-element_type=\"column\" data-e-type=\"column\">\n\t\t\t<div class=\"elementor-widget-wrap elementor-element-populated\">\n\t\t\t\t\t\t<section class=\"elementor-section elementor-inner-section elementor-element elementor-element-55e75307 elementor-reverse-mobile elementor-section-boxed elementor-section-height-default elementor-section-height-default\" data-id=\"55e75307\" data-element_type=\"section\" data-e-type=\"section\">\n\t\t\t\t\t\t<div class=\"elementor-container elementor-column-gap-default\">\n\t\t\t\t\t<div class=\"elementor-column elementor-col-50 elementor-inner-column elementor-element elementor-element-5ebcc8a7\" data-id=\"5ebcc8a7\" data-element_type=\"column\" data-e-type=\"column\">\n\t\t\t<div class=\"elementor-widget-wrap elementor-element-populated\">\n\t\t\t\t\t\t<div class=\"elementor-element elementor-element-46f469fb elementor-widget-divider--view-line elementor-widget elementor-widget-divider\" data-id=\"46f469fb\" data-element_type=\"widget\" data-e-type=\"widget\" data-widget_type=\"divider.default\">\n\t\t\t\t<div class=\"elementor-widget-container\">\n\t\t\t\t\t\t\t<div class=\"elementor-divider\">\n\t\t\t<span class=\"elementor-divider-separator\">\n\t\t\t\t\t\t<\/span>\n\t\t<\/div>\n\t\t\t\t\t\t<\/div>\n\t\t\t\t<\/div>\n\t\t\t\t<div class=\"elementor-element elementor-element-6e56be55 elementor-widget elementor-widget-heading\" data-id=\"6e56be55\" data-element_type=\"widget\" data-e-type=\"widget\" data-widget_type=\"heading.default\">\n\t\t\t\t<div class=\"elementor-widget-container\">\n\t\t\t\t\t<h1 class=\"elementor-heading-title elementor-size-default\">Location ski aux Deux Alpes : du mat\u00e9riel \u00e0 la hauteur chez Aalborg Sports<\/h1>\t\t\t\t<\/div>\n\t\t\t\t<\/div>\n\t\t\t\t<div class=\"elementor-element elementor-element-c314444 elementor-widget elementor-widget-text-editor\" data-id=\"c314444\" data-element_type=\"widget\" data-e-type=\"widget\" data-widget_type=\"text-editor.default\">\n\t\t\t\t<div class=\"elementor-widget-container\">\n\t\t\t\t\t\t\t\t\t<p>Les vacances \u00e0 la montagne ne sont plus tr\u00e8s loin\u2026 Toute la famille s\u2019appr\u00eate \u00e0 vivre des instants de pur plaisir sur les pistes du plus haut domaine skiable d\u2019Europe. <a href=\"https:\/\/www.aalborgsports.fr\/\">Aalborg Sports<\/a> est l\u2019adresse incontournable pour la location de ski aux Deux Alpes\u00a0: on y trouve tous les \u00e9quipements n\u00e9cessaires \u00e0 une pratique de la glisse sereine et fun. Le massif des \u00c9crins et ses superbes sommets enneig\u00e9s s\u2019offrent \u00e0 vous. Alors, \u00eates-vous pr\u00eat \u00e0 partager des moments magiques en famille ou entre amis au c\u0153ur des Alpes fran\u00e7aises\u00a0?<\/p><h2><strong>La location ski aux Deux Alpes l\u2019hiver comme l\u2019\u00e9t\u00e9<\/strong><\/h2><div id=\"kurato_extension_modal\"><p><a href=\"https:\/\/www.aalborgsports.fr\/location-ski-les-deux-alpes\/\">Les Deux Alpes<\/a> l\u2019hiver, c\u2019est un domaine skiable de 410\u00a0hectares et 220\u00a0km de pistes balis\u00e9es qui s\u2019\u00e9tend de 3600\u00a0m \u00e0 1300\u00a0m d\u2019altitude\u00a0! Du sommet du glacier avec sa vue \u00e9poustouflante \u00e0 360\u00b0, au village de Mont de Lans, les descentes s\u2019encha\u00eenent sans m\u00eame passer par les remont\u00e9es m\u00e9caniques. Afin de profiter de cet immense terrain de jeu naturel en toute s\u00e9curit\u00e9 et en confort, les adeptes de <a href=\"https:\/\/www.aalborgsports.fr\/location-ski-les-deux-alpes\/hiver-magasin-de-ski-les-deux-alpes\/\">sports d\u2019hiver<\/a> peuvent compter sur les \u00e9quipements de qualit\u00e9 d\u2019Aalborg Sports. Sp\u00e9cialiste de la <a href=\"https:\/\/www.aalborgsports.fr\/location-ski-les-deux-alpes\/location-de-ski-les-deux-alpes\/\">location ski aux Deux Alpes<\/a>, le magasin vous ouvre ses portes dans une ambiance chaleureuse en plein c\u0153ur de la station : vous repartez les skis aux pieds ! Les sept secteurs du domaine assurent \u00e0 chacun d\u2019exp\u00e9rimenter la glisse sans mod\u00e9ration et \u00e0 sa mani\u00e8re. Pratique d\u00e9couverte, sportive ou d\u00e9tente, explorez les cimes du massif des \u00c9crins, de Vall\u00e9e Blanche au glacier, en passant par le snowpark \u00e0 La Toura. Des centaines de pentes enneig\u00e9es attendent les skieurs d\u00e9butants comme les experts.<\/p><p><span style=\"font-weight: 400;\">En \u00e9t\u00e9, <a href=\"https:\/\/www.aalborgsports.fr\/location-ski-les-deux-alpes\/ete-les-deux-alpes-activites\/\">mille et une activit\u00e9s<\/a> s\u2019offrent aux familles et groupes d\u2019amis depuis les Deux Alpes. Randonn\u00e9es p\u00e9destres ou \u00e0 v\u00e9lo, tout comme les sports de glisse qui restent accessibles eux aussi ! Faites le plein d\u2019\u00e9nergie et prenez un grand bol d\u2019air toute l\u2019ann\u00e9e sur les hauteurs de la station : perch\u00e9 \u00e0 3600 m d\u2019altitude, le glacier permet de skier en toute saison ! \u00c0 votre arriv\u00e9e, rendez-vous chez Aalborg Sports pour vous \u00e9quiper. Vous \u00eates au pied des remont\u00e9es m\u00e9caniques, \u00e0 quelques m\u00e8tres de vos meilleurs exploits.<\/span><\/p><\/div><div id=\"kurato_extension_modal\">\u00a0<\/div><div id=\"kurato_extension_modal\">\u00a0<\/div>\t\t\t\t\t\t\t\t<\/div>\n\t\t\t\t<\/div>\n\t\t\t\t\t<\/div>\n\t\t<\/div>\n\t\t\t\t<div class=\"elementor-column elementor-col-50 elementor-inner-column elementor-element elementor-element-5462a9b7\" data-id=\"5462a9b7\" data-element_type=\"column\" data-e-type=\"column\">\n\t\t\t<div class=\"elementor-widget-wrap elementor-element-populated\">\n\t\t\t\t\t\t<div class=\"elementor-element elementor-element-3465e428 elementor--h-position-center elementor--v-position-middle elementor-arrows-position-inside elementor-widget elementor-widget-slides\" data-id=\"3465e428\" data-element_type=\"widget\" data-e-type=\"widget\" data-settings=\"{&quot;navigation&quot;:&quot;arrows&quot;,&quot;autoplay&quot;:&quot;yes&quot;,&quot;pause_on_hover&quot;:&quot;yes&quot;,&quot;pause_on_interaction&quot;:&quot;yes&quot;,&quot;autoplay_speed&quot;:5000,&quot;infinite&quot;:&quot;yes&quot;,&quot;transition&quot;:&quot;slide&quot;,&quot;transition_speed&quot;:500}\" data-widget_type=\"slides.default\">\n\t\t\t\t<div class=\"elementor-widget-container\">\n\t\t\t\t\t\t\t\t\t<div class=\"elementor-swiper\">\n\t\t\t\t\t<div class=\"elementor-slides-wrapper elementor-main-swiper swiper\" role=\"region\" aria-roledescription=\"carousel\" aria-label=\"Diapositives\" dir=\"ltr\" data-animation=\"fadeInUp\">\n\t\t\t\t<div class=\"swiper-wrapper elementor-slides\">\n\t\t\t\t\t\t\t\t\t\t<div class=\"elementor-repeater-item-3b06448 swiper-slide\" role=\"group\" aria-roledescription=\"slide\"><div class=\"swiper-slide-bg\" role=\"img\" aria-label=\"location ski deux alpes\"><\/div><div class=\"swiper-slide-inner\" ><div class=\"swiper-slide-contents\"><\/div><\/div><\/div>\t\t\t\t<\/div>\n\t\t\t\t\t\t\t<\/div>\n\t\t\t\t<\/div>\n\t\t\t\t\t\t\t\t<\/div>\n\t\t\t\t<\/div>\n\t\t\t\t\t<\/div>\n\t\t<\/div>\n\t\t\t\t\t<\/div>\n\t\t<\/section>\n\t\t\t\t\t<\/div>\n\t\t<\/div>\n\t\t\t\t\t<\/div>\n\t\t<\/section>\n\t\t\t\t<section class=\"elementor-section elementor-top-section elementor-element elementor-element-1322372 elementor-section-boxed elementor-section-height-default elementor-section-height-default\" data-id=\"1322372\" data-element_type=\"section\" data-e-type=\"section\">\n\t\t\t\t\t\t<div class=\"elementor-container elementor-column-gap-default\">\n\t\t\t\t\t<div class=\"elementor-column elementor-col-100 elementor-top-column elementor-element elementor-element-1b27f73a\" data-id=\"1b27f73a\" data-element_type=\"column\" data-e-type=\"column\">\n\t\t\t<div class=\"elementor-widget-wrap elementor-element-populated\">\n\t\t\t\t\t\t<section class=\"elementor-section elementor-inner-section elementor-element elementor-element-6bef354f elementor-section-boxed elementor-section-height-default elementor-section-height-default\" data-id=\"6bef354f\" data-element_type=\"section\" data-e-type=\"section\">\n\t\t\t\t\t\t<div class=\"elementor-container elementor-column-gap-default\">\n\t\t\t\t\t<div class=\"elementor-column elementor-col-50 elementor-inner-column elementor-element elementor-element-2b308c1a\" data-id=\"2b308c1a\" data-element_type=\"column\" data-e-type=\"column\">\n\t\t\t<div class=\"elementor-widget-wrap elementor-element-populated\">\n\t\t\t\t\t\t<div class=\"elementor-element elementor-element-21162fe6 elementor--h-position-center elementor--v-position-middle elementor-arrows-position-inside elementor-widget elementor-widget-slides\" data-id=\"21162fe6\" data-element_type=\"widget\" data-e-type=\"widget\" data-settings=\"{&quot;navigation&quot;:&quot;arrows&quot;,&quot;autoplay&quot;:&quot;yes&quot;,&quot;pause_on_hover&quot;:&quot;yes&quot;,&quot;pause_on_interaction&quot;:&quot;yes&quot;,&quot;autoplay_speed&quot;:5000,&quot;infinite&quot;:&quot;yes&quot;,&quot;transition&quot;:&quot;slide&quot;,&quot;transition_speed&quot;:500}\" data-widget_type=\"slides.default\">\n\t\t\t\t<div class=\"elementor-widget-container\">\n\t\t\t\t\t\t\t\t\t<div class=\"elementor-swiper\">\n\t\t\t\t\t<div class=\"elementor-slides-wrapper elementor-main-swiper swiper\" role=\"region\" aria-roledescription=\"carousel\" aria-label=\"Diapositives\" dir=\"ltr\" data-animation=\"fadeInUp\">\n\t\t\t\t<div class=\"swiper-wrapper elementor-slides\">\n\t\t\t\t\t\t\t\t\t\t<div class=\"elementor-repeater-item-acc8828 swiper-slide\" role=\"group\" aria-roledescription=\"slide\"><div class=\"swiper-slide-bg\" role=\"img\" aria-label=\"location ski deux alpes\"><\/div><div class=\"swiper-slide-inner\" ><div class=\"swiper-slide-contents\"><\/div><\/div><\/div>\t\t\t\t<\/div>\n\t\t\t\t\t\t\t<\/div>\n\t\t\t\t<\/div>\n\t\t\t\t\t\t\t\t<\/div>\n\t\t\t\t<\/div>\n\t\t\t\t\t<\/div>\n\t\t<\/div>\n\t\t\t\t<div class=\"elementor-column elementor-col-50 elementor-inner-column elementor-element elementor-element-3d228b9\" data-id=\"3d228b9\" data-element_type=\"column\" data-e-type=\"column\">\n\t\t\t<div class=\"elementor-widget-wrap elementor-element-populated\">\n\t\t\t\t\t\t<div class=\"elementor-element elementor-element-627d288f elementor-widget-divider--view-line elementor-widget elementor-widget-divider\" data-id=\"627d288f\" data-element_type=\"widget\" data-e-type=\"widget\" data-widget_type=\"divider.default\">\n\t\t\t\t<div class=\"elementor-widget-container\">\n\t\t\t\t\t\t\t<div class=\"elementor-divider\">\n\t\t\t<span class=\"elementor-divider-separator\">\n\t\t\t\t\t\t<\/span>\n\t\t<\/div>\n\t\t\t\t\t\t<\/div>\n\t\t\t\t<\/div>\n\t\t\t\t<div class=\"elementor-element elementor-element-4bdd80d2 elementor-widget elementor-widget-text-editor\" data-id=\"4bdd80d2\" data-element_type=\"widget\" data-e-type=\"widget\" data-widget_type=\"text-editor.default\">\n\t\t\t\t<div class=\"elementor-widget-container\">\n\t\t\t\t\t\t\t\t\t<h2>Les<strong> \u00e9quipements de ski en location chez Aalborg Sports : s\u00e9curit\u00e9, confort et agilit\u00e9<\/strong><\/h2><p><a href=\"https:\/\/www.aalborgsports.fr\/notre-histoire-aalborg-sports\/\">Les professionnels<\/a> sont l\u00e0 pour vous conseiller et vous orienter vers le mat\u00e9riel le plus adapt\u00e9 \u00e0 votre pratique. Que vous soyez amateur de ski alpin, de snowboard, de t\u00e9l\u00e9mark ou encore de snowblade ou de raquettes, vous trouverez votre bonheur parmi les nombreux mod\u00e8les disponibles au sein de votre magasin. Vous souhaitez relever des d\u00e9fis techniques, perfectionner votre style ou tout simplement apprendre les rudiments de la glisse\u00a0? B\u00e9n\u00e9ficiez de l\u2019exp\u00e9rience du personnel d\u2019Aalborg Sports pour trouver l\u2019\u00e9quipement qui convient \u00e0 votre niveau et \u00e0 vos envies sur la neige. La <a href=\"https:\/\/www.aalborgsports.fr\/location-ski-les-deux-alpes\/magasin-location-ski-les-2-alpes\/\">boutique de location ski Deux Alpes<\/a> dispose \u00e9galement de tout le spectre d\u2019accessoires indispensables tels que les b\u00e2tons et le casque. Soigneusement stock\u00e9, entretenu et souvent renouvel\u00e9, le mat\u00e9riel r\u00e9f\u00e9renc\u00e9 par Aalborg Sports est fabriqu\u00e9 par les plus grandes marques, garantissant s\u00e9curit\u00e9 et fiabilit\u00e9. Pour vous permettre de rester bien au chaud pendant vos sorties sur les pistes, des bonnets, gants et blousons de ski sont en vente sur place. Petits et grands peuvent ainsi partir l\u2019esprit serein, habill\u00e9s de la t\u00eate aux pieds avec des articles de qualit\u00e9.<\/p><div id=\"kurato_extension_modal\">\u00a0<\/div><div id=\"kurato_extension_modal\">\u00a0<\/div>\t\t\t\t\t\t\t\t<\/div>\n\t\t\t\t<\/div>\n\t\t\t\t\t<\/div>\n\t\t<\/div>\n\t\t\t\t\t<\/div>\n\t\t<\/section>\n\t\t\t\t\t<\/div>\n\t\t<\/div>\n\t\t\t\t\t<\/div>\n\t\t<\/section>\n\t\t\t\t<\/div>\n\t\t","protected":false},"excerpt":{"rendered":"<p>Location ski aux Deux Alpes : du mat\u00e9riel \u00e0 la hauteur chez Aalborg Sports Les vacances \u00e0 la montagne ne sont plus tr\u00e8s loin\u2026 Toute la famille s\u2019appr\u00eate \u00e0 vivre des instants de pur plaisir sur les pistes du plus haut domaine skiable d\u2019Europe. Aalborg Sports est l\u2019adresse incontournable pour la location de ski aux [&hellip;]<\/p>\n","protected":false},"author":7,"featured_media":0,"parent":246,"menu_order":0,"comment_status":"closed","ping_status":"closed","template":"","meta":{"inline_featured_image":false,"footnotes":""},"class_list":["post-2471","page","type-page","status-publish","hentry"],"_links":{"self":[{"href":"https:\/\/www.aalborgsports.fr\/en\/wp-json\/wp\/v2\/pages\/2471","targetHints":{"allow":["GET"]}}],"collection":[{"href":"https:\/\/www.aalborgsports.fr\/en\/wp-json\/wp\/v2\/pages"}],"about":[{"href":"https:\/\/www.aalborgsports.fr\/en\/wp-json\/wp\/v2\/types\/page"}],"author":[{"embeddable":true,"href":"https:\/\/www.aalborgsports.fr\/en\/wp-json\/wp\/v2\/users\/7"}],"replies":[{"embeddable":true,"href":"https:\/\/www.aalborgsports.fr\/en\/wp-json\/wp\/v2\/comments?post=2471"}],"version-history":[{"count":10,"href":"https:\/\/www.aalborgsports.fr\/en\/wp-json\/wp\/v2\/pages\/2471\/revisions"}],"predecessor-version":[{"id":2484,"href":"https:\/\/www.aalborgsports.fr\/en\/wp-json\/wp\/v2\/pages\/2471\/revisions\/2484"}],"up":[{"embeddable":true,"href":"https:\/\/www.aalborgsports.fr\/en\/wp-json\/wp\/v2\/pages\/246"}],"wp:attachment":[{"href":"https:\/\/www.aalborgsports.fr\/en\/wp-json\/wp\/v2\/media?parent=2471"}],"curies":[{"name":"wp","href":"https:\/\/api.w.org\/{rel}","templated":true}]}}