{"id":1089,"date":"2022-12-05T16:10:14","date_gmt":"2022-12-05T15:10:14","guid":{"rendered":"https:\/\/www.aalborgsports.fr\/?post_type=product&#038;p=1089"},"modified":"2024-06-19T07:31:57","modified_gmt":"2024-06-19T05:31:57","slug":"sled","status":"publish","type":"product","link":"https:\/\/www.aalborgsports.fr\/en\/produit\/luge\/","title":{"rendered":"Sled"},"content":{"rendered":"<p>The sleds are designed for children, with brakes for easy stopping and steering.<\/p>\n<p>&nbsp;<\/p>\n<p><strong>Book this product directly with the shop.<\/strong><\/p>","protected":false},"excerpt":{"rendered":"<p>Les luges sont destin\u00e9es aux enfants, dot\u00e9es de freins pour s&rsquo;arr\u00eater et se diriger en toute simplicit\u00e9. &nbsp; R\u00e9servation de ce produit directement au magasin.<\/p>","protected":false},"featured_media":1316,"template":"","meta":{"inline_featured_image":false},"product_brand":[],"product_cat":[32],"product_tag":[],"class_list":{"0":"post-1089","1":"product","2":"type-product","3":"status-publish","4":"has-post-thumbnail","6":"product_cat-equipements","8":"first","9":"outofstock","10":"taxable","11":"shipping-taxable","12":"product-type-simple"},"_links":{"self":[{"href":"https:\/\/www.aalborgsports.fr\/en\/wp-json\/wp\/v2\/product\/1089","targetHints":{"allow":["GET"]}}],"collection":[{"href":"https:\/\/www.aalborgsports.fr\/en\/wp-json\/wp\/v2\/product"}],"about":[{"href":"https:\/\/www.aalborgsports.fr\/en\/wp-json\/wp\/v2\/types\/product"}],"wp:featuredmedia":[{"embeddable":true,"href":"https:\/\/www.aalborgsports.fr\/en\/wp-json\/wp\/v2\/media\/1316"}],"wp:attachment":[{"href":"https:\/\/www.aalborgsports.fr\/en\/wp-json\/wp\/v2\/media?parent=1089"}],"wp:term":[{"taxonomy":"product_brand","embeddable":true,"href":"https:\/\/www.aalborgsports.fr\/en\/wp-json\/wp\/v2\/product_brand?post=1089"},{"taxonomy":"product_cat","embeddable":true,"href":"https:\/\/www.aalborgsports.fr\/en\/wp-json\/wp\/v2\/product_cat?post=1089"},{"taxonomy":"product_tag","embeddable":true,"href":"https:\/\/www.aalborgsports.fr\/en\/wp-json\/wp\/v2\/product_tag?post=1089"}],"curies":[{"name":"wp","href":"https:\/\/api.w.org\/{rel}","templated":true}]}}