{"id":1751,"date":"2023-06-14T14:33:45","date_gmt":"2023-06-14T12:33:45","guid":{"rendered":"https:\/\/www.aalborgsports.fr\/?page_id=1751"},"modified":"2023-07-21T10:16:45","modified_gmt":"2023-07-21T08:16:45","slug":"noleggio-sci-4-ragioni-per-scegliere-aalborg-sports-les-2-alpes","status":"publish","type":"page","link":"https:\/\/www.aalborgsports.fr\/it\/location-ski-les-deux-alpes\/location-ski\/","title":{"rendered":"Noleggio sci"},"content":{"rendered":"\t\t<div data-elementor-type=\"wp-page\" data-elementor-id=\"1751\" class=\"elementor elementor-1751\" data-elementor-post-type=\"page\">\n\t\t\t\t\t\t<section class=\"elementor-section elementor-top-section elementor-element elementor-element-3b56a6c5 elementor-section-height-min-height elementor-hidden-phone elementor-section-boxed elementor-section-height-default elementor-section-items-middle\" data-id=\"3b56a6c5\" data-element_type=\"section\" data-e-type=\"section\" data-settings=\"{&quot;background_background&quot;:&quot;classic&quot;,&quot;background_motion_fx_motion_fx_scrolling&quot;:&quot;yes&quot;,&quot;background_motion_fx_translateY_effect&quot;:&quot;yes&quot;,&quot;background_motion_fx_translateY_speed&quot;:{&quot;unit&quot;:&quot;px&quot;,&quot;size&quot;:5.2,&quot;sizes&quot;:[]},&quot;background_motion_fx_translateY_affectedRange&quot;:{&quot;unit&quot;:&quot;%&quot;,&quot;size&quot;:&quot;&quot;,&quot;sizes&quot;:{&quot;start&quot;:14,&quot;end&quot;:100}},&quot;background_motion_fx_devices&quot;:[&quot;desktop&quot;,&quot;tablet&quot;],&quot;background_motion_fx_range&quot;:&quot;page&quot;}\">\n\t\t\t\t\t\t<div class=\"elementor-container elementor-column-gap-default\">\n\t\t\t\t\t<div class=\"elementor-column elementor-col-100 elementor-top-column elementor-element elementor-element-32ca4c41\" data-id=\"32ca4c41\" data-element_type=\"column\" data-e-type=\"column\">\n\t\t\t<div class=\"elementor-widget-wrap\">\n\t\t\t\t\t\t\t<\/div>\n\t\t<\/div>\n\t\t\t\t\t<\/div>\n\t\t<\/section>\n\t\t\t\t<section class=\"elementor-section elementor-top-section elementor-element elementor-element-1dcb4b37 elementor-section-boxed elementor-section-height-default elementor-section-height-default\" data-id=\"1dcb4b37\" data-element_type=\"section\" data-e-type=\"section\">\n\t\t\t\t\t\t<div class=\"elementor-container elementor-column-gap-default\">\n\t\t\t\t\t<div class=\"elementor-column elementor-col-100 elementor-top-column elementor-element elementor-element-46de6a3e\" data-id=\"46de6a3e\" data-element_type=\"column\" data-e-type=\"column\">\n\t\t\t<div class=\"elementor-widget-wrap elementor-element-populated\">\n\t\t\t\t\t\t<section class=\"elementor-section elementor-inner-section elementor-element elementor-element-55e75307 elementor-reverse-mobile elementor-section-boxed elementor-section-height-default elementor-section-height-default\" data-id=\"55e75307\" data-element_type=\"section\" data-e-type=\"section\">\n\t\t\t\t\t\t<div class=\"elementor-container elementor-column-gap-default\">\n\t\t\t\t\t<div class=\"elementor-column elementor-col-50 elementor-inner-column elementor-element elementor-element-5ebcc8a7\" data-id=\"5ebcc8a7\" data-element_type=\"column\" data-e-type=\"column\">\n\t\t\t<div class=\"elementor-widget-wrap elementor-element-populated\">\n\t\t\t\t\t\t<div class=\"elementor-element elementor-element-46f469fb elementor-widget-divider--view-line elementor-widget elementor-widget-divider\" data-id=\"46f469fb\" data-element_type=\"widget\" data-e-type=\"widget\" data-widget_type=\"divider.default\">\n\t\t\t\t<div class=\"elementor-widget-container\">\n\t\t\t\t\t\t\t<div class=\"elementor-divider\">\n\t\t\t<span class=\"elementor-divider-separator\">\n\t\t\t\t\t\t<\/span>\n\t\t<\/div>\n\t\t\t\t\t\t<\/div>\n\t\t\t\t<\/div>\n\t\t\t\t<div class=\"elementor-element elementor-element-6e56be55 elementor-widget elementor-widget-heading\" data-id=\"6e56be55\" data-element_type=\"widget\" data-e-type=\"widget\" data-widget_type=\"heading.default\">\n\t\t\t\t<div class=\"elementor-widget-container\">\n\t\t\t\t\t<h1 class=\"elementor-heading-title elementor-size-default\">Location ski : 4 raisons de choisir Aalborg Sports<\/h1>\t\t\t\t<\/div>\n\t\t\t\t<\/div>\n\t\t\t\t<div class=\"elementor-element elementor-element-c314444 elementor-widget elementor-widget-text-editor\" data-id=\"c314444\" data-element_type=\"widget\" data-e-type=\"widget\" data-widget_type=\"text-editor.default\">\n\t\t\t\t<div class=\"elementor-widget-container\">\n\t\t\t\t\t\t\t\t\t<p>La location de skis pr\u00e9sente bien des avantages pendant un s\u00e9jour \u00e0 la montagne. Tester le mat\u00e9riel avant d\u2019investir, essayer plusieurs disciplines, \u00e9viter le transport lorsque l\u2019on est d\u00e9j\u00e0 bien charg\u00e9, etc. <a href=\"https:\/\/www.aalborgsports.fr\/\">Aalborg Sports<\/a> est votre boutique de r\u00e9f\u00e9rence aux 2 Alpes pour emprunter l\u2019\u00e9quipement de vos vacances d\u2019hiver et nous vous expliquons pourquoi.<\/p><h2>1. Louer du mat\u00e9riel adapt\u00e9 aux skieurs de tous niveaux<\/h2><p>Chaque ann\u00e9e, vous partez \u00e0 l\u2019assaut des sommets enneig\u00e9s pour profiter des sports d\u2019hiver en famille ? Ou peut-\u00eatre souhaitez-vous sauter le pas et d\u00e9couvrir enfin les joies de la glisse ? Quelle que soit votre exp\u00e9rience, enfant comme adulte, l\u2019\u00e9quipement est choisi en fonction de votre morphologie et de vos attentes. Bleu, rouge ou noir, vous d\u00e9terminez la couleur qui correspond \u00e0 votre niveau : d\u00e9butant, interm\u00e9diaire ou expert. Ensuite, nous nous chargeons de vous fournir des chaussures, des skis, un casque et des b\u00e2tons. Enfin, dans un but de confort et de s\u00e9curit\u00e9, nous effectuons les r\u00e9glages du mat\u00e9riel en fonction de vos aptitudes sur les pistes.<\/p><h2>2. Disposer de conseils experts avec Aalborg Sports<\/h2><p>Une \u00e9quipe de professionnels serviables et attentifs \u00e0 vos besoins vous accueille \u00e0 la boutique Aalborg Sports. Vous \u00eates novice, ils vous conseillent des skis plus courts, garantissant stabilit\u00e9 et maniabilit\u00e9. Votre niveau se r\u00e9v\u00e8le plut\u00f4t avanc\u00e9 ? Ils vous orientent vers le mat\u00e9riel qui booste vos sensations et vos performances, pour prendre de la vitesse ou g\u00e9rer des virages vifs, par exemple. Pr\u00e9f\u00e9rer la location de skis permet aussi de b\u00e9n\u00e9ficier d\u2019un avis expert pour choisir l\u2019\u00e9quipement qui, mieux adapt\u00e9 \u00e0 sa pratique, vient corriger les d\u00e9fauts de forme. Une fois ajust\u00e9s, vous n\u2019avez plus qu\u2019\u00e0 <a href=\"https:\/\/www.aalborgsports.fr\/location-materiel-randonnee-les-2-alpes\/\">chausser vos skis<\/a> et d\u00e9valer les versants recouverts de neige.<\/p>\t\t\t\t\t\t\t\t<\/div>\n\t\t\t\t<\/div>\n\t\t\t\t\t<\/div>\n\t\t<\/div>\n\t\t\t\t<div class=\"elementor-column elementor-col-50 elementor-inner-column elementor-element elementor-element-5462a9b7\" data-id=\"5462a9b7\" data-element_type=\"column\" data-e-type=\"column\">\n\t\t\t<div class=\"elementor-widget-wrap elementor-element-populated\">\n\t\t\t\t\t\t<div class=\"elementor-element elementor-element-3465e428 elementor--h-position-center elementor--v-position-middle elementor-arrows-position-inside elementor-widget elementor-widget-slides\" data-id=\"3465e428\" data-element_type=\"widget\" data-e-type=\"widget\" data-settings=\"{&quot;navigation&quot;:&quot;arrows&quot;,&quot;autoplay&quot;:&quot;yes&quot;,&quot;pause_on_hover&quot;:&quot;yes&quot;,&quot;pause_on_interaction&quot;:&quot;yes&quot;,&quot;autoplay_speed&quot;:5000,&quot;infinite&quot;:&quot;yes&quot;,&quot;transition&quot;:&quot;slide&quot;,&quot;transition_speed&quot;:500}\" data-widget_type=\"slides.default\">\n\t\t\t\t<div class=\"elementor-widget-container\">\n\t\t\t\t\t\t\t\t\t<div class=\"elementor-swiper\">\n\t\t\t\t\t<div class=\"elementor-slides-wrapper elementor-main-swiper swiper\" role=\"region\" aria-roledescription=\"carousel\" aria-label=\"Diapositives\" dir=\"ltr\" data-animation=\"fadeInUp\">\n\t\t\t\t<div class=\"swiper-wrapper elementor-slides\">\n\t\t\t\t\t\t\t\t\t\t<div class=\"elementor-repeater-item-3b06448 swiper-slide\" role=\"group\" aria-roledescription=\"slide\"><div class=\"swiper-slide-bg\" role=\"img\" aria-label=\"jeune fille qui met ses chaussures de ski - location ski\"><\/div><div class=\"swiper-slide-inner\" ><div class=\"swiper-slide-contents\"><\/div><\/div><\/div>\t\t\t\t<\/div>\n\t\t\t\t\t\t\t<\/div>\n\t\t\t\t<\/div>\n\t\t\t\t\t\t\t\t<\/div>\n\t\t\t\t<\/div>\n\t\t\t\t\t<\/div>\n\t\t<\/div>\n\t\t\t\t\t<\/div>\n\t\t<\/section>\n\t\t\t\t\t<\/div>\n\t\t<\/div>\n\t\t\t\t\t<\/div>\n\t\t<\/section>\n\t\t\t\t<section class=\"elementor-section elementor-top-section elementor-element elementor-element-1322372 elementor-section-boxed elementor-section-height-default elementor-section-height-default\" data-id=\"1322372\" data-element_type=\"section\" data-e-type=\"section\">\n\t\t\t\t\t\t<div class=\"elementor-container elementor-column-gap-default\">\n\t\t\t\t\t<div class=\"elementor-column elementor-col-100 elementor-top-column elementor-element elementor-element-1b27f73a\" data-id=\"1b27f73a\" data-element_type=\"column\" data-e-type=\"column\">\n\t\t\t<div class=\"elementor-widget-wrap elementor-element-populated\">\n\t\t\t\t\t\t<section class=\"elementor-section elementor-inner-section elementor-element elementor-element-6bef354f elementor-section-boxed elementor-section-height-default elementor-section-height-default\" data-id=\"6bef354f\" data-element_type=\"section\" data-e-type=\"section\">\n\t\t\t\t\t\t<div class=\"elementor-container elementor-column-gap-default\">\n\t\t\t\t\t<div class=\"elementor-column elementor-col-50 elementor-inner-column elementor-element elementor-element-2b308c1a\" data-id=\"2b308c1a\" data-element_type=\"column\" data-e-type=\"column\">\n\t\t\t<div class=\"elementor-widget-wrap elementor-element-populated\">\n\t\t\t\t\t\t<div class=\"elementor-element elementor-element-21162fe6 elementor--h-position-center elementor--v-position-middle elementor-arrows-position-inside elementor-widget elementor-widget-slides\" data-id=\"21162fe6\" data-element_type=\"widget\" data-e-type=\"widget\" data-settings=\"{&quot;navigation&quot;:&quot;arrows&quot;,&quot;autoplay&quot;:&quot;yes&quot;,&quot;pause_on_hover&quot;:&quot;yes&quot;,&quot;pause_on_interaction&quot;:&quot;yes&quot;,&quot;autoplay_speed&quot;:5000,&quot;infinite&quot;:&quot;yes&quot;,&quot;transition&quot;:&quot;slide&quot;,&quot;transition_speed&quot;:500}\" data-widget_type=\"slides.default\">\n\t\t\t\t<div class=\"elementor-widget-container\">\n\t\t\t\t\t\t\t\t\t<div class=\"elementor-swiper\">\n\t\t\t\t\t<div class=\"elementor-slides-wrapper elementor-main-swiper swiper\" role=\"region\" aria-roledescription=\"carousel\" aria-label=\"Diapositives\" dir=\"ltr\" data-animation=\"fadeInUp\">\n\t\t\t\t<div class=\"swiper-wrapper elementor-slides\">\n\t\t\t\t\t\t\t\t\t\t<div class=\"elementor-repeater-item-acc8828 swiper-slide\" role=\"group\" aria-roledescription=\"slide\"><div class=\"swiper-slide-bg\" role=\"img\" aria-label=\"jeune homme qui s&#039;amuse avec ses ski - location ski\"><\/div><div class=\"swiper-slide-inner\" ><div class=\"swiper-slide-contents\"><\/div><\/div><\/div>\t\t\t\t<\/div>\n\t\t\t\t\t\t\t<\/div>\n\t\t\t\t<\/div>\n\t\t\t\t\t\t\t\t<\/div>\n\t\t\t\t<\/div>\n\t\t\t\t\t<\/div>\n\t\t<\/div>\n\t\t\t\t<div class=\"elementor-column elementor-col-50 elementor-inner-column elementor-element elementor-element-3d228b9\" data-id=\"3d228b9\" data-element_type=\"column\" data-e-type=\"column\">\n\t\t\t<div class=\"elementor-widget-wrap elementor-element-populated\">\n\t\t\t\t\t\t<div class=\"elementor-element elementor-element-627d288f elementor-widget-divider--view-line elementor-widget elementor-widget-divider\" data-id=\"627d288f\" data-element_type=\"widget\" data-e-type=\"widget\" data-widget_type=\"divider.default\">\n\t\t\t\t<div class=\"elementor-widget-container\">\n\t\t\t\t\t\t\t<div class=\"elementor-divider\">\n\t\t\t<span class=\"elementor-divider-separator\">\n\t\t\t\t\t\t<\/span>\n\t\t<\/div>\n\t\t\t\t\t\t<\/div>\n\t\t\t\t<\/div>\n\t\t\t\t<div class=\"elementor-element elementor-element-5ee867 elementor-widget elementor-widget-heading\" data-id=\"5ee867\" data-element_type=\"widget\" data-e-type=\"widget\" data-widget_type=\"heading.default\">\n\t\t\t\t<div class=\"elementor-widget-container\">\n\t\t\t\t\t<h1 class=\"elementor-heading-title elementor-size-default\">Location mat\u00e9riel de ski <\/h1>\t\t\t\t<\/div>\n\t\t\t\t<\/div>\n\t\t\t\t<div class=\"elementor-element elementor-element-4bdd80d2 elementor-widget elementor-widget-text-editor\" data-id=\"4bdd80d2\" data-element_type=\"widget\" data-e-type=\"widget\" data-widget_type=\"text-editor.default\">\n\t\t\t\t<div class=\"elementor-widget-container\">\n\t\t\t\t\t\t\t\t\t<h2>3. Profiter de la location de skis aux pieds des pistes<\/h2><p>Aalborg Sports propose un service de location ski des plus pratiques. Nous mettons tout en \u0153uvre pour vous simplifier la vie\u00a0! Notre boutique, situ\u00e9e au pied des pistes, vous permet un acc\u00e8s direct aux remont\u00e9es m\u00e9caniques. Le t\u00e9l\u00e9si\u00e8ge du Diable et le t\u00e9l\u00e9ph\u00e9rique Jandri\u00a0Express I se trouvent en effet devant le magasin. <a href=\"https:\/\/www.aalborgsports.fr\/produit\/pack-skis-enfant-chaussures\/\">Vos enfants<\/a> vous accompagnent pendant votre s\u00e9jour \u00e0 la neige\u00a0? Les \u00e9coles se donnent rendez-vous \u00e0 30\u00a0m\u00e8tres. De m\u00eame, apr\u00e8s de longues heures d\u2019exercice, nul besoin de transporter l\u2019\u00e9quipement \u00e0 travers la station. Nous r\u00e9cup\u00e9rons vos skis et les stockons jusqu\u2019\u00e0 votre prochaine sortie. Vous d\u00e9couvrirez \u00e9galement vos chaussures s\u00e9ch\u00e9es et chauff\u00e9es par nos soins pour un d\u00e9but de journ\u00e9e confortable\u00a0!<\/p><h2>4. B\u00e9n\u00e9ficier d\u2019un \u00e9quipement de ski de qualit\u00e9 \u00e0 des prix attractifs<\/h2><p>Quel est le prix d\u2019une location de ski\u00a0? Cette question semble l\u00e9gitime compte tenu de la vari\u00e9t\u00e9 des options disponibles en station. En empruntant votre mat\u00e9riel aupr\u00e8s d\u2019Aalborg Sports, vous b\u00e9n\u00e9ficiez de tarifs attractifs et adapt\u00e9s \u00e0 votre situation. En effet, nous proposons des packs \u00e9conomiques, ainsi que des offres sp\u00e9ciales familles, avec notamment le pr\u00eat du casque gratuit pour les enfants. Nous avons le privil\u00e8ge de collaborer avec de grandes marques telles que Salomon, Blizzard, Dynamic, ou encore Wintersteiger. Ces \u00e9quipements de qualit\u00e9 assurent des moments de glisse inoubliables et s\u00fbrs. <a href=\"https:\/\/www.aalborgsports.fr\/location-ski-les-deux-alpes\/hiver-magasin-de-ski-les-deux-alpes\/\">Le superbe domaine skiable<\/a> des 2 Alpes n\u2019attend plus que vous\u00a0!<\/p>\t\t\t\t\t\t\t\t<\/div>\n\t\t\t\t<\/div>\n\t\t\t\t\t<\/div>\n\t\t<\/div>\n\t\t\t\t\t<\/div>\n\t\t<\/section>\n\t\t\t\t\t<\/div>\n\t\t<\/div>\n\t\t\t\t\t<\/div>\n\t\t<\/section>\n\t\t\t\t<\/div>\n\t\t","protected":false},"excerpt":{"rendered":"<p>Location ski : 4 raisons de choisir Aalborg Sports La location de skis pr\u00e9sente bien des avantages pendant un s\u00e9jour \u00e0 la montagne. Tester le mat\u00e9riel avant d\u2019investir, essayer plusieurs disciplines, \u00e9viter le transport lorsque l\u2019on est d\u00e9j\u00e0 bien charg\u00e9, etc. Aalborg Sports est votre boutique de r\u00e9f\u00e9rence aux 2 Alpes pour emprunter l\u2019\u00e9quipement de [&hellip;]<\/p>\n","protected":false},"author":7,"featured_media":0,"parent":246,"menu_order":0,"comment_status":"closed","ping_status":"closed","template":"","meta":{"inline_featured_image":false,"footnotes":""},"class_list":["post-1751","page","type-page","status-publish","hentry"],"_links":{"self":[{"href":"https:\/\/www.aalborgsports.fr\/it\/wp-json\/wp\/v2\/pages\/1751","targetHints":{"allow":["GET"]}}],"collection":[{"href":"https:\/\/www.aalborgsports.fr\/it\/wp-json\/wp\/v2\/pages"}],"about":[{"href":"https:\/\/www.aalborgsports.fr\/it\/wp-json\/wp\/v2\/types\/page"}],"author":[{"embeddable":true,"href":"https:\/\/www.aalborgsports.fr\/it\/wp-json\/wp\/v2\/users\/7"}],"replies":[{"embeddable":true,"href":"https:\/\/www.aalborgsports.fr\/it\/wp-json\/wp\/v2\/comments?post=1751"}],"version-history":[{"count":18,"href":"https:\/\/www.aalborgsports.fr\/it\/wp-json\/wp\/v2\/pages\/1751\/revisions"}],"predecessor-version":[{"id":1926,"href":"https:\/\/www.aalborgsports.fr\/it\/wp-json\/wp\/v2\/pages\/1751\/revisions\/1926"}],"up":[{"embeddable":true,"href":"https:\/\/www.aalborgsports.fr\/it\/wp-json\/wp\/v2\/pages\/246"}],"wp:attachment":[{"href":"https:\/\/www.aalborgsports.fr\/it\/wp-json\/wp\/v2\/media?parent=1751"}],"curies":[{"name":"wp","href":"https:\/\/api.w.org\/{rel}","templated":true}]}}