{"id":1773,"date":"2023-07-10T10:54:25","date_gmt":"2023-07-10T08:54:25","guid":{"rendered":"https:\/\/www.aalborgsports.fr\/?page_id=1773"},"modified":"2023-07-21T10:16:40","modified_gmt":"2023-07-21T08:16:40","slug":"noleggio-2-alpes-les-2-alpes","status":"publish","type":"page","link":"https:\/\/www.aalborgsports.fr\/it\/location-ski-les-deux-alpes\/location-2-alpes\/","title":{"rendered":"Posizione 2 alpes"},"content":{"rendered":"\t\t<div data-elementor-type=\"wp-page\" data-elementor-id=\"1773\" class=\"elementor elementor-1773\" data-elementor-post-type=\"page\">\n\t\t\t\t\t\t<section class=\"elementor-section elementor-top-section elementor-element elementor-element-3b56a6c5 elementor-section-height-min-height elementor-hidden-phone elementor-section-boxed elementor-section-height-default elementor-section-items-middle\" data-id=\"3b56a6c5\" data-element_type=\"section\" data-e-type=\"section\" data-settings=\"{&quot;background_background&quot;:&quot;classic&quot;,&quot;background_motion_fx_motion_fx_scrolling&quot;:&quot;yes&quot;,&quot;background_motion_fx_translateY_effect&quot;:&quot;yes&quot;,&quot;background_motion_fx_translateY_speed&quot;:{&quot;unit&quot;:&quot;px&quot;,&quot;size&quot;:5.2,&quot;sizes&quot;:[]},&quot;background_motion_fx_translateY_affectedRange&quot;:{&quot;unit&quot;:&quot;%&quot;,&quot;size&quot;:&quot;&quot;,&quot;sizes&quot;:{&quot;start&quot;:14,&quot;end&quot;:100}},&quot;background_motion_fx_devices&quot;:[&quot;desktop&quot;,&quot;tablet&quot;],&quot;background_motion_fx_range&quot;:&quot;page&quot;}\">\n\t\t\t\t\t\t<div class=\"elementor-container elementor-column-gap-default\">\n\t\t\t\t\t<div class=\"elementor-column elementor-col-100 elementor-top-column elementor-element elementor-element-32ca4c41\" data-id=\"32ca4c41\" data-element_type=\"column\" data-e-type=\"column\">\n\t\t\t<div class=\"elementor-widget-wrap\">\n\t\t\t\t\t\t\t<\/div>\n\t\t<\/div>\n\t\t\t\t\t<\/div>\n\t\t<\/section>\n\t\t\t\t<section class=\"elementor-section elementor-top-section elementor-element elementor-element-1dcb4b37 elementor-section-boxed elementor-section-height-default elementor-section-height-default\" data-id=\"1dcb4b37\" data-element_type=\"section\" data-e-type=\"section\">\n\t\t\t\t\t\t<div class=\"elementor-container elementor-column-gap-default\">\n\t\t\t\t\t<div class=\"elementor-column elementor-col-100 elementor-top-column elementor-element elementor-element-46de6a3e\" data-id=\"46de6a3e\" data-element_type=\"column\" data-e-type=\"column\">\n\t\t\t<div class=\"elementor-widget-wrap elementor-element-populated\">\n\t\t\t\t\t\t<section class=\"elementor-section elementor-inner-section elementor-element elementor-element-55e75307 elementor-reverse-mobile elementor-section-boxed elementor-section-height-default elementor-section-height-default\" data-id=\"55e75307\" data-element_type=\"section\" data-e-type=\"section\">\n\t\t\t\t\t\t<div class=\"elementor-container elementor-column-gap-default\">\n\t\t\t\t\t<div class=\"elementor-column elementor-col-50 elementor-inner-column elementor-element elementor-element-5ebcc8a7\" data-id=\"5ebcc8a7\" data-element_type=\"column\" data-e-type=\"column\">\n\t\t\t<div class=\"elementor-widget-wrap elementor-element-populated\">\n\t\t\t\t\t\t<div class=\"elementor-element elementor-element-46f469fb elementor-widget-divider--view-line elementor-widget elementor-widget-divider\" data-id=\"46f469fb\" data-element_type=\"widget\" data-e-type=\"widget\" data-widget_type=\"divider.default\">\n\t\t\t\t<div class=\"elementor-widget-container\">\n\t\t\t\t\t\t\t<div class=\"elementor-divider\">\n\t\t\t<span class=\"elementor-divider-separator\">\n\t\t\t\t\t\t<\/span>\n\t\t<\/div>\n\t\t\t\t\t\t<\/div>\n\t\t\t\t<\/div>\n\t\t\t\t<div class=\"elementor-element elementor-element-6e56be55 elementor-widget elementor-widget-heading\" data-id=\"6e56be55\" data-element_type=\"widget\" data-e-type=\"widget\" data-widget_type=\"heading.default\">\n\t\t\t\t<div class=\"elementor-widget-container\">\n\t\t\t\t\t<h1 class=\"elementor-heading-title elementor-size-default\">Aalborg pour votre location 2 Alpes : du mat\u00e9riel de qualit\u00e9 en toute circonstance<\/h1>\t\t\t\t<\/div>\n\t\t\t\t<\/div>\n\t\t\t\t<div class=\"elementor-element elementor-element-c314444 elementor-widget elementor-widget-text-editor\" data-id=\"c314444\" data-element_type=\"widget\" data-e-type=\"widget\" data-widget_type=\"text-editor.default\">\n\t\t\t\t<div class=\"elementor-widget-container\">\n\t\t\t\t\t\t\t\t\t<p><span style=\"font-family: 'Arial',sans-serif; color: black;\">Pour votre prochain s\u00e9jour \u00e0 la montagne, optez pour la location plut\u00f4t que de ramener votre propre \u00e9quipement. Notre location 2 Alpes pr\u00e9sente bien des avantages et all\u00e8ge aussi bien la valise que les esprits pour des vacances r\u00e9ussies et un s\u00e9jour m\u00e9morable.\u00a0<\/span><span style=\"font-variant-numeric: normal; font-variant-east-asian: normal; font-variant-alternates: normal; white-space-collapse: preserve;\"><span style=\"font-family: 'Arial',sans-serif; color: black;\">Nous vous pr\u00e9sentons les avantages qui font qu\u2019opter pour la location plut\u00f4t que l\u2019achat est plus int\u00e9ressant.<\/span><\/span><\/p><h2>B\u00e9n\u00e9ficier du mat\u00e9riel neuf et \u00e0 la pointe de technologie<\/h2><p><span style=\"font-family: 'Arial',sans-serif; color: black;\"><a href=\"https:\/\/www.aalborgsports.fr\/\">Notre boutique Aalborg Sports<\/a> propose des accessoires et \u00e9quipements \u00e0 la pointe de la technologie. Nous proposons du mat\u00e9riel dernier cri, les derniers mod\u00e8les sortis et les plus grandes marques existantes comme Blizzard, Rossignol, Salomon ou encore Wintersteiger afin de vous permettre de b\u00e9n\u00e9ficier du meilleur mat\u00e9riel possible. Cela permet d\u2019avoir du mat\u00e9riel neuf \u00e0 chaque s\u00e9jour et de changer de mod\u00e8le au gr\u00e9 de vos envies. Au-del\u00e0 des mod\u00e8les, vous pourrez \u00e9galement changer de couleur de tenue par exemple pour mieux \u00eatre assorti \u00e0 vos accessoires.<\/span><\/p><p><span style=\"font-variant-numeric: normal; font-variant-east-asian: normal; font-variant-alternates: normal; white-space-collapse: preserve;\"><span style=\"font-family: 'Arial',sans-serif; color: black;\">Un autre avantage que pr\u00e9sente la location est tout simplement la possibilit\u00e9 d\u2019essayer avant d\u2019acheter. Si vous souhaitez investir dans du mat\u00e9riel de ski pour du plus long terme, vous pouvez choisir la location dans un 1er temps et selon vos constats, opter pour acheter telle ou telle marque par la suite.<\/span><\/span><\/p>\t\t\t\t\t\t\t\t<\/div>\n\t\t\t\t<\/div>\n\t\t\t\t\t<\/div>\n\t\t<\/div>\n\t\t\t\t<div class=\"elementor-column elementor-col-50 elementor-inner-column elementor-element elementor-element-5462a9b7\" data-id=\"5462a9b7\" data-element_type=\"column\" data-e-type=\"column\">\n\t\t\t<div class=\"elementor-widget-wrap elementor-element-populated\">\n\t\t\t\t\t\t<div class=\"elementor-element elementor-element-3465e428 elementor--h-position-center elementor--v-position-middle elementor-arrows-position-inside elementor-widget elementor-widget-slides\" data-id=\"3465e428\" data-element_type=\"widget\" data-e-type=\"widget\" data-settings=\"{&quot;navigation&quot;:&quot;arrows&quot;,&quot;autoplay&quot;:&quot;yes&quot;,&quot;pause_on_hover&quot;:&quot;yes&quot;,&quot;pause_on_interaction&quot;:&quot;yes&quot;,&quot;autoplay_speed&quot;:5000,&quot;infinite&quot;:&quot;yes&quot;,&quot;transition&quot;:&quot;slide&quot;,&quot;transition_speed&quot;:500}\" data-widget_type=\"slides.default\">\n\t\t\t\t<div class=\"elementor-widget-container\">\n\t\t\t\t\t\t\t\t\t<div class=\"elementor-swiper\">\n\t\t\t\t\t<div class=\"elementor-slides-wrapper elementor-main-swiper swiper\" role=\"region\" aria-roledescription=\"carousel\" aria-label=\"Diapositives\" dir=\"ltr\" data-animation=\"fadeInUp\">\n\t\t\t\t<div class=\"swiper-wrapper elementor-slides\">\n\t\t\t\t\t\t\t\t\t\t<div class=\"elementor-repeater-item-3b06448 swiper-slide\" role=\"group\" aria-roledescription=\"slide\"><div class=\"swiper-slide-bg\" role=\"img\" aria-label=\"plan rapproch\u00e9 sur des ski - location 2 alpes\"><\/div><div class=\"swiper-slide-inner\" ><div class=\"swiper-slide-contents\"><\/div><\/div><\/div>\t\t\t\t<\/div>\n\t\t\t\t\t\t\t<\/div>\n\t\t\t\t<\/div>\n\t\t\t\t\t\t\t\t<\/div>\n\t\t\t\t<\/div>\n\t\t\t\t\t<\/div>\n\t\t<\/div>\n\t\t\t\t\t<\/div>\n\t\t<\/section>\n\t\t\t\t\t<\/div>\n\t\t<\/div>\n\t\t\t\t\t<\/div>\n\t\t<\/section>\n\t\t\t\t<section class=\"elementor-section elementor-top-section elementor-element elementor-element-1322372 elementor-section-boxed elementor-section-height-default elementor-section-height-default\" data-id=\"1322372\" data-element_type=\"section\" data-e-type=\"section\">\n\t\t\t\t\t\t<div class=\"elementor-container elementor-column-gap-default\">\n\t\t\t\t\t<div class=\"elementor-column elementor-col-100 elementor-top-column elementor-element elementor-element-1b27f73a\" data-id=\"1b27f73a\" data-element_type=\"column\" data-e-type=\"column\">\n\t\t\t<div class=\"elementor-widget-wrap elementor-element-populated\">\n\t\t\t\t\t\t<section class=\"elementor-section elementor-inner-section elementor-element elementor-element-6bef354f elementor-section-boxed elementor-section-height-default elementor-section-height-default\" data-id=\"6bef354f\" data-element_type=\"section\" data-e-type=\"section\">\n\t\t\t\t\t\t<div class=\"elementor-container elementor-column-gap-default\">\n\t\t\t\t\t<div class=\"elementor-column elementor-col-50 elementor-inner-column elementor-element elementor-element-2b308c1a\" data-id=\"2b308c1a\" data-element_type=\"column\" data-e-type=\"column\">\n\t\t\t<div class=\"elementor-widget-wrap elementor-element-populated\">\n\t\t\t\t\t\t<div class=\"elementor-element elementor-element-21162fe6 elementor--h-position-center elementor--v-position-middle elementor-arrows-position-inside elementor-widget elementor-widget-slides\" data-id=\"21162fe6\" data-element_type=\"widget\" data-e-type=\"widget\" data-settings=\"{&quot;navigation&quot;:&quot;arrows&quot;,&quot;autoplay&quot;:&quot;yes&quot;,&quot;pause_on_hover&quot;:&quot;yes&quot;,&quot;pause_on_interaction&quot;:&quot;yes&quot;,&quot;autoplay_speed&quot;:5000,&quot;infinite&quot;:&quot;yes&quot;,&quot;transition&quot;:&quot;slide&quot;,&quot;transition_speed&quot;:500}\" data-widget_type=\"slides.default\">\n\t\t\t\t<div class=\"elementor-widget-container\">\n\t\t\t\t\t\t\t\t\t<div class=\"elementor-swiper\">\n\t\t\t\t\t<div class=\"elementor-slides-wrapper elementor-main-swiper swiper\" role=\"region\" aria-roledescription=\"carousel\" aria-label=\"Diapositives\" dir=\"ltr\" data-animation=\"fadeInUp\">\n\t\t\t\t<div class=\"swiper-wrapper elementor-slides\">\n\t\t\t\t\t\t\t\t\t\t<div class=\"elementor-repeater-item-acc8828 swiper-slide\" role=\"group\" aria-roledescription=\"slide\"><div class=\"swiper-slide-bg\" role=\"img\" aria-label=\"descente en ski -location ski les deux alpes\"><\/div><div class=\"swiper-slide-inner\" ><div class=\"swiper-slide-contents\"><\/div><\/div><\/div>\t\t\t\t<\/div>\n\t\t\t\t\t\t\t<\/div>\n\t\t\t\t<\/div>\n\t\t\t\t\t\t\t\t<\/div>\n\t\t\t\t<\/div>\n\t\t\t\t\t<\/div>\n\t\t<\/div>\n\t\t\t\t<div class=\"elementor-column elementor-col-50 elementor-inner-column elementor-element elementor-element-3d228b9\" data-id=\"3d228b9\" data-element_type=\"column\" data-e-type=\"column\">\n\t\t\t<div class=\"elementor-widget-wrap elementor-element-populated\">\n\t\t\t\t\t\t<div class=\"elementor-element elementor-element-627d288f elementor-widget-divider--view-line elementor-widget elementor-widget-divider\" data-id=\"627d288f\" data-element_type=\"widget\" data-e-type=\"widget\" data-widget_type=\"divider.default\">\n\t\t\t\t<div class=\"elementor-widget-container\">\n\t\t\t\t\t\t\t<div class=\"elementor-divider\">\n\t\t\t<span class=\"elementor-divider-separator\">\n\t\t\t\t\t\t<\/span>\n\t\t<\/div>\n\t\t\t\t\t\t<\/div>\n\t\t\t\t<\/div>\n\t\t\t\t<div class=\"elementor-element elementor-element-4bdd80d2 elementor-widget elementor-widget-text-editor\" data-id=\"4bdd80d2\" data-element_type=\"widget\" data-e-type=\"widget\" data-widget_type=\"text-editor.default\">\n\t\t\t\t<div class=\"elementor-widget-container\">\n\t\t\t\t\t\t\t\t\t<h2>Location 2 Alpes pour avoir du mat\u00e9riel adapt\u00e9 et \u00eatre conseill\u00e9 par des professionnels<\/h2><p><span style=\"font-family: 'Arial',sans-serif; color: black;\">Le service de location 2 Alpes propos\u00e9 par Aalborg Sports permet aussi, et surtout, d\u2019\u00eatre conseill\u00e9 par des professionnels. Ils sauront vous orienter vers du mat\u00e9riel ad\u00e9quat pour votre pratique, votre niveau et tout autre crit\u00e8re important. Vous b\u00e9n\u00e9ficierez ainsi de mat\u00e9riel et d\u2019\u00e9quipement qui sera parfaitement adapt\u00e9 pour votre s\u00e9jour, la bonne longueur de skis selon votre taille, des chaussures et une combinaison \u00e0 votre taille \u00e9galement. Raquette, snowboard, ski ou pack complet avec ski, tenue et forfait, nous proposons une offre large qui conviendra au plus grand nombre pour vos futurs <a href=\"https:\/\/www.aalborgsports.fr\/location-ski-les-deux-alpes\/\">s\u00e9jours aux 2 Alpes<\/a>.<\/span><\/p><h2>Ne se soucier que de son s\u00e9jour<\/h2><p><span style=\"font-family: 'Arial',sans-serif; color: black;\">Venir aux 2 Alpes et choisir la location, c\u2019est d\u00e9j\u00e0 l\u2019assurance d\u2019\u00eatre tranquille durant ses vacances et d\u2019avoir l\u2019esprit libre sur les pistes et lors de la pr\u00e9paration de son s\u00e9jour. <a href=\"https:\/\/www.aalborgsports.fr\/location-materiel-randonnee-les-2-alpes\/\">Louer son mat\u00e9riel<\/a> comme les skis ou le casque ainsi que sa tenue, c\u2019est avoir l\u2019assurance de rien oublier premi\u00e8rement et donc de partir serein. Un d\u00e9but de vacances r\u00e9ussi et plus repos\u00e9 sans la pression de devoir penser \u00e0 tout pour sa valise !<\/span><\/p><h2>All\u00e9ger sa valise<\/h2><p><span style=\"font-family: 'Arial',sans-serif; color: black;\">Vous venez passer des <a href=\"https:\/\/www.aalborgsports.fr\/acces-contact\/\">vacances au ski en train<\/a> ? Prendre tout son mat\u00e9riel avec soi n\u2019est pas le plus confortable. Les skis ou le snowboard, le casque ainsi que tout le mat\u00e9riel comme les b\u00e2tons, le masque ou les tenues qui prennent beaucoup de place dans ses sacs ou valises, c\u2019est l\u2019assurance d\u2019avoir beaucoup de bagages. Des bagages lourds et volumineux de surcro\u00eet. Choisir la location 2 Alpes plut\u00f4t que de ramener son propre mat\u00e9riel, c\u2019est s\u2019assurer un transport plus tranquille, c\u2019est plus simple et plus rassurant. En voiture aussi, c\u2019est parfois plus simple de louer son mat\u00e9riel sur place, surtout si on n\u2019a pas une grande voiture ou si on a une famille nombreuse et donc qu\u2019on a seulement le coffre de sa voiture pour tout transporter. \u00c0 d\u00e9faut d\u2019opter pour un coffre de toit bien s\u00fbr.<\/span><\/p>\t\t\t\t\t\t\t\t<\/div>\n\t\t\t\t<\/div>\n\t\t\t\t\t<\/div>\n\t\t<\/div>\n\t\t\t\t\t<\/div>\n\t\t<\/section>\n\t\t\t\t\t<\/div>\n\t\t<\/div>\n\t\t\t\t\t<\/div>\n\t\t<\/section>\n\t\t\t\t<\/div>\n\t\t","protected":false},"excerpt":{"rendered":"<p>Aalborg pour votre location 2 Alpes : du mat\u00e9riel de qualit\u00e9 en toute circonstance Pour votre prochain s\u00e9jour \u00e0 la montagne, optez pour la location plut\u00f4t que de ramener votre propre \u00e9quipement. Notre location 2 Alpes pr\u00e9sente bien des avantages et all\u00e8ge aussi bien la valise que les esprits pour des vacances r\u00e9ussies et un [&hellip;]<\/p>\n","protected":false},"author":7,"featured_media":0,"parent":246,"menu_order":0,"comment_status":"closed","ping_status":"closed","template":"","meta":{"inline_featured_image":false,"footnotes":""},"class_list":["post-1773","page","type-page","status-publish","hentry"],"_links":{"self":[{"href":"https:\/\/www.aalborgsports.fr\/it\/wp-json\/wp\/v2\/pages\/1773","targetHints":{"allow":["GET"]}}],"collection":[{"href":"https:\/\/www.aalborgsports.fr\/it\/wp-json\/wp\/v2\/pages"}],"about":[{"href":"https:\/\/www.aalborgsports.fr\/it\/wp-json\/wp\/v2\/types\/page"}],"author":[{"embeddable":true,"href":"https:\/\/www.aalborgsports.fr\/it\/wp-json\/wp\/v2\/users\/7"}],"replies":[{"embeddable":true,"href":"https:\/\/www.aalborgsports.fr\/it\/wp-json\/wp\/v2\/comments?post=1773"}],"version-history":[{"count":23,"href":"https:\/\/www.aalborgsports.fr\/it\/wp-json\/wp\/v2\/pages\/1773\/revisions"}],"predecessor-version":[{"id":1925,"href":"https:\/\/www.aalborgsports.fr\/it\/wp-json\/wp\/v2\/pages\/1773\/revisions\/1925"}],"up":[{"embeddable":true,"href":"https:\/\/www.aalborgsports.fr\/it\/wp-json\/wp\/v2\/pages\/246"}],"wp:attachment":[{"href":"https:\/\/www.aalborgsports.fr\/it\/wp-json\/wp\/v2\/media?parent=1773"}],"curies":[{"name":"wp","href":"https:\/\/api.w.org\/{rel}","templated":true}]}}