{"id":2126,"date":"2023-12-22T09:46:43","date_gmt":"2023-12-22T08:46:43","guid":{"rendered":"https:\/\/www.aalborgsports.fr\/?page_id=2126"},"modified":"2023-12-22T09:51:13","modified_gmt":"2023-12-22T08:51:13","slug":"ski-de-fond-les-2-alpes","status":"publish","type":"page","link":"https:\/\/www.aalborgsports.fr\/it\/location-ski-les-deux-alpes\/ski-de-fond-les-2-alpes\/","title":{"rendered":"Sci di fondo a les 2 alpes"},"content":{"rendered":"\t\t<div data-elementor-type=\"wp-page\" data-elementor-id=\"2126\" class=\"elementor elementor-2126\" data-elementor-post-type=\"page\">\n\t\t\t\t\t\t<section class=\"elementor-section elementor-top-section elementor-element elementor-element-3b56a6c5 elementor-section-height-min-height elementor-hidden-phone elementor-section-boxed elementor-section-height-default elementor-section-items-middle\" data-id=\"3b56a6c5\" data-element_type=\"section\" data-e-type=\"section\" data-settings=\"{&quot;background_background&quot;:&quot;classic&quot;,&quot;background_motion_fx_motion_fx_scrolling&quot;:&quot;yes&quot;,&quot;background_motion_fx_translateY_effect&quot;:&quot;yes&quot;,&quot;background_motion_fx_translateY_speed&quot;:{&quot;unit&quot;:&quot;px&quot;,&quot;size&quot;:5.2,&quot;sizes&quot;:[]},&quot;background_motion_fx_translateY_affectedRange&quot;:{&quot;unit&quot;:&quot;%&quot;,&quot;size&quot;:&quot;&quot;,&quot;sizes&quot;:{&quot;start&quot;:14,&quot;end&quot;:100}},&quot;background_motion_fx_devices&quot;:[&quot;desktop&quot;,&quot;tablet&quot;],&quot;background_motion_fx_range&quot;:&quot;page&quot;}\">\n\t\t\t\t\t\t<div class=\"elementor-container elementor-column-gap-default\">\n\t\t\t\t\t<div class=\"elementor-column elementor-col-100 elementor-top-column elementor-element elementor-element-32ca4c41\" data-id=\"32ca4c41\" data-element_type=\"column\" data-e-type=\"column\">\n\t\t\t<div class=\"elementor-widget-wrap\">\n\t\t\t\t\t\t\t<\/div>\n\t\t<\/div>\n\t\t\t\t\t<\/div>\n\t\t<\/section>\n\t\t\t\t<section class=\"elementor-section elementor-top-section elementor-element elementor-element-1dcb4b37 elementor-section-boxed elementor-section-height-default elementor-section-height-default\" data-id=\"1dcb4b37\" data-element_type=\"section\" data-e-type=\"section\">\n\t\t\t\t\t\t<div class=\"elementor-container elementor-column-gap-default\">\n\t\t\t\t\t<div class=\"elementor-column elementor-col-100 elementor-top-column elementor-element elementor-element-46de6a3e\" data-id=\"46de6a3e\" data-element_type=\"column\" data-e-type=\"column\">\n\t\t\t<div class=\"elementor-widget-wrap elementor-element-populated\">\n\t\t\t\t\t\t<section class=\"elementor-section elementor-inner-section elementor-element elementor-element-55e75307 elementor-reverse-mobile elementor-section-boxed elementor-section-height-default elementor-section-height-default\" data-id=\"55e75307\" data-element_type=\"section\" data-e-type=\"section\">\n\t\t\t\t\t\t<div class=\"elementor-container elementor-column-gap-default\">\n\t\t\t\t\t<div class=\"elementor-column elementor-col-50 elementor-inner-column elementor-element elementor-element-5ebcc8a7\" data-id=\"5ebcc8a7\" data-element_type=\"column\" data-e-type=\"column\">\n\t\t\t<div class=\"elementor-widget-wrap elementor-element-populated\">\n\t\t\t\t\t\t<div class=\"elementor-element elementor-element-46f469fb elementor-widget-divider--view-line elementor-widget elementor-widget-divider\" data-id=\"46f469fb\" data-element_type=\"widget\" data-e-type=\"widget\" data-widget_type=\"divider.default\">\n\t\t\t\t<div class=\"elementor-widget-container\">\n\t\t\t\t\t\t\t<div class=\"elementor-divider\">\n\t\t\t<span class=\"elementor-divider-separator\">\n\t\t\t\t\t\t<\/span>\n\t\t<\/div>\n\t\t\t\t\t\t<\/div>\n\t\t\t\t<\/div>\n\t\t\t\t<div class=\"elementor-element elementor-element-6e56be55 elementor-widget elementor-widget-heading\" data-id=\"6e56be55\" data-element_type=\"widget\" data-e-type=\"widget\" data-widget_type=\"heading.default\">\n\t\t\t\t<div class=\"elementor-widget-container\">\n\t\t\t\t\t<h1 class=\"elementor-heading-title elementor-size-default\">Ski de fond Les 2 Alpes : la boutique Aalborg Sports vous \u00e9quipe<\/h1>\t\t\t\t<\/div>\n\t\t\t\t<\/div>\n\t\t\t\t<div class=\"elementor-element elementor-element-c314444 elementor-widget elementor-widget-text-editor\" data-id=\"c314444\" data-element_type=\"widget\" data-e-type=\"widget\" data-widget_type=\"text-editor.default\">\n\t\t\t\t<div class=\"elementor-widget-container\">\n\t\t\t\t\t\t\t\t\t<p>Parce que l\u2019on peut pratiquer la glisse de bien des mani\u00e8res, Aalborg Sports propose la location d\u2019une large gamme d\u2019\u00e9quipements pour vous accompagner dans votre discipline favorite. Vous souhaitez varier les plaisirs sur les pistes\u00a0? Le ski de fond Les 2 Alpes rime avec fun et balades en immersion totale dans la nature. Rendez-vous chez votre partenaire <a href=\"https:\/\/www.aalborgsports.fr\/\">Aalborg Sports<\/a> pour trouver le mat\u00e9riel qui vous correspond.<\/p><h2><strong>Location de ski de fond Les 2 Alpes avec Aalborg Sports\u00a0<\/strong><\/h2><p>Le magasin de location d\u2019\u00e9quipements de glisse Aalborg Sports vous attend chaque ann\u00e9e pour vous pr\u00e9parer \u00e0 des sorties spectaculaires sur les sentiers enneig\u00e9s. Situ\u00e9e sur les pistes de la station <a href=\"https:\/\/www.aalborgsports.fr\/location-ski-les-deux-alpes\/\">Les 2 Alpes<\/a> pour votre plus grand confort, la boutique est votre alli\u00e9e pour une aventure inoubliable sur les chemins de randonn\u00e9e blanchis par les flocons. Aalborg Sports se distingue par son large choix de mat\u00e9riel. Conciliant qualit\u00e9, technique et fiabilit\u00e9, l\u2019enseigne met \u00e0 votre disposition tout le n\u00e9cessaire pour une pratique optimale du ski de fond Les 2 Alpes dans un cadre grandiose. Des skis aux b\u00e2tons, en passant par le casque pour assurer une s\u00e9curit\u00e9 maximum, les professionnels exp\u00e9riment\u00e9s vous conseillent avec pr\u00e9cision afin de vous constituer la tenue ad\u00e9quate. Les forfaits de location propos\u00e9s par Aalborg Sports s\u2019adaptent \u00e0 tous les niveaux, du d\u00e9butant au pratiquant chevronn\u00e9.\u00a0<\/p><p>Partez les valises et l\u2019esprit l\u00e9gers\u00a0: <a href=\"https:\/\/www.aalborgsports.fr\/location-materiel-location-ski-les-2-alpes\/\">louez votre mat\u00e9riel<\/a> \u00e0 votre arriv\u00e9e directement sur les pistes et profitez au mieux de votre s\u00e9jour \u00e0 la montagne. En fin de journ\u00e9e, lib\u00e9rez-vous de la contrainte du transport en laissant l\u2019\u00e9quipement en consigne. Vous n\u2019aurez plus qu\u2019\u00e0 enfiler vos chaussures de ski toutes chaudes et nettoy\u00e9es pour rejoindre les remont\u00e9es m\u00e9caniques de la station en quelques secondes\u00a0!\u00a0<\/p><div id=\"kurato_extension_modal\">\u00a0<\/div>\t\t\t\t\t\t\t\t<\/div>\n\t\t\t\t<\/div>\n\t\t\t\t\t<\/div>\n\t\t<\/div>\n\t\t\t\t<div class=\"elementor-column elementor-col-50 elementor-inner-column elementor-element elementor-element-5462a9b7\" data-id=\"5462a9b7\" data-element_type=\"column\" data-e-type=\"column\">\n\t\t\t<div class=\"elementor-widget-wrap elementor-element-populated\">\n\t\t\t\t\t\t<div class=\"elementor-element elementor-element-3465e428 elementor--h-position-center elementor--v-position-middle elementor-arrows-position-inside elementor-widget elementor-widget-slides\" data-id=\"3465e428\" data-element_type=\"widget\" data-e-type=\"widget\" data-settings=\"{&quot;navigation&quot;:&quot;arrows&quot;,&quot;autoplay&quot;:&quot;yes&quot;,&quot;pause_on_hover&quot;:&quot;yes&quot;,&quot;pause_on_interaction&quot;:&quot;yes&quot;,&quot;autoplay_speed&quot;:5000,&quot;infinite&quot;:&quot;yes&quot;,&quot;transition&quot;:&quot;slide&quot;,&quot;transition_speed&quot;:500}\" data-widget_type=\"slides.default\">\n\t\t\t\t<div class=\"elementor-widget-container\">\n\t\t\t\t\t\t\t\t\t<div class=\"elementor-swiper\">\n\t\t\t\t\t<div class=\"elementor-slides-wrapper elementor-main-swiper swiper\" role=\"region\" aria-roledescription=\"carousel\" aria-label=\"Diapositive\" dir=\"ltr\" data-animation=\"fadeInUp\">\n\t\t\t\t<div class=\"swiper-wrapper elementor-slides\">\n\t\t\t\t\t\t\t\t\t\t<div class=\"elementor-repeater-item-3b06448 swiper-slide\" role=\"group\" aria-roledescription=\"slide\"><div class=\"swiper-slide-bg\" role=\"img\" aria-label=\"Les Deux Alpes, France - December 30, 2012: Ski resort slopes, skiers, mountain panorama in France, French Alps\"><\/div><div class=\"swiper-slide-inner\" ><div class=\"swiper-slide-contents\"><\/div><\/div><\/div>\t\t\t\t<\/div>\n\t\t\t\t\t\t\t<\/div>\n\t\t\t\t<\/div>\n\t\t\t\t\t\t\t\t<\/div>\n\t\t\t\t<\/div>\n\t\t\t\t\t<\/div>\n\t\t<\/div>\n\t\t\t\t\t<\/div>\n\t\t<\/section>\n\t\t\t\t\t<\/div>\n\t\t<\/div>\n\t\t\t\t\t<\/div>\n\t\t<\/section>\n\t\t\t\t<section class=\"elementor-section elementor-top-section elementor-element elementor-element-1322372 elementor-section-boxed elementor-section-height-default elementor-section-height-default\" data-id=\"1322372\" data-element_type=\"section\" data-e-type=\"section\">\n\t\t\t\t\t\t<div class=\"elementor-container elementor-column-gap-default\">\n\t\t\t\t\t<div class=\"elementor-column elementor-col-100 elementor-top-column elementor-element elementor-element-1b27f73a\" data-id=\"1b27f73a\" data-element_type=\"column\" data-e-type=\"column\">\n\t\t\t<div class=\"elementor-widget-wrap elementor-element-populated\">\n\t\t\t\t\t\t<section class=\"elementor-section elementor-inner-section elementor-element elementor-element-6bef354f elementor-section-boxed elementor-section-height-default elementor-section-height-default\" data-id=\"6bef354f\" data-element_type=\"section\" data-e-type=\"section\">\n\t\t\t\t\t\t<div class=\"elementor-container elementor-column-gap-default\">\n\t\t\t\t\t<div class=\"elementor-column elementor-col-50 elementor-inner-column elementor-element elementor-element-2b308c1a\" data-id=\"2b308c1a\" data-element_type=\"column\" data-e-type=\"column\">\n\t\t\t<div class=\"elementor-widget-wrap elementor-element-populated\">\n\t\t\t\t\t\t<div class=\"elementor-element elementor-element-21162fe6 elementor--h-position-center elementor--v-position-middle elementor-arrows-position-inside elementor-widget elementor-widget-slides\" data-id=\"21162fe6\" data-element_type=\"widget\" data-e-type=\"widget\" data-settings=\"{&quot;navigation&quot;:&quot;arrows&quot;,&quot;autoplay&quot;:&quot;yes&quot;,&quot;pause_on_hover&quot;:&quot;yes&quot;,&quot;pause_on_interaction&quot;:&quot;yes&quot;,&quot;autoplay_speed&quot;:5000,&quot;infinite&quot;:&quot;yes&quot;,&quot;transition&quot;:&quot;slide&quot;,&quot;transition_speed&quot;:500}\" data-widget_type=\"slides.default\">\n\t\t\t\t<div class=\"elementor-widget-container\">\n\t\t\t\t\t\t\t\t\t<div class=\"elementor-swiper\">\n\t\t\t\t\t<div class=\"elementor-slides-wrapper elementor-main-swiper swiper\" role=\"region\" aria-roledescription=\"carousel\" aria-label=\"Diapositive\" dir=\"ltr\" data-animation=\"fadeInUp\">\n\t\t\t\t<div class=\"swiper-wrapper elementor-slides\">\n\t\t\t\t\t\t\t\t\t\t<div class=\"elementor-repeater-item-acc8828 swiper-slide\" role=\"group\" aria-roledescription=\"slide\"><div class=\"swiper-slide-bg\" role=\"img\" aria-label=\"Sportsman at winter landscape\"><\/div><div class=\"swiper-slide-inner\" ><div class=\"swiper-slide-contents\"><\/div><\/div><\/div>\t\t\t\t<\/div>\n\t\t\t\t\t\t\t<\/div>\n\t\t\t\t<\/div>\n\t\t\t\t\t\t\t\t<\/div>\n\t\t\t\t<\/div>\n\t\t\t\t\t<\/div>\n\t\t<\/div>\n\t\t\t\t<div class=\"elementor-column elementor-col-50 elementor-inner-column elementor-element elementor-element-3d228b9\" data-id=\"3d228b9\" data-element_type=\"column\" data-e-type=\"column\">\n\t\t\t<div class=\"elementor-widget-wrap elementor-element-populated\">\n\t\t\t\t\t\t<div class=\"elementor-element elementor-element-627d288f elementor-widget-divider--view-line elementor-widget elementor-widget-divider\" data-id=\"627d288f\" data-element_type=\"widget\" data-e-type=\"widget\" data-widget_type=\"divider.default\">\n\t\t\t\t<div class=\"elementor-widget-container\">\n\t\t\t\t\t\t\t<div class=\"elementor-divider\">\n\t\t\t<span class=\"elementor-divider-separator\">\n\t\t\t\t\t\t<\/span>\n\t\t<\/div>\n\t\t\t\t\t\t<\/div>\n\t\t\t\t<\/div>\n\t\t\t\t<div class=\"elementor-element elementor-element-4bdd80d2 elementor-widget elementor-widget-text-editor\" data-id=\"4bdd80d2\" data-element_type=\"widget\" data-e-type=\"widget\" data-widget_type=\"text-editor.default\">\n\t\t\t\t<div class=\"elementor-widget-container\">\n\t\t\t\t\t\t\t\t\t<h2><strong>La station de ski de fond Les 2 Alpes : un paradis is\u00e9rois \u00e0 d\u00e9couvrir sans plus attendre<\/strong><\/h2><p>La <a href=\"https:\/\/www.aalborgsports.fr\/location-ski-les-deux-alpes\/ski-les-2-alpes\/\">station des 2 Alpes<\/a>, perch\u00e9e sur le massif des \u00c9crins, offre un panorama spectaculaire, propice \u00e0 la pratique du ski de fond en contrebas. Avec ses paysages \u00e0 couper le souffle et ses itin\u00e9raires balis\u00e9s entre vall\u00e9es et for\u00eats, l\u2019Oisans est un v\u00e9ritable paradis pour les amateurs de glisse douce. Depuis votre magasin Aalborg Sports, rejoignez facilement les pistes parfaitement entretenues et doublement trac\u00e9es pour effectuer de belles boucles \u00e0 travers le domaine skiable. Vous renouez avec la tranquillit\u00e9 de la nature et vivez des sensations incomparables dans une atmosph\u00e8re feutr\u00e9e o\u00f9 le calme se fait roi. Et pour profiter pleinement de cette exp\u00e9rience, \u00e9quipez-vous aupr\u00e8s d\u2019un sp\u00e9cialiste tel qu\u2019Aalborg Sports, dont le service de <a href=\"https:\/\/www.aalborgsports.fr\/location-ski-les-deux-alpes\/location-ski\/\">location de mat\u00e9riel<\/a> vous garantit confort et performance.<\/p><p>\u00a0<\/p><p>Lors de votre escapade hivernale d\u00e9di\u00e9e au ski de fond Les 2 Alpes, Aalborg Sports est l\u00e0 pour r\u00e9pondre \u00e0 vos besoins avec expertise. Moins populaire que son cousin, le ski alpin, ce sport promet pourtant de beaux efforts tout en ralentissant le rythme. Dynamique n\u00e9anmoins propice \u00e0 la contemplation, cette discipline est adapt\u00e9e \u00e0 toutes les g\u00e9n\u00e9rations. Conversations, \u00e9changes et moments de partage s\u2019offrent aux randonneurs avant de rentrer au village pour se r\u00e9chauffer autour d\u2019un vin chaud et d\u2019un gratin dauphinois. Faites confiance \u00e0 Aalborg Sports pour trouver un \u00e9quipement de qualit\u00e9 et des conseils avis\u00e9s, et vivez pleinement la magie du ski de fond au c\u0153ur des Alpes fran\u00e7aises.<\/p><div id=\"kurato_extension_modal\">\u00a0<\/div>\t\t\t\t\t\t\t\t<\/div>\n\t\t\t\t<\/div>\n\t\t\t\t\t<\/div>\n\t\t<\/div>\n\t\t\t\t\t<\/div>\n\t\t<\/section>\n\t\t\t\t\t<\/div>\n\t\t<\/div>\n\t\t\t\t\t<\/div>\n\t\t<\/section>\n\t\t\t\t<\/div>\n\t\t","protected":false},"excerpt":{"rendered":"<p>Ski de fond Les 2 Alpes : la boutique Aalborg Sports vous \u00e9quipe Parce que l\u2019on peut pratiquer la glisse de bien des mani\u00e8res, Aalborg Sports propose la location d\u2019une large gamme d\u2019\u00e9quipements pour vous accompagner dans votre discipline favorite. Vous souhaitez varier les plaisirs sur les pistes\u00a0? Le ski de fond Les 2 Alpes [&hellip;]<\/p>\n","protected":false},"author":7,"featured_media":0,"parent":246,"menu_order":0,"comment_status":"closed","ping_status":"closed","template":"","meta":{"inline_featured_image":false,"footnotes":""},"class_list":["post-2126","page","type-page","status-publish","hentry"],"_links":{"self":[{"href":"https:\/\/www.aalborgsports.fr\/it\/wp-json\/wp\/v2\/pages\/2126","targetHints":{"allow":["GET"]}}],"collection":[{"href":"https:\/\/www.aalborgsports.fr\/it\/wp-json\/wp\/v2\/pages"}],"about":[{"href":"https:\/\/www.aalborgsports.fr\/it\/wp-json\/wp\/v2\/types\/page"}],"author":[{"embeddable":true,"href":"https:\/\/www.aalborgsports.fr\/it\/wp-json\/wp\/v2\/users\/7"}],"replies":[{"embeddable":true,"href":"https:\/\/www.aalborgsports.fr\/it\/wp-json\/wp\/v2\/comments?post=2126"}],"version-history":[{"count":4,"href":"https:\/\/www.aalborgsports.fr\/it\/wp-json\/wp\/v2\/pages\/2126\/revisions"}],"predecessor-version":[{"id":2132,"href":"https:\/\/www.aalborgsports.fr\/it\/wp-json\/wp\/v2\/pages\/2126\/revisions\/2132"}],"up":[{"embeddable":true,"href":"https:\/\/www.aalborgsports.fr\/it\/wp-json\/wp\/v2\/pages\/246"}],"wp:attachment":[{"href":"https:\/\/www.aalborgsports.fr\/it\/wp-json\/wp\/v2\/media?parent=2126"}],"curies":[{"name":"wp","href":"https:\/\/api.w.org\/{rel}","templated":true}]}}