{"id":296,"date":"2022-08-16T16:38:13","date_gmt":"2022-08-16T14:38:13","guid":{"rendered":"https:\/\/www.aalborgsports.fr\/mentions-legales\/"},"modified":"2023-06-01T14:14:55","modified_gmt":"2023-06-01T12:14:55","slug":"appoggi","status":"publish","type":"page","link":"https:\/\/www.aalborgsports.fr\/it\/mentions-legales\/","title":{"rendered":"Informazioni legali"},"content":{"rendered":"<div data-elementor-type=\"wp-page\" data-elementor-id=\"296\" class=\"elementor elementor-296\" data-elementor-post-type=\"page\">\n\t\t\t\t\t\t<section class=\"elementor-section elementor-top-section elementor-element elementor-element-6ae40738 elementor-section-boxed elementor-section-height-default elementor-section-height-default\" data-id=\"6ae40738\" data-element_type=\"section\" data-e-type=\"section\">\n\t\t\t\t\t\t<div class=\"elementor-container elementor-column-gap-default\">\n\t\t\t\t\t<div class=\"elementor-column elementor-col-100 elementor-top-column elementor-element elementor-element-4df6590\" data-id=\"4df6590\" data-element_type=\"column\" data-e-type=\"column\">\n\t\t\t<div class=\"elementor-widget-wrap elementor-element-populated\">\n\t\t\t\t\t\t<div class=\"elementor-element elementor-element-4a31cdf2 elementor-widget elementor-widget-heading\" data-id=\"4a31cdf2\" data-element_type=\"widget\" data-e-type=\"widget\" data-widget_type=\"heading.default\">\n\t\t\t\t<div class=\"elementor-widget-container\">\n\t\t\t\t\t<h2 class=\"elementor-heading-title elementor-size-default\">Informazioni legali<\/h2>\t\t\t\t<\/div>\n\t\t\t\t<\/div>\n\t\t\t\t<div class=\"elementor-element elementor-element-69a6437d elementor-widget elementor-widget-text-editor\" data-id=\"69a6437d\" data-element_type=\"widget\" data-e-type=\"widget\" data-widget_type=\"text-editor.default\">\n\t\t\t\t<div class=\"elementor-widget-container\">\n\t\t\t\t\t\t\t\t\t<p><b><b style=\"color: var( --e-global-color-text ); font-size: 1rem;\">Nome della societ\u00e0 operativa : <\/b><\/b><span style=\"color: var( --e-global-color-text ); font-size: 1rem;\">SERVIZI SCIISTICI EURL<\/span><br \/><b style=\"color: var( --e-global-color-text ); font-size: 1rem;\">Indirizzo della sede legale:<\/b> <span style=\"color: var( --e-global-color-text ); font-size: 1rem;\">5 rue de t\u00eate Moute 38860 Mont-de-Lans<\/span><span style=\"color: var( --e-global-color-text ); font-size: 1rem;\"><br \/><\/span><b style=\"color: var( --e-global-color-text ); font-size: 1rem;\">Email : <\/b>reception@aalborg-sports.info<span style=\"color: var( --e-global-color-text ); font-size: 1rem;\"><br \/><\/span><b style=\"color: var( --e-global-color-text ); font-size: 1rem;\">Telefono : <\/b><span style=\"color: var( --e-global-color-text ); font-size: 1rem;\">+ 33 (0)4 76 80 54 11<br \/><\/span><b style=\"color: var( --e-global-color-text ); font-size: 1rem;\">Capitale sociale : <\/b>5000,00<span style=\"color: var( --e-global-color-text ); font-size: 1rem;\">\u00a0\u20ac<br \/><\/span><b style=\"color: var( --e-global-color-text ); font-size: 1rem;\">Numero di identificazione IVA individuale :<\/b>FR91538928987<span style=\"color: var( --e-global-color-text ); font-size: 1rem;\">\u00a0<br \/><\/span><b style=\"color: var( --e-global-color-text ); font-size: 1rem;\">Numero di Siret :<\/b>53892898700014<br \/><strong>Questo sito \u00e8 ospitato da :<\/strong>\u00a0Gruppo Dis al 28, rue des Arts, 59800 Lille (03 20 09 11 68)<span style=\"color: var( --e-global-color-text ); font-size: 1rem;\"><br \/><\/span><b style=\"color: var( --e-global-color-text ); font-size: 1rem;\"><\/b><\/p><h2 style=\"margin-top: 20px; text-align: left;\">Responsabilit\u00e0<\/h2><p>Accedendo a questo sito, l'utente \u00e8 informato che l'uso di Internet richiede il rispetto di una serie di leggi relative in particolare al diritto d'autore e alla legge sulla protezione dei dati. Hotel Aalborg ed ELIOPHOT non possono essere ritenuti responsabili di eventuali errori od omissioni; l'editore si riserva inoltre il diritto di modificare e aggiornare i dati presenti sul sito in qualsiasi momento.<\/p><h2 style=\"margin-top: 20px; text-align: left;\">Copyright<\/h2><p>In applicazione del Codice francese della propriet\u00e0 intellettuale, la riproduzione per uso diverso da quello privato, la vendita, la distribuzione, la pubblicazione, l'adattamento o la comunicazione, parziale o totale, dei dati (presentazione, layout del sito, foto, testi e illustrazioni protetti dal diritto d'autore) sono rigorosamente subordinati alla previa autorizzazione scritta dei titolari dei diritti summenzionati.<\/p><h2 style=\"margin-top: 20px; text-align: left;\">Tecnologia dell'informazione e libert\u00e0 civili<\/h2><p>Ogni utente che abbia fornito direttamente o indirettamente informazioni nominative dispone di un diritto di accesso e di rettifica ai sensi della legge n\u00b0 7817 del 6\/01\/78 (Informatica e Libert\u00e0) presso l'amministratore del sito.<\/p><h2 style=\"margin-top: 20px; text-align: left;\">Protezione dei dati personali<\/h2><h3>Identit\u00e0 del responsabile del trattamento<\/h3><p>Il Sito \u00e8 pubblicato dalla societ\u00e0 che lo gestisce, i cui dati di contatto sono riportati sopra.<br \/>L'accesso al sito web e l'utilizzo dei suoi contenuti sono soggetti alle condizioni di utilizzo descritte di seguito.<\/p><h3>Natura dei dati personali<\/h3><p>Per \"dati personali\" si intendono tutte le informazioni personali che l'utente pu\u00f2 condividere con la societ\u00e0 operativa e che possono consentire alla societ\u00e0 operativa, direttamente o indirettamente, di identificarlo come persona fisica, ad esempio quando visita il sito web, richiede informazioni, prenota una camera e altri servizi.<\/p><h3>I dati personali raccolti<\/h3><p>\u00c8 possibile che vi venga chiesto di fornire i vostri dati personali quando navigate sul sito web della societ\u00e0 operativa.<\/p><p>La natura obbligatoria o facoltativa delle informazioni richieste \u00e8 indicata al momento della raccolta da un asterisco \"*\". Le informazioni richieste contrassegnate da un asterisco sono obbligatorie in quanto essenziali per l'elaborazione delle vostre diverse richieste. Le altre informazioni servono a conoscervi meglio e a migliorare i servizi che vi vengono offerti. \u00c8 quindi facoltativo.<\/p><p>La societ\u00e0 operativa raccoglie ed elabora il vostro nome, cognome, indirizzo e-mail, indirizzo di fatturazione, numero di telefono, indirizzo IP, dati di connessione e navigazione, le vostre preferenze e interessi (camera per non fumatori, camera preferita, tipo di soggiorno, ecc.), le vostre recensioni online.<\/p><h3>Quando vengono raccolti i vostri dati personali?<\/h3><ul><li>L'utente naviga sul sito web (indirizzo IP e cookie) e consulta prodotti o servizi;<\/li><li>L'utente fornisce alla societ\u00e0 operativa le proprie osservazioni\/commenti in determinate sezioni, tramite questionari o moduli di contatto, pagina ufficiale dei social network della societ\u00e0 operativa;<\/li><li>Si invia un'e-mail alla societ\u00e0 di gestione;<\/li><li>L'utente si iscrive alla mailing list della newsletter;<\/li><li>Si condivide una pagina o un'offerta inviando un'e-mail o attraverso un social network;<\/li><li>Rispondete a un questionario di soddisfazione;<\/li><li>Si fa una richiesta di preventivo.<\/li><\/ul><h3>Memorizzazione dei dati<\/h3><p>Le informazioni raccolte vengono memorizzate nei nostri diversi sistemi di prenotazione su database sicuri e certificati SSL.<\/p><p>Questo database comprende: nomi degli ospiti, indirizzi, numeri di telefono, interni, nomi di aziende e dati delle carte di credito. Possiamo anche registrare altre informazioni, come le preferenze per la camera, i pasti, le bevande e altri servizi e la vostra storia con noi.<\/p><h3>Scopo della raccolta dei dati da parte della societ\u00e0 di gestione<\/h3><p>Attraverso il sito web, la societ\u00e0 di gestione raccoglie i dati dell'utente che sono strettamente necessari per le seguenti finalit\u00e0:<\/p><ol><li>Per gestire le vostre richieste di informazioni e prenotazioni, nonch\u00e9 eventuali programmi di fidelizzazione;<\/li><li>Per migliorare e personalizzare i servizi della societ\u00e0 operativa al fine di facilitare la vostra navigazione sul sito web;<\/li><li>Gestire e monitorare l'intera relazione con il cliente;<\/li><li>Gestire la registrazione alle novit\u00e0 e alle offerte promozionali della societ\u00e0 operativa (newsletter);<\/li><li>Gestire tutte le vostre richieste di accesso in conformit\u00e0 alla legislazione vigente;<\/li><li>Gestione delle fatture non pagate e delle controversie;<\/li><li>Per gestire le richieste di candidatura nell'ambito delle offerte di lavoro della societ\u00e0 operativa che hanno attirato la vostra attenzione, o qualsiasi richiesta di candidatura non sollecitata;<\/li><li>Misurare la qualit\u00e0 e la soddisfazione.<\/li><\/ol><p>Se non si forniscono le informazioni richieste, la richiesta non potr\u00e0 essere elaborata.<\/p><h2 style=\"margin-top: 20px; text-align: left;\">Impegni della societ\u00e0 operativa in materia di protezione dei dati personali<\/h2><h3>Trasparenza e finalit\u00e0 :<\/h3><p>Nessun dato personale viene o verr\u00e0 raccolto a vostra insaputa. La natura facoltativa o obbligatoria dei dati da comunicare alla societ\u00e0 di gestione nell'ambito della raccolta effettuata sul sito web vi sar\u00e0 indicata preventivamente, attraverso la presenza del simbolo dell'asterisco \"*\". La societ\u00e0 operativa raccoglie ed elabora i dati personali dell'utente esclusivamente per le finalit\u00e0 descritte nel presente Avviso legale.<\/p><h3>Proporzionalit\u00e0 e rilevanza :<\/h3><p>La societ\u00e0 operativa raccoglie ed elabora solo i dati personali necessari per il corretto trattamento della vostra richiesta o per la personalizzazione dei servizi offerti.<\/p><h3>Tempo di memorizzazione dei dati :<\/h3><p>La societ\u00e0 operativa conserver\u00e0 i dati personali dell'utente solo per il tempo necessario all'elaborazione in conformit\u00e0 alle leggi vigenti.<\/p><h3>Sicurezza e privacy :<\/h3><p>La societ\u00e0 operativa si impegna ad adottare le misure necessarie per garantire la riservatezza dei dati e a non divulgarli a terzi non autorizzati.<\/p><p>Possiamo divulgare i vostri dati personali alle autorit\u00e0 locali se richiesto dalla legge o nel corso di un'indagine e in conformit\u00e0 con le normative locali.<\/p><p>Come per la maggior parte dei siti web, alcune informazioni vengono registrate automaticamente tramite un protocollo. Queste informazioni comprendono gli indirizzi di protocollo (indirizzo IP), il tipo di browser utilizzato, il provider di servizi Internet, le pagine di riferimento e finali, il sistema operativo, la data, l'ora e i dati clickstream.<\/p><p>I cookie non registrano le informazioni fornite dagli utenti durante una prenotazione online o la registrazione di un account cliente. I cookie identificano il browser e non l'utente e non possono da soli rivelare la sua identit\u00e0.<\/p><h3>Rispetto dei vostri diritti :<\/h3><p>Siete informati dei vostri diritti di interrogazione, accesso, rettifica e opposizione per motivi legittimi, nonch\u00e9 del vostro diritto di opporvi alla prospezione commerciale conformemente alle disposizioni della legge n\u00b078-17 del 6 gennaio 1978.<\/p><h3>Diritti di accesso, rettifica e opposizione :<\/h3><p>Conformemente alla legge n\u00b0 78-17 del 6 gennaio 1978, relativa al trattamento dei dati, degli archivi e delle libert\u00e0, beneficiate, su semplice richiesta scritta, di un diritto di accesso e di rettifica sulle informazioni che vi riguardano.<br \/>Potete anche, per motivi legittimi, opporvi al trattamento dei vostri dati.<\/p><p>Per esercitare uno qualsiasi di questi diritti e ottenere informazioni sull'utente, \u00e8 sufficiente contattare la societ\u00e0 operativa i cui dati di contatto sono disponibili all'inizio del presente Avviso legale.<\/p><h2 style=\"margin-top: 20px; text-align: left;\">Biscotti<\/h2><p>Durante la consultazione del sito, alcune informazioni relative alla navigazione del vostro terminale possono essere registrate in file denominati \"Cookies\" installati sul vostro terminale, nel rispetto delle scelte da voi espresse in materia di cookies e che potrete modificare in qualsiasi momento.<\/p><p>Un cookie \u00e8 un piccolo file di testo salvato in uno spazio dedicato sul disco rigido del vostro terminale quando consultate un servizio online utilizzando il vostro browser. Consente all'emittente di identificare il terminale in cui \u00e8 memorizzato, durante il periodo di validit\u00e0 o di conservazione del cookie.<\/p><p>I cookie rilasciati dalla societ\u00e0 operativa vengono utilizzati per le finalit\u00e0 descritte di seguito, per la durata di validit\u00e0 del cookie in questione, in base alle scelte dell'utente derivanti dai parametri del software del browser utilizzato durante la visita al sito web, le cui impostazioni possono essere modificate in qualsiasi momento.<\/p><p>I cookie di aziende partner (cookie di terze parti) possono essere inseriti nel vostro computer attraverso le pagine del sito web<\/p><p>Solo il mittente di un cookie pu\u00f2 leggere o modificare le informazioni in esso contenute.<\/p><p>Sul sito web vengono utilizzati diversi tipi di cookie per scopi diversi. Alcuni sono necessari per l'utilizzo del sito web.<\/p><h3>Cookie analitici<\/h3><p>Questi sono i cookie che permettono alla societ\u00e0 operativa :<\/p><ul><li>generare statistiche e i vari elementi che compongono il sito (sezioni e contenuti visitati, percorso) al fine di migliorare l'esperienza di navigazione offerta;<\/li><li>per contare il numero totale di annunci pubblicitari da lui visualizzati sui suoi spazi pubblicitari, per identificare tali annunci, il numero di volte in cui vengono visualizzati, il numero di clic e le informazioni di navigazione.<\/li><\/ul><p style=\"margin-left: 3.3pt;\"><u>Esempio di cookie analitici<\/u><\/p><ul><li>Analytics: registrazione dei dati di navigazione<\/li><li>utm Analytics: registrazione dei dati di navigazione<\/li><li>Campagna: registrazione dei dati di navigazione delle campagne pubblicitarie<\/li><\/ul><h3>Cookie e plug-in dei social network (pulsanti sociali)<\/h3><p>La societ\u00e0 di gestione pu\u00f2 includere nel sito web strumenti per la condivisione di contenuti con altre persone o per far conoscere a queste altre persone la vostra consultazione o la vostra opinione sui contenuti del nostro sito web. Questo vale in particolare per i pulsanti \"Condividi\" e \"Mi piace\" dei social network come Facebook, Twitter, ecc.<\/p><p>La societ\u00e0 operativa non ha alcun controllo sul processo di raccolta delle informazioni utilizzato dai seguenti social network:<\/p><ul><li>Facebook Connect: accedere utilizzando il proprio account Facebook;<\/li><li>Facebook Social Graph: condivisione della pagina su Facebook;<\/li><li>Pinterest: condivisione della pagina su Pinterest;<\/li><li>Linkedin: condivisione della pagina su Linkedin;<\/li><li>Instagram: condivisione della pagina su Instagram.<\/li><\/ul><h3>Cookie e identificatori di macchina per transazioni sicure<\/h3><p>Vi informiamo che durante il vostro ordine, la societ\u00e0 di gestione, o i suoi fornitori di servizi che agiscono per suo conto, possono inserire cookie o raccogliere informazioni relative al vostro terminale, in particolare le informazioni (attributi tecnici di sicurezza) necessarie per il riconoscimento dell'apparecchiatura (computer, tablet o telefono cellulare) al fine di identificare la vostra apparecchiatura per garantire le transazioni nel vostro interesse.<\/p><h3>Cookie pubblicitari<\/h3><p>I contenuti pubblicitari (grafici, animazioni, video, ecc.) visualizzati negli spazi pubblicitari della societ\u00e0 operativa possono contenere cookie emessi da terzi che possono consentire, durante il periodo di validit\u00e0 dei cookie, di contare i clic, ma anche di offrirvi gli annunci pubblicitari pi\u00f9 adatti in base al vostro comportamento di navigazione, ai vostri interessi e alle vostre preferenze.<\/p><p>Il rifiuto dei cookie pubblicitari non ha alcun impatto sull'uso del sito e non interrompe la pubblicit\u00e0 sul sito o su Internet. Ci\u00f2 comporter\u00e0 solo la visualizzazione di pubblicit\u00e0 che non tiene conto dei vostri interessi o preferenze.<\/p><p>Questi cookie dipendono principalmente dalle agenzie pubblicitarie. Non possiamo elencarli in modo esaustivo:<\/p><ul><li>AdWords: acquisto di parole chiave sponsorizzate visualizzate su Google<\/li><li>Pubblico personalizzato di Facebook<\/li><li>pubblicit\u00e0 mirata: registrazione del percorso di navigazione<\/li><\/ul><h3>Pubblicit\u00e0 mirata<\/h3><p>Il sito pu\u00f2 contenere cookie rilasciati da terzi (agenzie e strumenti pubblicitari) e consentire a questi ultimi, durante il periodo di validit\u00e0 del cookie, di raccogliere i dati di navigazione relativi ai dispositivi che si collegano ai nostri siti, ma anche di proporvi contenuti pubblicitari suscettibili di corrispondere alla vostra precedente navigazione sul sito.<\/p><p>In nessun caso questa raccolta di dati consente a questi fornitori di servizi di identificarvi personalmente. Il nome, il cognome, il nome utente, l'indirizzo postale, l'indirizzo e-mail e la password dell'utente non vengono comunicati a terzi senza il suo preventivo ed esplicito consenso.<\/p><h3>Le vostre scelte in materia di cookie<\/h3><p>L'utente ha a disposizione diverse opzioni per la gestione dei cookie. Le impostazioni effettuate possono influire sulla vostra capacit\u00e0 di navigare in Internet e di accedere a determinati servizi che richiedono l'uso di cookie.<\/p><h3>Le scelte disponibili attraverso il browser<\/h3><p>\u00c8 possibile personalizzare il proprio browser Internet (Google Chrome, Internet Explorer, Mozilla Firefox ecc.) in modo che i cookie vengano memorizzati sul proprio terminale o rifiutati.<\/p><h3>Rifiuto dei cookie<\/h3><p>Se rifiutate di accettare i cookie, alcune funzioni, come l'identificazione\/collegamento al vostro spazio personale, la personalizzazione della vostra navigazione (scelta della lingua preferita, ad esempio) non saranno pi\u00f9 disponibili.<\/p><p>La societ\u00e0 operativa declina ogni responsabilit\u00e0 per le conseguenze di un funzionamento degradato dei suoi servizi e delle sue funzionalit\u00e0 a causa del rifiuto del cookie.<\/p><h3>Come esercitate le vostre scelte, a seconda del browser che utilizzate?<\/h3><p>Ogni browser ha una configurazione diversa per la gestione dei cookie e delle scelte dell'utente. Ci\u00f2 \u00e8 descritto nel menu di aiuto del vostro browser, che vi indicher\u00e0 come modificare le vostre preferenze sui cookie.<\/p><p><u>Per Internet Explorer\u2122 :<\/u><\/p><p><a href=\"https:\/\/support.microsoft.com\/fr-fr\/help\/17442\/windows-internet-explorer-delete-manage-cookies\" target=\"_blank\" rel=\"noopener nofollow\">https:\/\/support.microsoft.com\/fr-fr\/help\/17442\/windows-internet-explorer-delete-manage-cookies<\/a><br \/>o<\/p><p>In Internet Explorer, fare clic sul pulsante Strumenti, quindi su Opzioni Internet. Nella scheda Generale, alla voce Cronologia di navigazione, fare clic su Impostazioni. Fare clic sul pulsante Mostra file. Fare clic sull'intestazione della colonna Nome per ordinare tutti i file in ordine alfabetico, quindi scorrere l'elenco fino a visualizzare i file che iniziano con il prefisso \"Cookie\" (tutti i cookie hanno questo prefisso e di solito contengono il nome del sito web che ha creato il cookie). Selezionate i cookie contenenti il nome della societ\u00e0 operativa e cancellateli. Chiudere la finestra contenente l'elenco dei file e fare doppio clic su OK per tornare a Internet Explorer.<\/p><p><u>Per Safari\u2122:<\/u><\/p><p><a href=\"https:\/\/support.apple.com\/fr-fr\/guide\/safari\/sfri11471\/mac\" target=\"_blank\" rel=\"noopener nofollow\">https:\/\/support.apple.com\/fr-fr\/guide\/safari\/sfri11471\/mac<\/a><br \/>Oppure<br \/>Nel browser, scegliere Modifica &gt; Preferenze. Fare clic su Sicurezza. Fare clic su Mostra cookie. Selezionate i cookie che contengono il nome della societ\u00e0 operativa e fate clic su Elimina o Elimina tutto. Dopo aver eliminato i cookie, fare clic su Fine.<\/p><p><u>Per Chrome\u2122:<\/u><\/p><p><a href=\"https:\/\/support.google.com\/chrome\/bin\/answer.py?hl=fr&amp;hlrm=en&amp;answer=95647\" target=\"_blank\" rel=\"noopener nofollow\"><em>https:\/\/support.google.com\/chrome\/bin\/answer.py?hl=fr&amp;hlrm=en&amp;answer=95647<\/em><\/a><br \/>Oppure<br \/>Aprire Google Chrome. Nella barra degli strumenti del browser, fare clic su Altro. Spostate il cursore su Altri strumenti e fate clic su Cancella dati di navigazione. Nella finestra Cancella dati di navigazione, selezionare le caselle di controllo Cookie e dati di altri siti o plug-in e Immagini e file memorizzati nella cache. Utilizzare il menu in alto per selezionare la quantit\u00e0 di dati che si desidera eliminare. Selezionare Da inizio per eliminare tutto. Fare clic su Cancella dati di navigazione.<\/p><p><u>Per Firefox\u2122:<\/u><\/p><p><a href=\"https:\/\/support.mozilla.org\/fr\/kb\/Activer%20et%20d%C3%A9sactiver%20les%20cookies\" target=\"_blank\" rel=\"noopener nofollow\"><em>https:\/\/support.mozilla.org\/fr\/kb\/Activer%20et%20d%C3%A9sactiver%20les%20cookies<\/em><\/a><br \/>Oppure<br \/>Accedere alla scheda \"Strumenti\" del browser e selezionare il menu \"Opzioni\". Nella finestra che appare, scegliete \"Privacy\" e fate clic su \"Elimina cookie specifici\". Individuare i file che contengono il nome della societ\u00e0 operativa. Selezionarli ed eliminarli.<\/p><h3>Per ulteriori informazioni sui cookie<\/h3><p>La societ\u00e0 operativa invita a consultare il sito web della CNIL al seguente indirizzo\u00a0<a href=\"https:\/\/www.cnil.fr\/fr\/cookies-les-outils-pour-les-maitriser\" target=\"_blank\" rel=\"noopener nofollow\"><em>https:\/\/www.cnil.fr\/fr\/cookies-les-outils-pour-les-maitriser<\/em><\/a><\/p><h3>Rinvio all'Ombudsman dei consumatori<\/h3><p>Ai sensi degli articoli L. 616-1 e R. 111-1 6\u00b0 del Codice del consumo, il cliente ha il diritto di rivolgersi all'Ombudsman del turismo e dei viaggi, i cui recapiti sono attualmente i seguenti<br \/>Mediatore turistico e di viaggio,<br \/>MTV Mediazione Turismo Viaggi<br \/>BP 80 303<br \/>75823 Parigi Cedex 17<\/p>\t\t\t\t\t\t\t\t<\/div>\n\t\t\t\t<\/div>\n\t\t\t\t\t<\/div>\n\t\t<\/div>\n\t\t\t\t\t<\/div>\n\t\t<\/section>\n\t\t\t\t<\/div>","protected":false},"excerpt":{"rendered":"<p>Mentions l\u00e9gales Raison sociale de la soci\u00e9t\u00e9 exploitante : EURL SKI SERVICESAdresse du si\u00e8ge social: 5 rue de t\u00eate Moute 38860 Mont-de-LansEmail : reception@aalborg-sports.infoT\u00e9l\u00e9phone : + 33 (0)4 76 80 54 11Capital social : 5000,00\u00a0\u20acNum\u00e9ro individuel d&rsquo;identification de TVA :FR91538928987\u00a0Num\u00e9ro de Siret :53892898700014Ce site est h\u00e9berg\u00e9 par :\u00a0Group Dis au 28, rue des Arts, 59800 [&hellip;]<\/p>\n","protected":false},"author":5,"featured_media":0,"parent":0,"menu_order":0,"comment_status":"closed","ping_status":"closed","template":"","meta":{"inline_featured_image":false,"footnotes":""},"class_list":["post-296","page","type-page","status-publish","hentry"],"_links":{"self":[{"href":"https:\/\/www.aalborgsports.fr\/it\/wp-json\/wp\/v2\/pages\/296","targetHints":{"allow":["GET"]}}],"collection":[{"href":"https:\/\/www.aalborgsports.fr\/it\/wp-json\/wp\/v2\/pages"}],"about":[{"href":"https:\/\/www.aalborgsports.fr\/it\/wp-json\/wp\/v2\/types\/page"}],"author":[{"embeddable":true,"href":"https:\/\/www.aalborgsports.fr\/it\/wp-json\/wp\/v2\/users\/5"}],"replies":[{"embeddable":true,"href":"https:\/\/www.aalborgsports.fr\/it\/wp-json\/wp\/v2\/comments?post=296"}],"version-history":[{"count":21,"href":"https:\/\/www.aalborgsports.fr\/it\/wp-json\/wp\/v2\/pages\/296\/revisions"}],"predecessor-version":[{"id":1749,"href":"https:\/\/www.aalborgsports.fr\/it\/wp-json\/wp\/v2\/pages\/296\/revisions\/1749"}],"wp:attachment":[{"href":"https:\/\/www.aalborgsports.fr\/it\/wp-json\/wp\/v2\/media?parent=296"}],"curies":[{"name":"wp","href":"https:\/\/api.w.org\/{rel}","templated":true}]}}